{"id":3855,"date":"2022-05-06T07:47:07","date_gmt":"2022-05-06T07:47:07","guid":{"rendered":"https:\/\/castelodesaojorge.pt\/castle\/national-monument\/"},"modified":"2023-02-03T17:25:08","modified_gmt":"2023-02-03T17:25:08","slug":"national-monument","status":"publish","type":"page","link":"https:\/\/castelodesaojorge.pt\/en\/castle\/national-monument\/","title":{"rendered":"National Monument"},"content":{"rendered":"\n<p>The complex known as <em>Lisbon Castle and City Walls<\/em> is classified as a National Monument by Decree of 16 June 1910.<\/p>\n\n\n\n<p>The monument belongs to the Portuguese State and was given to the Lisbon Municipal Council on a provisional basis on 13 September 1934 and then permanently on 31 May 1942.<\/p>\n\n\n\n<p>On 8 June 1979, the Reformulation of the Conditions for the Assignment of the Castelo de S\u00e3o Jorge was published and in October 1995 the Lisbon Municipal Assembly entrusted the Castelo de S\u00e3o Jorge to EBAHL (Equipamentos dos Bairros Hist\u00f3ricos de Lisboa E.M.) which was succeeded, in 2003, by EGEAC (Empresa de Gest\u00e3o de Equipamentos e Anima\u00e7\u00e3o Cultural E.M.). <\/p>\n\n\n\n<p>The monument consists of the Castle, the ruins of the Pa\u00e7o da Alc\u00e1\u00e7ova (Palace of the Citadel), the Place-of-Arms, a wide panoramic viewpoint over the city, an archaeological centre, gardens and a series of walls.<\/p>\n\n\n\n<p>The monument occupies an area of around 4 hectares and is delimited by a large ring of walls that correspond, in part, to the limits of the old Lisbon citadel.<\/p>\n\n\n\n<figure class=\"wp-block-image size-full\"><img loading=\"lazy\" decoding=\"async\" width=\"754\" height=\"800\" src=\"https:\/\/castelodesaojorge.pt\/wp-content\/uploads\/2022\/07\/MAPA-CASTELO-E-AREA-DE-PROTECAO-final-altura800px_Prancheta-1.jpg\" alt=\"Map of the special protection zone around the Castelo de S\u00e3o Jorge.\" class=\"wp-image-2025\" srcset=\"https:\/\/castelodesaojorge.pt\/wp-content\/uploads\/2022\/07\/MAPA-CASTELO-E-AREA-DE-PROTECAO-final-altura800px_Prancheta-1.jpg 754w, https:\/\/castelodesaojorge.pt\/wp-content\/uploads\/2022\/07\/MAPA-CASTELO-E-AREA-DE-PROTECAO-final-altura800px_Prancheta-1-283x300.jpg 283w\" sizes=\"auto, (max-width: 754px) 100vw, 754px\" \/><figcaption class=\"wp-element-caption\">National Monument (in red) and special area of protection (in light blue), which it shares with around 42 national monuments and properties of public interest (in dark blue). Other classified monuments in blue. In blue other classified monuments.<\/figcaption><\/figure>\n","protected":false},"excerpt":{"rendered":"<p>The complex known as Lisbon Castle and City Walls is classified as a National Monument by Decree of 16 June 1910. The monument belongs to the Portuguese State and was given to the Lisbon Municipal Council on a provisional basis on 13 September 1934 and then permanently on 31 May 1942. On 8 June 1979, [&hellip;]<\/p>\n","protected":false},"author":1,"featured_media":1594,"parent":3853,"menu_order":1,"comment_status":"closed","ping_status":"closed","template":"","meta":{"advgb_blocks_editor_width":"","advgb_blocks_columns_visual_guide":"","footnotes":""},"class_list":["post-3855","page","type-page","status-publish","has-post-thumbnail","hentry"],"acf":[],"yoast_head":"<!-- This site is optimized with the Yoast SEO plugin v27.4 - https:\/\/yoast.com\/product\/yoast-seo-wordpress\/ -->\n<title>National Monument - Castelo de S\u00e3o Jorge<\/title>\n<meta name=\"robots\" content=\"index, follow, max-snippet:-1, max-image-preview:large, max-video-preview:-1\" \/>\n<link rel=\"canonical\" href=\"https:\/\/castelodesaojorge.pt\/en\/castle\/national-monument\/\" \/>\n<meta property=\"og:locale\" content=\"en_US\" \/>\n<meta property=\"og:type\" content=\"article\" \/>\n<meta property=\"og:title\" content=\"National Monument - Castelo de S\u00e3o Jorge\" \/>\n<meta property=\"og:description\" content=\"The complex known as Lisbon Castle and City Walls is classified as a National Monument by Decree of 16 June 1910. The monument belongs to the Portuguese State and was given to the Lisbon Municipal Council on a provisional basis on 13 September 1934 and then permanently on 31 May 1942. On 8 June 1979, [&hellip;]\" \/>\n<meta property=\"og:url\" content=\"https:\/\/castelodesaojorge.pt\/en\/castle\/national-monument\/\" \/>\n<meta property=\"og:site_name\" content=\"Castelo de S\u00e3o Jorge\" \/>\n<meta property=\"article:publisher\" content=\"https:\/\/www.facebook.com\/castelodesaojorge\" \/>\n<meta property=\"article:modified_time\" content=\"2023-02-03T17:25:08+00:00\" \/>\n<meta property=\"og:image\" content=\"https:\/\/castelodesaojorge.pt\/wp-content\/uploads\/2022\/05\/o-monumento-nacional.jpg\" \/>\n\t<meta property=\"og:image:width\" content=\"1920\" \/>\n\t<meta property=\"og:image:height\" content=\"982\" \/>\n\t<meta property=\"og:image:type\" content=\"image\/jpeg\" \/>\n<meta name=\"twitter:card\" content=\"summary_large_image\" \/>\n<meta name=\"twitter:label1\" content=\"Est. reading time\" \/>\n\t<meta name=\"twitter:data1\" content=\"1 minute\" \/>\n<script type=\"application\/ld+json\" class=\"yoast-schema-graph\">{\"@context\":\"https:\\\/\\\/schema.org\",\"@graph\":[{\"@type\":\"WebPage\",\"@id\":\"https:\\\/\\\/castelodesaojorge.pt\\\/en\\\/castle\\\/national-monument\\\/\",\"url\":\"https:\\\/\\\/castelodesaojorge.pt\\\/en\\\/castle\\\/national-monument\\\/\",\"name\":\"National Monument - Castelo de S\u00e3o Jorge\",\"isPartOf\":{\"@id\":\"https:\\\/\\\/castelodesaojorge.pt\\\/#website\"},\"primaryImageOfPage\":{\"@id\":\"https:\\\/\\\/castelodesaojorge.pt\\\/en\\\/castle\\\/national-monument\\\/#primaryimage\"},\"image\":{\"@id\":\"https:\\\/\\\/castelodesaojorge.pt\\\/en\\\/castle\\\/national-monument\\\/#primaryimage\"},\"thumbnailUrl\":\"https:\\\/\\\/castelodesaojorge.pt\\\/wp-content\\\/uploads\\\/2022\\\/05\\\/o-monumento-nacional.jpg\",\"datePublished\":\"2022-05-06T07:47:07+00:00\",\"dateModified\":\"2023-02-03T17:25:08+00:00\",\"breadcrumb\":{\"@id\":\"https:\\\/\\\/castelodesaojorge.pt\\\/en\\\/castle\\\/national-monument\\\/#breadcrumb\"},\"inLanguage\":\"en-US\",\"potentialAction\":[{\"@type\":\"ReadAction\",\"target\":[\"https:\\\/\\\/castelodesaojorge.pt\\\/en\\\/castle\\\/national-monument\\\/\"]}]},{\"@type\":\"ImageObject\",\"inLanguage\":\"en-US\",\"@id\":\"https:\\\/\\\/castelodesaojorge.pt\\\/en\\\/castle\\\/national-monument\\\/#primaryimage\",\"url\":\"https:\\\/\\\/castelodesaojorge.pt\\\/wp-content\\\/uploads\\\/2022\\\/05\\\/o-monumento-nacional.jpg\",\"contentUrl\":\"https:\\\/\\\/castelodesaojorge.pt\\\/wp-content\\\/uploads\\\/2022\\\/05\\\/o-monumento-nacional.jpg\",\"width\":1920,\"height\":982,\"caption\":\"\u00a9 Kenton Thatcher\"},{\"@type\":\"BreadcrumbList\",\"@id\":\"https:\\\/\\\/castelodesaojorge.pt\\\/en\\\/castle\\\/national-monument\\\/#breadcrumb\",\"itemListElement\":[{\"@type\":\"ListItem\",\"position\":1,\"name\":\"In\u00edcio\",\"item\":\"https:\\\/\\\/castelodesaojorge.pt\\\/\"},{\"@type\":\"ListItem\",\"position\":2,\"name\":\"Castle\",\"item\":\"https:\\\/\\\/castelodesaojorge.pt\\\/en\\\/castle\\\/\"},{\"@type\":\"ListItem\",\"position\":3,\"name\":\"National Monument\"}]},{\"@type\":\"WebSite\",\"@id\":\"https:\\\/\\\/castelodesaojorge.pt\\\/#website\",\"url\":\"https:\\\/\\\/castelodesaojorge.pt\\\/\",\"name\":\"Castelo de S\u00e3o Jorge\",\"description\":\"\",\"publisher\":{\"@id\":\"https:\\\/\\\/castelodesaojorge.pt\\\/#organization\"},\"potentialAction\":[{\"@type\":\"SearchAction\",\"target\":{\"@type\":\"EntryPoint\",\"urlTemplate\":\"https:\\\/\\\/castelodesaojorge.pt\\\/?s={search_term_string}\"},\"query-input\":{\"@type\":\"PropertyValueSpecification\",\"valueRequired\":true,\"valueName\":\"search_term_string\"}}],\"inLanguage\":\"en-US\"},{\"@type\":\"Organization\",\"@id\":\"https:\\\/\\\/castelodesaojorge.pt\\\/#organization\",\"name\":\"Castelo de S\u00e3o Jorge\",\"url\":\"https:\\\/\\\/castelodesaojorge.pt\\\/\",\"logo\":{\"@type\":\"ImageObject\",\"inLanguage\":\"en-US\",\"@id\":\"https:\\\/\\\/castelodesaojorge.pt\\\/#\\\/schema\\\/logo\\\/image\\\/\",\"url\":\"https:\\\/\\\/castelodesaojorge.pt\\\/wp-content\\\/uploads\\\/2022\\\/07\\\/brancalogomarca_comp.png\",\"contentUrl\":\"https:\\\/\\\/castelodesaojorge.pt\\\/wp-content\\\/uploads\\\/2022\\\/07\\\/brancalogomarca_comp.png\",\"width\":295,\"height\":80,\"caption\":\"Castelo de S\u00e3o Jorge\"},\"image\":{\"@id\":\"https:\\\/\\\/castelodesaojorge.pt\\\/#\\\/schema\\\/logo\\\/image\\\/\"},\"sameAs\":[\"https:\\\/\\\/www.facebook.com\\\/castelodesaojorge\",\"https:\\\/\\\/www.instagram.com\\\/castelodesjorge\\\/\"]}]}<\/script>\n<!-- \/ Yoast SEO plugin. -->","yoast_head_json":{"title":"National Monument - Castelo de S\u00e3o Jorge","robots":{"index":"index","follow":"follow","max-snippet":"max-snippet:-1","max-image-preview":"max-image-preview:large","max-video-preview":"max-video-preview:-1"},"canonical":"https:\/\/castelodesaojorge.pt\/en\/castle\/national-monument\/","og_locale":"en_US","og_type":"article","og_title":"National Monument - Castelo de S\u00e3o Jorge","og_description":"The complex known as Lisbon Castle and City Walls is classified as a National Monument by Decree of 16 June 1910. The monument belongs to the Portuguese State and was given to the Lisbon Municipal Council on a provisional basis on 13 September 1934 and then permanently on 31 May 1942. On 8 June 1979, [&hellip;]","og_url":"https:\/\/castelodesaojorge.pt\/en\/castle\/national-monument\/","og_site_name":"Castelo de S\u00e3o Jorge","article_publisher":"https:\/\/www.facebook.com\/castelodesaojorge","article_modified_time":"2023-02-03T17:25:08+00:00","og_image":[{"width":1920,"height":982,"url":"https:\/\/castelodesaojorge.pt\/wp-content\/uploads\/2022\/05\/o-monumento-nacional.jpg","type":"image\/jpeg"}],"twitter_card":"summary_large_image","twitter_misc":{"Est. reading time":"1 minute"},"schema":{"@context":"https:\/\/schema.org","@graph":[{"@type":"WebPage","@id":"https:\/\/castelodesaojorge.pt\/en\/castle\/national-monument\/","url":"https:\/\/castelodesaojorge.pt\/en\/castle\/national-monument\/","name":"National Monument - Castelo de S\u00e3o Jorge","isPartOf":{"@id":"https:\/\/castelodesaojorge.pt\/#website"},"primaryImageOfPage":{"@id":"https:\/\/castelodesaojorge.pt\/en\/castle\/national-monument\/#primaryimage"},"image":{"@id":"https:\/\/castelodesaojorge.pt\/en\/castle\/national-monument\/#primaryimage"},"thumbnailUrl":"https:\/\/castelodesaojorge.pt\/wp-content\/uploads\/2022\/05\/o-monumento-nacional.jpg","datePublished":"2022-05-06T07:47:07+00:00","dateModified":"2023-02-03T17:25:08+00:00","breadcrumb":{"@id":"https:\/\/castelodesaojorge.pt\/en\/castle\/national-monument\/#breadcrumb"},"inLanguage":"en-US","potentialAction":[{"@type":"ReadAction","target":["https:\/\/castelodesaojorge.pt\/en\/castle\/national-monument\/"]}]},{"@type":"ImageObject","inLanguage":"en-US","@id":"https:\/\/castelodesaojorge.pt\/en\/castle\/national-monument\/#primaryimage","url":"https:\/\/castelodesaojorge.pt\/wp-content\/uploads\/2022\/05\/o-monumento-nacional.jpg","contentUrl":"https:\/\/castelodesaojorge.pt\/wp-content\/uploads\/2022\/05\/o-monumento-nacional.jpg","width":1920,"height":982,"caption":"\u00a9 Kenton Thatcher"},{"@type":"BreadcrumbList","@id":"https:\/\/castelodesaojorge.pt\/en\/castle\/national-monument\/#breadcrumb","itemListElement":[{"@type":"ListItem","position":1,"name":"In\u00edcio","item":"https:\/\/castelodesaojorge.pt\/"},{"@type":"ListItem","position":2,"name":"Castle","item":"https:\/\/castelodesaojorge.pt\/en\/castle\/"},{"@type":"ListItem","position":3,"name":"National Monument"}]},{"@type":"WebSite","@id":"https:\/\/castelodesaojorge.pt\/#website","url":"https:\/\/castelodesaojorge.pt\/","name":"Castelo de S\u00e3o Jorge","description":"","publisher":{"@id":"https:\/\/castelodesaojorge.pt\/#organization"},"potentialAction":[{"@type":"SearchAction","target":{"@type":"EntryPoint","urlTemplate":"https:\/\/castelodesaojorge.pt\/?s={search_term_string}"},"query-input":{"@type":"PropertyValueSpecification","valueRequired":true,"valueName":"search_term_string"}}],"inLanguage":"en-US"},{"@type":"Organization","@id":"https:\/\/castelodesaojorge.pt\/#organization","name":"Castelo de S\u00e3o Jorge","url":"https:\/\/castelodesaojorge.pt\/","logo":{"@type":"ImageObject","inLanguage":"en-US","@id":"https:\/\/castelodesaojorge.pt\/#\/schema\/logo\/image\/","url":"https:\/\/castelodesaojorge.pt\/wp-content\/uploads\/2022\/07\/brancalogomarca_comp.png","contentUrl":"https:\/\/castelodesaojorge.pt\/wp-content\/uploads\/2022\/07\/brancalogomarca_comp.png","width":295,"height":80,"caption":"Castelo de S\u00e3o Jorge"},"image":{"@id":"https:\/\/castelodesaojorge.pt\/#\/schema\/logo\/image\/"},"sameAs":["https:\/\/www.facebook.com\/castelodesaojorge","https:\/\/www.instagram.com\/castelodesjorge\/"]}]}},"coauthors":[],"author_meta":{"author_link":"https:\/\/castelodesaojorge.pt\/en\/author\/administrador\/","display_name":"Administrador"},"relative_dates":{"created":"Posted 4 years ago","modified":"Updated 3 years ago"},"absolute_dates":{"created":"Posted on 6 de May, 2022","modified":"Updated on 3 de February, 2023"},"absolute_dates_time":{"created":"Posted on 6 de May, 2022 7:47","modified":"Updated on 3 de February, 2023 17:25"},"featured_img_caption":"\u00a9 Kenton Thatcher","featured_img":"https:\/\/castelodesaojorge.pt\/wp-content\/uploads\/2022\/05\/o-monumento-nacional.jpg","series_order":"","_links":{"self":[{"href":"https:\/\/castelodesaojorge.pt\/en\/wp-json\/wp\/v2\/pages\/3855","targetHints":{"allow":["GET"]}}],"collection":[{"href":"https:\/\/castelodesaojorge.pt\/en\/wp-json\/wp\/v2\/pages"}],"about":[{"href":"https:\/\/castelodesaojorge.pt\/en\/wp-json\/wp\/v2\/types\/page"}],"author":[{"embeddable":true,"href":"https:\/\/castelodesaojorge.pt\/en\/wp-json\/wp\/v2\/users\/1"}],"replies":[{"embeddable":true,"href":"https:\/\/castelodesaojorge.pt\/en\/wp-json\/wp\/v2\/comments?post=3855"}],"version-history":[{"count":0,"href":"https:\/\/castelodesaojorge.pt\/en\/wp-json\/wp\/v2\/pages\/3855\/revisions"}],"up":[{"embeddable":true,"href":"https:\/\/castelodesaojorge.pt\/en\/wp-json\/wp\/v2\/pages\/3853"}],"wp:featuredmedia":[{"embeddable":true,"href":"https:\/\/castelodesaojorge.pt\/en\/wp-json\/wp\/v2\/media\/1594"}],"wp:attachment":[{"href":"https:\/\/castelodesaojorge.pt\/en\/wp-json\/wp\/v2\/media?parent=3855"}],"curies":[{"name":"wp","href":"https:\/\/api.w.org\/{rel}","templated":true}]}}