{"id":3918,"date":"2022-05-09T03:58:18","date_gmt":"2022-05-09T03:58:18","guid":{"rendered":"https:\/\/castelodesaojorge.pt\/information\/useful-information\/"},"modified":"2026-03-12T11:54:12","modified_gmt":"2026-03-12T11:54:12","slug":"useful-information","status":"publish","type":"page","link":"https:\/\/castelodesaojorge.pt\/en\/information\/useful-information\/","title":{"rendered":"Useful information"},"content":{"rendered":"\n<p>Castelo de S\u00e3o Jorge is open 7 days a week, closing only 5 days a year: January 1st, May 1st, December 24th, 25th, and 31st.<br><\/p>\n\n\n\n<p><strong>Winter Schedule<\/strong> (November 1st to February 28th\/29th): Open from 9:00 AM to 6:00 PM, with last admission at 5:30 PM. For safety reasons, access to wall-walks and towers close to the public at 5:30 PM.<\/p>\n\n\n\n<p><strong>Summer Schedule<\/strong> (March 1st to October 31st): Open from 9:00 AM to 9:00 PM, with last admission at 8:30 PM. For safety reasons, access to wall-walks and towers may close to the public between 6:00PM &#8211; 9:00PM. The exact closing time may vary depending on daylight.<\/p>\n\n\n\n<p><\/p>\n\n\n\n\n\n<p id=\"block-1d7f437c-3be2-4f43-a9ed-0d49141541da\"><\/p>\n\n\n\n<p><\/p>\n\n\n\n<h2 class=\"wp-block-heading\">Detailed schedule<\/h2>\n\n\n\n<table class=\"wp-block-advgb-table advgb-table-frontend schedule-table\"><tbody><tr><td><strong>Monument&#8217;s Schedules<\/strong><\/td><td>\n<strong>Summer Schedule (March to October):<\/strong><br>\nOpen daily from 9:00 AM \u2013 9:00 PM<br>\nLast admission at 8:30 PM<br>\nFor safety reasons, access to wall-walks and towers may close to the public between 6:00PM &#8211; 9:00PM. The exact closing time may vary depending on daylight.<br>\n<br>\n<strong>Winter Schedule (November to February):<\/strong><br>\nOpen daily from 9:00 AM \u2013 6:00 PM<br>\nLast admission at 5:30 PM <br>\nFor safety reasons, access to wall-walks and towers close to the public at 5:30 PM.\n<br><br>\n<strong>Closed:<\/strong><br>\nJanuary 1st, May 1st, December 24th, 25th and 31st.<br>\n<br>\n<\/td><\/tr><\/tbody><\/table>\n\n\n\n<table class=\"wp-block-advgb-table advgb-table-frontend schedule-table\"><tbody><tr><td><strong>Museum<\/strong><\/td><td>\n<strong>Summer Schedule:<\/strong><br>\n9:00 AM \u2013 9:00 PM<br>\n<br>\n<strong>Winter Schedule:<\/strong><br>\n9:00 AM \u2013 6:00 PM\n<\/td><\/tr><\/tbody><\/table>\n\n\n\n<table class=\"wp-block-advgb-table advgb-table-frontend schedule-table\"><tbody><tr><td><strong>Camera Obscura \/ Periscope<\/strong><\/td><td>\n<strong>Access only with a guided tour (included in the ticket) <\/strong><br>\n\n<strong>Schedule*:<\/strong><br>\n11am \u2013 1pm (January, February, October, November, December)<br>\n11am &#8211; 2pm (March)<br>\n11am &#8211; 3pm (April, September)<br>\n11am &#8211; 4pm (May, June, July, August)<br>\n<br>\n*Subject to weather conditions. Please confirm availability on the day at the Castelo de S\u00e3o Jorge ticket office.\n<\/td><\/tr><\/tbody><\/table>\n\n\n\n<table class=\"wp-block-advgb-table advgb-table-frontend schedule-table\"><tbody><tr><td><strong>Archaeological Site<\/strong><\/td><td><strong> Access is limited to participants in the general guided tour Discovering the Castle (included in the ticket).<\/strong><\/td><\/tr><\/tbody><\/table>\n\n\n\n<h2 class=\"wp-block-heading\">Prices<\/h2>\n\n\n\n<table class=\"wp-block-advgb-table advgb-table-frontend schedule-table\"><tbody><tr><td><strong>Individual Tickets and Concessions (upon presentation of proof)<\/strong><\/td><td>Adult <strong>\u20ac17,00<\/strong><br>Youth 13 \u2013 25 years <strong>\u20ac8,50<\/strong><br>Seniors over&gt; 65 years <strong>\u20ac14<\/strong><br>Persons with Specific Needs <strong>\u20ac12<\/strong><br>Culture Professionals <strong>\u20ac12<\/strong><br>CML Employees <strong>\u20ac13<\/strong><br>Cooperation Protocols <strong>\u20ac13*<\/strong><br><br>*Students covered by &#8216;Corredor Cultural&#8217; protocol<\/td><\/tr><\/tbody><\/table>\n\n\n\n<table class=\"wp-block-advgb-table advgb-table-frontend schedule-table\"><tbody><tr><td><strong>Free Ticket (upon presentation of proof)<\/strong><\/td><td>&#8211; EGEAC (with one guest)<br>&#8211; Lisboa Card &#8211; Adult<br>&#8211; Children up to 12 years old<br>&#8211; Disabled person\u2019s assistant<br>&#8211; On duty professionals\u00a0with previous booking [press upon presentation of professional permit; RNAAT-registered tourism professionals, upon presentation of relevant identification documents (in accordance with the terms 7 and 8 of article 5 of the decree-law 108\/2009); researchers and professors (with credentials)]\u00a0<br>&#8211; Lisbon Schools, upon presentation of the School Credentials (Official document issued by the School)<br>&#8211; School Groups from outside of Lisbon with students up to 12 years old, upon presentation of the School Credentials (Official document issued by the School)<br>&#8211; National war \u00a0veteran with documented proof\u00a0<br>&#8211; APAC | APOM | ICOM | ICOMOS<\/td><\/tr><\/tbody><\/table>\n\n\n\n<table class=\"wp-block-advgb-table advgb-table-frontend schedule-table\"><tbody><tr><td><strong>Guided Tours<\/strong><\/td><td><strong>\nDaily guided tours Discovering the Castle are included in the admission price.<br><\/strong>\n<br>\nCastelo de S\u00e3o Jorge also organizes guided tours for groups and schools (subject to availability) at an additional cost and with previous booking. For further information see <a href=\"https:\/\/castelodesaojorge.pt\/en\/plan-your-visit\/guided-tours\/\">guided tours.<\/a>\n<br><br>\nFor more activities refer to our <a href=\"https:\/\/castelodesaojorge.pt\/en\/agenda\/\">calendar.<\/a>\n<\/td><\/tr><\/tbody><\/table>\n\n\n\n<p>Please be aware that the only authorized online sales platform is <a href=\"https:\/\/CasteloSaoJorge.bol.pt\/\" data-type=\"URL\" data-id=\"https:\/\/castelo-sao-jorge.byblueticket.pt\/Evento?IdEvento=4971\">BOL (BilheteiraOnline)<\/a>, and EGEAC \u2013 Castelo de S\u00e3o Jorge declines responsibility for any wrong information acquired and\/or loss due to purchase from any other platform besides the one aforementioned.<\/p>\n\n\n\n<h2 class=\"wp-block-heading\"><strong>The main entrance is on Rua de Santa Cruz, 1100-129 Lisboa.<\/strong><\/h2>\n\n\n\n<p><strong>If you do not have a ticket<\/strong><\/p>\n\n\n\n<p>You may purchase an online ticket by<a href=\"https:\/\/CasteloSaoJorge.bol.pt\/\"> clicking here.<\/a><\/p>\n\n\n\n<p>You may also purchase a ticket at the ticket office or automatic vending machines on Rua de Santa Cruz do Castelo.<\/p>\n\n\n\n<p><strong>If you have a ticket<\/strong><\/p>\n\n\n\n<p>If you already have a ticket, you can skip the line and go directly to the entrance.<\/p>\n\n\n\n<p><strong>By Car<\/strong><\/p>\n\n\n\n<p>The closest parking lots are:<\/p>\n\n\n\n<p><\/p>\n\n\n\n<p>&#8211; Portas do Sol&nbsp;<\/p>\n\n\n\n<p>&#8211; Ch\u00e3o do Loureiro<\/p>\n\n\n\n<p>+ 5 minutes on foot to the castle<\/p>\n\n\n\n<p><strong>On Foot&nbsp;<\/strong><\/p>\n\n\n\n<p>Fastest route from Baixa:<\/p>\n\n\n\n<p>Via Rua da Madalena, take the Lift of the Ch\u00e3o do Loureiro Parking Lot (enter through Largo do Caldas and exit on Costa do Castelo), through Costa do Castelo, Rua do Milagre de Santo Ant\u00f3nio, Rua Bartolomeu de Gusm\u00e3o, Rua do Ch\u00e3o da Feira and Rua de Santa Cruz do Castelo;<\/p>\n\n\n\n<p>or<\/p>\n\n\n\n<p>Via Rua dos Fanqueiros, take the Castelo Lift (enter through Rua dos Fanqueiros n.\u00ba 176, exit on Rua da Madalena) and e o Elevador do Parque do Ch\u00e3o do Loureiro (entrada pelo Largo do Caldas e sa\u00edda na Costa do Castelo), through Costa do Castelo, Rua do Milagre de Santo Ant\u00f3nio, Rua Bartolomeu de Gusm\u00e3o, Rua do Ch\u00e3o da Feira and Rua de Santa Cruz do Castelo;<\/p>\n","protected":false},"excerpt":{"rendered":"<p>Castelo de S\u00e3o Jorge is open 7 days a week, closing only 5 days a year: January 1st, May 1st, December 24th, 25th, and 31st. Winter Schedule (November 1st to February 28th\/29th): Open from 9:00 AM to 6:00 PM, with last admission at 5:30 PM. For safety reasons, access to wall-walks and towers close to [&hellip;]<\/p>\n","protected":false},"author":1,"featured_media":0,"parent":3916,"menu_order":1,"comment_status":"closed","ping_status":"closed","template":"","meta":{"advgb_blocks_editor_width":"","advgb_blocks_columns_visual_guide":"","footnotes":""},"class_list":["post-3918","page","type-page","status-publish","hentry"],"acf":[],"yoast_head":"<!-- This site is optimized with the Yoast SEO plugin v27.4 - https:\/\/yoast.com\/product\/yoast-seo-wordpress\/ -->\n<title>Useful information - Castelo de S\u00e3o Jorge<\/title>\n<meta name=\"robots\" content=\"index, follow, max-snippet:-1, max-image-preview:large, max-video-preview:-1\" \/>\n<link rel=\"canonical\" href=\"https:\/\/castelodesaojorge.pt\/en\/information\/useful-information\/\" \/>\n<meta property=\"og:locale\" content=\"en_US\" \/>\n<meta property=\"og:type\" content=\"article\" \/>\n<meta property=\"og:title\" content=\"Useful information - Castelo de S\u00e3o Jorge\" \/>\n<meta property=\"og:description\" content=\"Castelo de S\u00e3o Jorge is open 7 days a week, closing only 5 days a year: January 1st, May 1st, December 24th, 25th, and 31st. Winter Schedule (November 1st to February 28th\/29th): Open from 9:00 AM to 6:00 PM, with last admission at 5:30 PM. For safety reasons, access to wall-walks and towers close to [&hellip;]\" \/>\n<meta property=\"og:url\" content=\"https:\/\/castelodesaojorge.pt\/en\/information\/useful-information\/\" \/>\n<meta property=\"og:site_name\" content=\"Castelo de S\u00e3o Jorge\" \/>\n<meta property=\"article:publisher\" content=\"https:\/\/www.facebook.com\/castelodesaojorge\" \/>\n<meta property=\"article:modified_time\" content=\"2026-03-12T11:54:12+00:00\" \/>\n<meta name=\"twitter:card\" content=\"summary_large_image\" \/>\n<meta name=\"twitter:label1\" content=\"Est. reading time\" \/>\n\t<meta name=\"twitter:data1\" content=\"4 minutes\" \/>\n<script type=\"application\/ld+json\" class=\"yoast-schema-graph\">{\"@context\":\"https:\\\/\\\/schema.org\",\"@graph\":[{\"@type\":\"WebPage\",\"@id\":\"https:\\\/\\\/castelodesaojorge.pt\\\/en\\\/information\\\/useful-information\\\/\",\"url\":\"https:\\\/\\\/castelodesaojorge.pt\\\/en\\\/information\\\/useful-information\\\/\",\"name\":\"Useful information - Castelo de S\u00e3o Jorge\",\"isPartOf\":{\"@id\":\"https:\\\/\\\/castelodesaojorge.pt\\\/#website\"},\"datePublished\":\"2022-05-09T03:58:18+00:00\",\"dateModified\":\"2026-03-12T11:54:12+00:00\",\"breadcrumb\":{\"@id\":\"https:\\\/\\\/castelodesaojorge.pt\\\/en\\\/information\\\/useful-information\\\/#breadcrumb\"},\"inLanguage\":\"en-US\",\"potentialAction\":[{\"@type\":\"ReadAction\",\"target\":[\"https:\\\/\\\/castelodesaojorge.pt\\\/en\\\/information\\\/useful-information\\\/\"]}]},{\"@type\":\"BreadcrumbList\",\"@id\":\"https:\\\/\\\/castelodesaojorge.pt\\\/en\\\/information\\\/useful-information\\\/#breadcrumb\",\"itemListElement\":[{\"@type\":\"ListItem\",\"position\":1,\"name\":\"In\u00edcio\",\"item\":\"https:\\\/\\\/castelodesaojorge.pt\\\/\"},{\"@type\":\"ListItem\",\"position\":2,\"name\":\"Information\",\"item\":\"https:\\\/\\\/castelodesaojorge.pt\\\/en\\\/information\\\/\"},{\"@type\":\"ListItem\",\"position\":3,\"name\":\"Useful information\"}]},{\"@type\":\"WebSite\",\"@id\":\"https:\\\/\\\/castelodesaojorge.pt\\\/#website\",\"url\":\"https:\\\/\\\/castelodesaojorge.pt\\\/\",\"name\":\"Castelo de S\u00e3o Jorge\",\"description\":\"\",\"publisher\":{\"@id\":\"https:\\\/\\\/castelodesaojorge.pt\\\/#organization\"},\"potentialAction\":[{\"@type\":\"SearchAction\",\"target\":{\"@type\":\"EntryPoint\",\"urlTemplate\":\"https:\\\/\\\/castelodesaojorge.pt\\\/?s={search_term_string}\"},\"query-input\":{\"@type\":\"PropertyValueSpecification\",\"valueRequired\":true,\"valueName\":\"search_term_string\"}}],\"inLanguage\":\"en-US\"},{\"@type\":\"Organization\",\"@id\":\"https:\\\/\\\/castelodesaojorge.pt\\\/#organization\",\"name\":\"Castelo de S\u00e3o Jorge\",\"url\":\"https:\\\/\\\/castelodesaojorge.pt\\\/\",\"logo\":{\"@type\":\"ImageObject\",\"inLanguage\":\"en-US\",\"@id\":\"https:\\\/\\\/castelodesaojorge.pt\\\/#\\\/schema\\\/logo\\\/image\\\/\",\"url\":\"https:\\\/\\\/castelodesaojorge.pt\\\/wp-content\\\/uploads\\\/2022\\\/07\\\/brancalogomarca_comp.png\",\"contentUrl\":\"https:\\\/\\\/castelodesaojorge.pt\\\/wp-content\\\/uploads\\\/2022\\\/07\\\/brancalogomarca_comp.png\",\"width\":295,\"height\":80,\"caption\":\"Castelo de S\u00e3o Jorge\"},\"image\":{\"@id\":\"https:\\\/\\\/castelodesaojorge.pt\\\/#\\\/schema\\\/logo\\\/image\\\/\"},\"sameAs\":[\"https:\\\/\\\/www.facebook.com\\\/castelodesaojorge\",\"https:\\\/\\\/www.instagram.com\\\/castelodesjorge\\\/\"]}]}<\/script>\n<!-- \/ Yoast SEO plugin. -->","yoast_head_json":{"title":"Useful information - Castelo de S\u00e3o Jorge","robots":{"index":"index","follow":"follow","max-snippet":"max-snippet:-1","max-image-preview":"max-image-preview:large","max-video-preview":"max-video-preview:-1"},"canonical":"https:\/\/castelodesaojorge.pt\/en\/information\/useful-information\/","og_locale":"en_US","og_type":"article","og_title":"Useful information - Castelo de S\u00e3o Jorge","og_description":"Castelo de S\u00e3o Jorge is open 7 days a week, closing only 5 days a year: January 1st, May 1st, December 24th, 25th, and 31st. Winter Schedule (November 1st to February 28th\/29th): Open from 9:00 AM to 6:00 PM, with last admission at 5:30 PM. For safety reasons, access to wall-walks and towers close to [&hellip;]","og_url":"https:\/\/castelodesaojorge.pt\/en\/information\/useful-information\/","og_site_name":"Castelo de S\u00e3o Jorge","article_publisher":"https:\/\/www.facebook.com\/castelodesaojorge","article_modified_time":"2026-03-12T11:54:12+00:00","twitter_card":"summary_large_image","twitter_misc":{"Est. reading time":"4 minutes"},"schema":{"@context":"https:\/\/schema.org","@graph":[{"@type":"WebPage","@id":"https:\/\/castelodesaojorge.pt\/en\/information\/useful-information\/","url":"https:\/\/castelodesaojorge.pt\/en\/information\/useful-information\/","name":"Useful information - Castelo de S\u00e3o Jorge","isPartOf":{"@id":"https:\/\/castelodesaojorge.pt\/#website"},"datePublished":"2022-05-09T03:58:18+00:00","dateModified":"2026-03-12T11:54:12+00:00","breadcrumb":{"@id":"https:\/\/castelodesaojorge.pt\/en\/information\/useful-information\/#breadcrumb"},"inLanguage":"en-US","potentialAction":[{"@type":"ReadAction","target":["https:\/\/castelodesaojorge.pt\/en\/information\/useful-information\/"]}]},{"@type":"BreadcrumbList","@id":"https:\/\/castelodesaojorge.pt\/en\/information\/useful-information\/#breadcrumb","itemListElement":[{"@type":"ListItem","position":1,"name":"In\u00edcio","item":"https:\/\/castelodesaojorge.pt\/"},{"@type":"ListItem","position":2,"name":"Information","item":"https:\/\/castelodesaojorge.pt\/en\/information\/"},{"@type":"ListItem","position":3,"name":"Useful information"}]},{"@type":"WebSite","@id":"https:\/\/castelodesaojorge.pt\/#website","url":"https:\/\/castelodesaojorge.pt\/","name":"Castelo de S\u00e3o Jorge","description":"","publisher":{"@id":"https:\/\/castelodesaojorge.pt\/#organization"},"potentialAction":[{"@type":"SearchAction","target":{"@type":"EntryPoint","urlTemplate":"https:\/\/castelodesaojorge.pt\/?s={search_term_string}"},"query-input":{"@type":"PropertyValueSpecification","valueRequired":true,"valueName":"search_term_string"}}],"inLanguage":"en-US"},{"@type":"Organization","@id":"https:\/\/castelodesaojorge.pt\/#organization","name":"Castelo de S\u00e3o Jorge","url":"https:\/\/castelodesaojorge.pt\/","logo":{"@type":"ImageObject","inLanguage":"en-US","@id":"https:\/\/castelodesaojorge.pt\/#\/schema\/logo\/image\/","url":"https:\/\/castelodesaojorge.pt\/wp-content\/uploads\/2022\/07\/brancalogomarca_comp.png","contentUrl":"https:\/\/castelodesaojorge.pt\/wp-content\/uploads\/2022\/07\/brancalogomarca_comp.png","width":295,"height":80,"caption":"Castelo de S\u00e3o Jorge"},"image":{"@id":"https:\/\/castelodesaojorge.pt\/#\/schema\/logo\/image\/"},"sameAs":["https:\/\/www.facebook.com\/castelodesaojorge","https:\/\/www.instagram.com\/castelodesjorge\/"]}]}},"coauthors":[],"author_meta":{"author_link":"https:\/\/castelodesaojorge.pt\/en\/author\/administrador\/","display_name":"Administrador"},"relative_dates":{"created":"Posted 4 years ago","modified":"Updated 1 month ago"},"absolute_dates":{"created":"Posted on 9 de May, 2022","modified":"Updated on 12 de March, 2026"},"absolute_dates_time":{"created":"Posted on 9 de May, 2022 3:58","modified":"Updated on 12 de March, 2026 11:54"},"featured_img_caption":"","featured_img":false,"series_order":"","_links":{"self":[{"href":"https:\/\/castelodesaojorge.pt\/en\/wp-json\/wp\/v2\/pages\/3918","targetHints":{"allow":["GET"]}}],"collection":[{"href":"https:\/\/castelodesaojorge.pt\/en\/wp-json\/wp\/v2\/pages"}],"about":[{"href":"https:\/\/castelodesaojorge.pt\/en\/wp-json\/wp\/v2\/types\/page"}],"author":[{"embeddable":true,"href":"https:\/\/castelodesaojorge.pt\/en\/wp-json\/wp\/v2\/users\/1"}],"replies":[{"embeddable":true,"href":"https:\/\/castelodesaojorge.pt\/en\/wp-json\/wp\/v2\/comments?post=3918"}],"version-history":[{"count":25,"href":"https:\/\/castelodesaojorge.pt\/en\/wp-json\/wp\/v2\/pages\/3918\/revisions"}],"predecessor-version":[{"id":11430,"href":"https:\/\/castelodesaojorge.pt\/en\/wp-json\/wp\/v2\/pages\/3918\/revisions\/11430"}],"up":[{"embeddable":true,"href":"https:\/\/castelodesaojorge.pt\/en\/wp-json\/wp\/v2\/pages\/3916"}],"wp:attachment":[{"href":"https:\/\/castelodesaojorge.pt\/en\/wp-json\/wp\/v2\/media?parent=3918"}],"curies":[{"name":"wp","href":"https:\/\/api.w.org\/{rel}","templated":true}]}}