{"id":3919,"date":"2022-05-09T04:01:24","date_gmt":"2022-05-09T04:01:24","guid":{"rendered":"https:\/\/castelodesaojorge.pt\/information\/about-us\/"},"modified":"2023-10-20T17:00:45","modified_gmt":"2023-10-20T17:00:45","slug":"about-us","status":"publish","type":"page","link":"https:\/\/castelodesaojorge.pt\/en\/information\/about-us\/","title":{"rendered":"About us"},"content":{"rendered":"\n<h2 class=\"wp-block-heading\">Mission<\/h2>\n\n\n\n<p>Castelo de S. Jorge, assigned to the Lisbon City Council in 1942 and entrusted to EGEAC \u2013 Empresa de Gest\u00e3o de Equipamentos e Anima\u00e7\u00e3o Cultural E.M., has as its mission the preservation, conservation and safeguarding of historical, architectural, archaeological values and landscaping, as well as the cultural goods, both tangible and intangible, which are part of its collection.<\/p>\n\n\n\n<p>Its mission is also to promote and disseminate historical, archaeological, artistic, and scientific research in order to increase understanding of the monument and to support projects for the conservation and preservation of is estate, its integrated heritage and its environmental heritage, and to enhance new museological content to be presented to is visitors.<\/p>\n\n\n\n<div style=\"height:50px\" aria-hidden=\"true\" class=\"wp-block-spacer\"><\/div>\n\n\n\n<h2 class=\"wp-block-heading\">Out-of-court settlements for resolving consumer disputes:<\/h2>\n\n\n\n<p>EGEAC, E.M. is a member of the Lisbon Consumer Conflict Arbitration Centre, with the following contact details:<\/p>\n\n\n\n<p>Rua dos Douradores, 116, 2\u00ba<br>1100-207 LISBOA;<br>Tel: +351 218 807 030 \/ Fax: +351 218 807 038;<br>E-mail: juridico@centroarbitragemlisboa.pt \/ director@centroarbitragemlisboa.pt;<br>Web: www.centroarbitragemlisboa.pt<\/p>\n\n\n\n<p>In the case of litigation, the consumer can get in touch with this litigation resolution body.<br>Further information is available on Portal do Consumidor www.consumidor.pt<\/p>\n\n\n\n<div style=\"height:50px\" aria-hidden=\"true\" class=\"wp-block-spacer\"><\/div>\n\n\n\n<h2 class=\"wp-block-heading\">Access to administrative documents<\/h2>\n\n\n\n<p>Access to and reuse of administrative information held by EGEAC is ensured in accordance with Law No. 26\/2016, of 22 August.<\/p>\n\n\n\n<p>In this sense, it is informed that the exercise of the right of access and reuse of administrative documents must be carried out in writing, through a request that contains the essential elements for the identification of the applicant, namely the name, personal or collective identification data, data contact and signature details, as well as identification of the desired documents and data and the purpose for which it is intended, using the application template available here.<\/p>\n\n\n\n<p>The application, once duly completed and signed, must be sent to the person responsible for access to EGEAC administrative documents: Sandra Pires Claro, whose contact is rai@egeac.pt.<\/p>\n\n\n\n<p>The deadline for responding to requests is 10 working days from the date of receipt, as set out in article 15 of Law no. 26\/2016, of 22 August.<\/p>\n\n\n\n<div style=\"height:50px\" aria-hidden=\"true\" class=\"wp-block-spacer\"><\/div>\n\n\n\n<p><img loading=\"lazy\" decoding=\"async\" width=\"30\" height=\"30\" class=\"wp-image-1965\" style=\"width: 30px;\" src=\"https:\/\/castelodesaojorge.pt\/wp-content\/uploads\/2022\/07\/pdf.png\" alt=\"\" srcset=\"https:\/\/castelodesaojorge.pt\/wp-content\/uploads\/2022\/07\/pdf.png 512w, https:\/\/castelodesaojorge.pt\/wp-content\/uploads\/2022\/07\/pdf-300x300.png 300w, https:\/\/castelodesaojorge.pt\/wp-content\/uploads\/2022\/07\/pdf-150x150.png 150w\" sizes=\"auto, (max-width: 30px) 100vw, 30px\" \/> <a href=\"https:\/\/castelodesaojorge.pt\/wp-content\/uploads\/2023\/10\/EGEAC-Plano-Para-a-Igualdade-2023.pdf\" data-type=\"link\" data-id=\"https:\/\/castelodesaojorge.pt\/wp-content\/uploads\/2023\/10\/EGEAC-Plano-Para-a-Igualdade-2023.pdf\">Equality Plan<\/a><\/p>\n\n\n\n<p><img loading=\"lazy\" decoding=\"async\" width=\"30\" height=\"30\" class=\"wp-image-1965\" style=\"width: 30px;\" src=\"https:\/\/castelodesaojorge.pt\/wp-content\/uploads\/2022\/07\/pdf.png\" alt=\"\" srcset=\"https:\/\/castelodesaojorge.pt\/wp-content\/uploads\/2022\/07\/pdf.png 512w, https:\/\/castelodesaojorge.pt\/wp-content\/uploads\/2022\/07\/pdf-300x300.png 300w, https:\/\/castelodesaojorge.pt\/wp-content\/uploads\/2022\/07\/pdf-150x150.png 150w\" sizes=\"auto, (max-width: 30px) 100vw, 30px\" \/> <a href=\"https:\/\/castelodesaojorge.pt\/wp-content\/uploads\/2023\/10\/EGEAC-Plano-de-Riscos-de-Gestao.pdf\" data-type=\"link\" data-id=\"https:\/\/castelodesaojorge.pt\/wp-content\/uploads\/2023\/10\/EGEAC-Plano-Para-a-Igualdade-2023.pdf\">Risk Management Prevention Plan<\/a><\/p>\n\n\n\n<p><img loading=\"lazy\" decoding=\"async\" width=\"30\" height=\"30\" class=\"wp-image-1965\" style=\"width: 30px;\" src=\"https:\/\/castelodesaojorge.pt\/wp-content\/uploads\/2022\/07\/pdf.png\" alt=\"\" srcset=\"https:\/\/castelodesaojorge.pt\/wp-content\/uploads\/2022\/07\/pdf.png 512w, https:\/\/castelodesaojorge.pt\/wp-content\/uploads\/2022\/07\/pdf-300x300.png 300w, https:\/\/castelodesaojorge.pt\/wp-content\/uploads\/2022\/07\/pdf-150x150.png 150w\" sizes=\"auto, (max-width: 30px) 100vw, 30px\" \/> <a href=\"https:\/\/castelodesaojorge.pt\/wp-content\/uploads\/2023\/10\/EGEAC-Codigo-de-Conduta-\u2013-Assedio-no-Trabalho.pdf\" data-type=\"link\" data-id=\"https:\/\/castelodesaojorge.pt\/wp-content\/uploads\/2023\/10\/EGEAC-Codigo-de-Conduta-\u2013-Assedio-no-Trabalho.pdf\">Code of Conduct &#8211; Workplace Harassment<\/a><\/p>\n\n\n\n<p><img loading=\"lazy\" decoding=\"async\" width=\"30\" height=\"30\" class=\"wp-image-1965\" style=\"width: 30px;\" src=\"https:\/\/castelodesaojorge.pt\/wp-content\/uploads\/2022\/07\/pdf.png\" alt=\"\" srcset=\"https:\/\/castelodesaojorge.pt\/wp-content\/uploads\/2022\/07\/pdf.png 512w, https:\/\/castelodesaojorge.pt\/wp-content\/uploads\/2022\/07\/pdf-300x300.png 300w, https:\/\/castelodesaojorge.pt\/wp-content\/uploads\/2022\/07\/pdf-150x150.png 150w\" sizes=\"auto, (max-width: 30px) 100vw, 30px\" \/> <a href=\"https:\/\/castelodesaojorge.pt\/wp-content\/uploads\/2023\/10\/EGEAC-Codigo-de-Etica-e-de-Conduta.pdf\" data-type=\"link\" data-id=\"https:\/\/castelodesaojorge.pt\/wp-content\/uploads\/2023\/10\/EGEAC-Plano-Para-a-Igualdade-2023.pdf\">Code of Conduct and Ethic<\/a><\/p>\n\n\n\n<p><a href=\"https:\/\/egeac.pt\/politica-de-privacidade-e-proteccao-de-dados-pessoais\/\" data-type=\"link\" data-id=\"https:\/\/egeac.pt\/politica-de-privacidade-e-proteccao-de-dados-pessoais\/\">Privacy Policy and Protection of Personal Data<\/a><\/p>\n\n\n\n<p><a href=\"https:\/\/www.livroreclamacoes.pt\/Inicio\/\" data-type=\"link\" data-id=\"https:\/\/www.livroreclamacoes.pt\/Inicio\/\">Online Complaints Book<\/a> (<a href=\"mailto:correio.asae@asae.pt\">correio.asae@asae.pt<\/a>)<\/p>\n\n\n\n<p><a href=\"https:\/\/egeac.form.maistransparente.com\/\" data-type=\"link\" data-id=\"https:\/\/egeac.form.maistransparente.com\/\">Reporting Channel<\/a><\/p>\n\n\n\n<p><\/p>\n","protected":false},"excerpt":{"rendered":"<p>Mission Castelo de S. Jorge, assigned to the Lisbon City Council in 1942 and entrusted to EGEAC \u2013 Empresa de Gest\u00e3o de Equipamentos e Anima\u00e7\u00e3o Cultural E.M., has as its mission the preservation, conservation and safeguarding of historical, architectural, archaeological values and landscaping, as well as the cultural goods, both tangible and intangible, which are [&hellip;]<\/p>\n","protected":false},"author":1,"featured_media":0,"parent":3916,"menu_order":0,"comment_status":"closed","ping_status":"closed","template":"","meta":{"advgb_blocks_editor_width":"","advgb_blocks_columns_visual_guide":"","footnotes":""},"class_list":["post-3919","page","type-page","status-publish","hentry"],"acf":[],"yoast_head":"<!-- This site is optimized with the Yoast SEO plugin v27.4 - https:\/\/yoast.com\/product\/yoast-seo-wordpress\/ -->\n<title>About us - Castelo de S\u00e3o Jorge<\/title>\n<meta name=\"robots\" content=\"index, follow, max-snippet:-1, max-image-preview:large, max-video-preview:-1\" \/>\n<link rel=\"canonical\" href=\"https:\/\/castelodesaojorge.pt\/en\/information\/about-us\/\" \/>\n<meta property=\"og:locale\" content=\"en_US\" \/>\n<meta property=\"og:type\" content=\"article\" \/>\n<meta property=\"og:title\" content=\"About us - Castelo de S\u00e3o Jorge\" \/>\n<meta property=\"og:description\" content=\"Mission Castelo de S. Jorge, assigned to the Lisbon City Council in 1942 and entrusted to EGEAC \u2013 Empresa de Gest\u00e3o de Equipamentos e Anima\u00e7\u00e3o Cultural E.M., has as its mission the preservation, conservation and safeguarding of historical, architectural, archaeological values and landscaping, as well as the cultural goods, both tangible and intangible, which are [&hellip;]\" \/>\n<meta property=\"og:url\" content=\"https:\/\/castelodesaojorge.pt\/en\/information\/about-us\/\" \/>\n<meta property=\"og:site_name\" content=\"Castelo de S\u00e3o Jorge\" \/>\n<meta property=\"article:publisher\" content=\"https:\/\/www.facebook.com\/castelodesaojorge\" \/>\n<meta property=\"article:modified_time\" content=\"2023-10-20T17:00:45+00:00\" \/>\n<meta property=\"og:image\" content=\"https:\/\/castelodesaojorge.pt\/wp-content\/uploads\/2022\/07\/pdf.png\" \/>\n<meta name=\"twitter:card\" content=\"summary_large_image\" \/>\n<meta name=\"twitter:label1\" content=\"Est. reading time\" \/>\n\t<meta name=\"twitter:data1\" content=\"2 minutes\" \/>\n<script type=\"application\/ld+json\" class=\"yoast-schema-graph\">{\"@context\":\"https:\\\/\\\/schema.org\",\"@graph\":[{\"@type\":\"WebPage\",\"@id\":\"https:\\\/\\\/castelodesaojorge.pt\\\/en\\\/information\\\/about-us\\\/\",\"url\":\"https:\\\/\\\/castelodesaojorge.pt\\\/en\\\/information\\\/about-us\\\/\",\"name\":\"About us - Castelo de S\u00e3o Jorge\",\"isPartOf\":{\"@id\":\"https:\\\/\\\/castelodesaojorge.pt\\\/#website\"},\"primaryImageOfPage\":{\"@id\":\"https:\\\/\\\/castelodesaojorge.pt\\\/en\\\/information\\\/about-us\\\/#primaryimage\"},\"image\":{\"@id\":\"https:\\\/\\\/castelodesaojorge.pt\\\/en\\\/information\\\/about-us\\\/#primaryimage\"},\"thumbnailUrl\":\"https:\\\/\\\/castelodesaojorge.pt\\\/wp-content\\\/uploads\\\/2022\\\/07\\\/pdf.png\",\"datePublished\":\"2022-05-09T04:01:24+00:00\",\"dateModified\":\"2023-10-20T17:00:45+00:00\",\"breadcrumb\":{\"@id\":\"https:\\\/\\\/castelodesaojorge.pt\\\/en\\\/information\\\/about-us\\\/#breadcrumb\"},\"inLanguage\":\"en-US\",\"potentialAction\":[{\"@type\":\"ReadAction\",\"target\":[\"https:\\\/\\\/castelodesaojorge.pt\\\/en\\\/information\\\/about-us\\\/\"]}]},{\"@type\":\"ImageObject\",\"inLanguage\":\"en-US\",\"@id\":\"https:\\\/\\\/castelodesaojorge.pt\\\/en\\\/information\\\/about-us\\\/#primaryimage\",\"url\":\"https:\\\/\\\/castelodesaojorge.pt\\\/wp-content\\\/uploads\\\/2022\\\/07\\\/pdf.png\",\"contentUrl\":\"https:\\\/\\\/castelodesaojorge.pt\\\/wp-content\\\/uploads\\\/2022\\\/07\\\/pdf.png\"},{\"@type\":\"BreadcrumbList\",\"@id\":\"https:\\\/\\\/castelodesaojorge.pt\\\/en\\\/information\\\/about-us\\\/#breadcrumb\",\"itemListElement\":[{\"@type\":\"ListItem\",\"position\":1,\"name\":\"In\u00edcio\",\"item\":\"https:\\\/\\\/castelodesaojorge.pt\\\/\"},{\"@type\":\"ListItem\",\"position\":2,\"name\":\"Information\",\"item\":\"https:\\\/\\\/castelodesaojorge.pt\\\/en\\\/information\\\/\"},{\"@type\":\"ListItem\",\"position\":3,\"name\":\"About us\"}]},{\"@type\":\"WebSite\",\"@id\":\"https:\\\/\\\/castelodesaojorge.pt\\\/#website\",\"url\":\"https:\\\/\\\/castelodesaojorge.pt\\\/\",\"name\":\"Castelo de S\u00e3o Jorge\",\"description\":\"\",\"publisher\":{\"@id\":\"https:\\\/\\\/castelodesaojorge.pt\\\/#organization\"},\"potentialAction\":[{\"@type\":\"SearchAction\",\"target\":{\"@type\":\"EntryPoint\",\"urlTemplate\":\"https:\\\/\\\/castelodesaojorge.pt\\\/?s={search_term_string}\"},\"query-input\":{\"@type\":\"PropertyValueSpecification\",\"valueRequired\":true,\"valueName\":\"search_term_string\"}}],\"inLanguage\":\"en-US\"},{\"@type\":\"Organization\",\"@id\":\"https:\\\/\\\/castelodesaojorge.pt\\\/#organization\",\"name\":\"Castelo de S\u00e3o Jorge\",\"url\":\"https:\\\/\\\/castelodesaojorge.pt\\\/\",\"logo\":{\"@type\":\"ImageObject\",\"inLanguage\":\"en-US\",\"@id\":\"https:\\\/\\\/castelodesaojorge.pt\\\/#\\\/schema\\\/logo\\\/image\\\/\",\"url\":\"https:\\\/\\\/castelodesaojorge.pt\\\/wp-content\\\/uploads\\\/2022\\\/07\\\/brancalogomarca_comp.png\",\"contentUrl\":\"https:\\\/\\\/castelodesaojorge.pt\\\/wp-content\\\/uploads\\\/2022\\\/07\\\/brancalogomarca_comp.png\",\"width\":295,\"height\":80,\"caption\":\"Castelo de S\u00e3o Jorge\"},\"image\":{\"@id\":\"https:\\\/\\\/castelodesaojorge.pt\\\/#\\\/schema\\\/logo\\\/image\\\/\"},\"sameAs\":[\"https:\\\/\\\/www.facebook.com\\\/castelodesaojorge\",\"https:\\\/\\\/www.instagram.com\\\/castelodesjorge\\\/\"]}]}<\/script>\n<!-- \/ Yoast SEO plugin. -->","yoast_head_json":{"title":"About us - Castelo de S\u00e3o Jorge","robots":{"index":"index","follow":"follow","max-snippet":"max-snippet:-1","max-image-preview":"max-image-preview:large","max-video-preview":"max-video-preview:-1"},"canonical":"https:\/\/castelodesaojorge.pt\/en\/information\/about-us\/","og_locale":"en_US","og_type":"article","og_title":"About us - Castelo de S\u00e3o Jorge","og_description":"Mission Castelo de S. Jorge, assigned to the Lisbon City Council in 1942 and entrusted to EGEAC \u2013 Empresa de Gest\u00e3o de Equipamentos e Anima\u00e7\u00e3o Cultural E.M., has as its mission the preservation, conservation and safeguarding of historical, architectural, archaeological values and landscaping, as well as the cultural goods, both tangible and intangible, which are [&hellip;]","og_url":"https:\/\/castelodesaojorge.pt\/en\/information\/about-us\/","og_site_name":"Castelo de S\u00e3o Jorge","article_publisher":"https:\/\/www.facebook.com\/castelodesaojorge","article_modified_time":"2023-10-20T17:00:45+00:00","og_image":[{"url":"https:\/\/castelodesaojorge.pt\/wp-content\/uploads\/2022\/07\/pdf.png","type":"","width":"","height":""}],"twitter_card":"summary_large_image","twitter_misc":{"Est. reading time":"2 minutes"},"schema":{"@context":"https:\/\/schema.org","@graph":[{"@type":"WebPage","@id":"https:\/\/castelodesaojorge.pt\/en\/information\/about-us\/","url":"https:\/\/castelodesaojorge.pt\/en\/information\/about-us\/","name":"About us - Castelo de S\u00e3o Jorge","isPartOf":{"@id":"https:\/\/castelodesaojorge.pt\/#website"},"primaryImageOfPage":{"@id":"https:\/\/castelodesaojorge.pt\/en\/information\/about-us\/#primaryimage"},"image":{"@id":"https:\/\/castelodesaojorge.pt\/en\/information\/about-us\/#primaryimage"},"thumbnailUrl":"https:\/\/castelodesaojorge.pt\/wp-content\/uploads\/2022\/07\/pdf.png","datePublished":"2022-05-09T04:01:24+00:00","dateModified":"2023-10-20T17:00:45+00:00","breadcrumb":{"@id":"https:\/\/castelodesaojorge.pt\/en\/information\/about-us\/#breadcrumb"},"inLanguage":"en-US","potentialAction":[{"@type":"ReadAction","target":["https:\/\/castelodesaojorge.pt\/en\/information\/about-us\/"]}]},{"@type":"ImageObject","inLanguage":"en-US","@id":"https:\/\/castelodesaojorge.pt\/en\/information\/about-us\/#primaryimage","url":"https:\/\/castelodesaojorge.pt\/wp-content\/uploads\/2022\/07\/pdf.png","contentUrl":"https:\/\/castelodesaojorge.pt\/wp-content\/uploads\/2022\/07\/pdf.png"},{"@type":"BreadcrumbList","@id":"https:\/\/castelodesaojorge.pt\/en\/information\/about-us\/#breadcrumb","itemListElement":[{"@type":"ListItem","position":1,"name":"In\u00edcio","item":"https:\/\/castelodesaojorge.pt\/"},{"@type":"ListItem","position":2,"name":"Information","item":"https:\/\/castelodesaojorge.pt\/en\/information\/"},{"@type":"ListItem","position":3,"name":"About us"}]},{"@type":"WebSite","@id":"https:\/\/castelodesaojorge.pt\/#website","url":"https:\/\/castelodesaojorge.pt\/","name":"Castelo de S\u00e3o Jorge","description":"","publisher":{"@id":"https:\/\/castelodesaojorge.pt\/#organization"},"potentialAction":[{"@type":"SearchAction","target":{"@type":"EntryPoint","urlTemplate":"https:\/\/castelodesaojorge.pt\/?s={search_term_string}"},"query-input":{"@type":"PropertyValueSpecification","valueRequired":true,"valueName":"search_term_string"}}],"inLanguage":"en-US"},{"@type":"Organization","@id":"https:\/\/castelodesaojorge.pt\/#organization","name":"Castelo de S\u00e3o Jorge","url":"https:\/\/castelodesaojorge.pt\/","logo":{"@type":"ImageObject","inLanguage":"en-US","@id":"https:\/\/castelodesaojorge.pt\/#\/schema\/logo\/image\/","url":"https:\/\/castelodesaojorge.pt\/wp-content\/uploads\/2022\/07\/brancalogomarca_comp.png","contentUrl":"https:\/\/castelodesaojorge.pt\/wp-content\/uploads\/2022\/07\/brancalogomarca_comp.png","width":295,"height":80,"caption":"Castelo de S\u00e3o Jorge"},"image":{"@id":"https:\/\/castelodesaojorge.pt\/#\/schema\/logo\/image\/"},"sameAs":["https:\/\/www.facebook.com\/castelodesaojorge","https:\/\/www.instagram.com\/castelodesjorge\/"]}]}},"coauthors":[],"author_meta":{"author_link":"https:\/\/castelodesaojorge.pt\/en\/author\/administrador\/","display_name":"Administrador"},"relative_dates":{"created":"Posted 4 years ago","modified":"Updated 3 years ago"},"absolute_dates":{"created":"Posted on 9 de May, 2022","modified":"Updated on 20 de October, 2023"},"absolute_dates_time":{"created":"Posted on 9 de May, 2022 4:01","modified":"Updated on 20 de October, 2023 17:00"},"featured_img_caption":"","featured_img":false,"series_order":"","_links":{"self":[{"href":"https:\/\/castelodesaojorge.pt\/en\/wp-json\/wp\/v2\/pages\/3919","targetHints":{"allow":["GET"]}}],"collection":[{"href":"https:\/\/castelodesaojorge.pt\/en\/wp-json\/wp\/v2\/pages"}],"about":[{"href":"https:\/\/castelodesaojorge.pt\/en\/wp-json\/wp\/v2\/types\/page"}],"author":[{"embeddable":true,"href":"https:\/\/castelodesaojorge.pt\/en\/wp-json\/wp\/v2\/users\/1"}],"replies":[{"embeddable":true,"href":"https:\/\/castelodesaojorge.pt\/en\/wp-json\/wp\/v2\/comments?post=3919"}],"version-history":[{"count":0,"href":"https:\/\/castelodesaojorge.pt\/en\/wp-json\/wp\/v2\/pages\/3919\/revisions"}],"up":[{"embeddable":true,"href":"https:\/\/castelodesaojorge.pt\/en\/wp-json\/wp\/v2\/pages\/3916"}],"wp:attachment":[{"href":"https:\/\/castelodesaojorge.pt\/en\/wp-json\/wp\/v2\/media?parent=3919"}],"curies":[{"name":"wp","href":"https:\/\/api.w.org\/{rel}","templated":true}]}}