{"id":4182,"date":"2022-05-19T08:25:37","date_gmt":"2022-05-19T08:25:37","guid":{"rendered":"https:\/\/castelodesaojorge.pt\/castle\/interactive-map\/"},"modified":"2022-12-11T02:53:01","modified_gmt":"2022-12-11T02:53:01","slug":"interactive-map","status":"publish","type":"page","link":"https:\/\/castelodesaojorge.pt\/en\/castle\/interactive-map\/","title":{"rendered":"Interactive Map"},"content":{"rendered":"\n<p>O Castelo de S\u00e3o Jorge, assente numa colina sobranceira ao rio Tejo, constitu\u00eda, na Idade M\u00e9dia, a cabe\u00e7a de um complexo sistema defensivo com ra\u00edzes construtivas no per\u00edodo da ocupa\u00e7\u00e3o mu\u00e7ulmana. Os dois an\u00e9is de muralha dividiam a cidade em duas \u00e1reas: a alc\u00e1\u00e7ova, junto ao castelo, que era a zona residencial das elites; e a medina, o aglomerado urbano. O monumento nacional alberga, atualmente, v\u00e1rios espa\u00e7os de grande valor hist\u00f3rico: o castelejo, as ru\u00ednas do antigo Pa\u00e7o Real da Alc\u00e1\u00e7ova e o N\u00facleo Arqueol\u00f3gico. A mem\u00f3ria hist\u00f3rica deste espa\u00e7o \u00e9 abrangente, estendendo-se desde o tempo da funda\u00e7\u00e3o de Lisboa at\u00e9 \u00e0s interven\u00e7\u00f5es arquitet\u00f3nicas e paisag\u00edsticas que decorreram nos s\u00e9culos XX e XXI.<\/p>\n\n\n<!-- imagelinks begin -->\n<div id=\"imgl-1-0j1lj\" class=\"imgl-map imgl-map-1 \"data-json-src=\"https:\/\/castelodesaojorge.pt\/wp-content\/uploads\/imagelinks\/1\/config.json?ver=1675694566\" data-item-id=\"1\" style=\"display:none;\" >\n<div class=\"imgl-store\">\n<div class=\"imgl-pin imgl-pin-1\" data-id=\"1\">\n<div class=\"imgl-pin-data\">\n<\/div>\n<\/div>\n<div class=\"imgl-pin imgl-pin-2\" data-id=\"2\">\n<div class=\"imgl-pin-data\">\n<\/div>\n<\/div>\n<div class=\"imgl-pin imgl-pin-3\" data-id=\"3\">\n<div class=\"imgl-pin-data\">\n<\/div>\n<\/div>\n<div class=\"imgl-pin imgl-pin-4\" data-id=\"4\">\n<div class=\"imgl-pin-data\">\n<\/div>\n<\/div>\n<div class=\"imgl-pin imgl-pin-5\" data-id=\"5\">\n<div class=\"imgl-pin-data\">\n<\/div>\n<\/div>\n<div class=\"imgl-pin imgl-pin-6\" data-id=\"6\">\n<div class=\"imgl-pin-data\">\n<\/div>\n<\/div>\n<div class=\"imgl-pin imgl-pin-7\" data-id=\"7\">\n<div class=\"imgl-pin-data\">\n<\/div>\n<\/div>\n<div class=\"imgl-pin imgl-pin-8\" data-id=\"8\">\n<div class=\"imgl-pin-data\">\n<\/div>\n<\/div>\n<div class=\"imgl-pin imgl-pin-9\" data-id=\"9\">\n<div class=\"imgl-pin-data\">\n<\/div>\n<\/div>\n<div class=\"imgl-pin imgl-pin-10\" data-id=\"10\">\n<div class=\"imgl-pin-data\">\n<\/div>\n<\/div>\n<div class=\"imgl-pin imgl-pin-11\" data-id=\"11\">\n<div class=\"imgl-pin-data\">\n<\/div>\n<\/div>\n<div class=\"imgl-pin imgl-pin-12\" data-id=\"12\">\n<div class=\"imgl-pin-data\">\n<\/div>\n<\/div>\n<div class=\"imgl-pin imgl-pin-13\" data-id=\"13\">\n<div class=\"imgl-pin-data\">\n<\/div>\n<\/div>\n<div class=\"imgl-pin imgl-pin-14\" data-id=\"14\">\n<div class=\"imgl-pin-data\">\n<\/div>\n<\/div>\n<div class=\"imgl-pin imgl-pin-15\" data-id=\"15\">\n<div class=\"imgl-pin-data\">\n<\/div>\n<\/div>\n<div class=\"imgl-pin imgl-pin-16\" data-id=\"16\">\n<div class=\"imgl-pin-data\">\n<\/div>\n<\/div>\n<div class=\"imgl-pin imgl-pin-17\" data-id=\"17\">\n<div class=\"imgl-pin-data\">\n<\/div>\n<\/div>\n<div class=\"imgl-pin imgl-pin-18\" data-id=\"18\">\n<div class=\"imgl-pin-data\">\n<\/div>\n<\/div>\n<div class=\"imgl-pin imgl-pin-19\" data-id=\"19\">\n<div class=\"imgl-pin-data\">\n<\/div>\n<\/div>\n<div class=\"imgl-pin imgl-pin-20\" data-id=\"20\">\n<div class=\"imgl-pin-data\">\n<\/div>\n<\/div>\n<div class=\"imgl-pin imgl-pin-21\" data-id=\"21\">\n<div class=\"imgl-pin-data\">\n<\/div>\n<\/div>\n<div class=\"imgl-pin imgl-pin-22\" data-id=\"22\">\n<div class=\"imgl-pin-data\">\n<\/div>\n<\/div>\n<div class=\"imgl-pin imgl-pin-23\" data-id=\"23\">\n<div class=\"imgl-pin-data\">\n<\/div>\n<\/div>\n<div class=\"imgl-pin imgl-pin-24\" data-id=\"24\">\n<div class=\"imgl-pin-data\">\n<\/div>\n<\/div>\n<div class=\"imgl-pin imgl-pin-25\" data-id=\"25\">\n<div class=\"imgl-pin-data\">\n<\/div>\n<\/div>\n<div class=\"imgl-pin imgl-pin-26\" data-id=\"26\">\n<div class=\"imgl-pin-data\">\n<\/div>\n<\/div>\n<div class=\"imgl-pin imgl-pin-27\" data-id=\"27\">\n<div class=\"imgl-pin-data\">\n<\/div>\n<\/div>\n<div class=\"imgl-pin imgl-pin-28\" data-id=\"28\">\n<div class=\"imgl-pin-data\">\n<\/div>\n<\/div>\n<div class=\"imgl-pin imgl-pin-29\" data-id=\"29\">\n<div class=\"imgl-pin-data\">\n<\/div>\n<\/div>\n<div class=\"imgl-pin imgl-pin-30\" data-id=\"30\">\n<div class=\"imgl-pin-data\">\n<\/div>\n<\/div>\n<div class=\"imgl-pin imgl-pin-31\" data-id=\"31\">\n<div class=\"imgl-pin-data\">\n<\/div>\n<\/div>\n<div class=\"imgl-pin imgl-pin-32\" data-id=\"32\">\n<div class=\"imgl-pin-data\">\n<\/div>\n<\/div>\n<div class=\"imgl-pin imgl-pin-33\" data-id=\"33\">\n<div class=\"imgl-pin-data\">\n<\/div>\n<\/div>\n<div class=\"imgl-pin imgl-pin-34\" data-id=\"34\">\n<div class=\"imgl-pin-data\">\n<\/div>\n<\/div>\n<div class=\"imgl-pin imgl-pin-35\" data-id=\"35\">\n<div class=\"imgl-pin-data\">\n<\/div>\n<\/div>\n<div class=\"imgl-pin imgl-pin-36\" data-id=\"36\">\n<div class=\"imgl-pin-data\">\n<\/div>\n<\/div>\n<div class=\"imgl-pin imgl-pin-37\" data-id=\"37\">\n<div class=\"imgl-pin-data\">\n<\/div>\n<\/div>\n<div class=\"imgl-tt imgl-tt-1\" data-id=\"1\" >\n<p><b>TORRE DO PA\u00c7O<\/b><\/p>\n<p>Situada no \u00e2ngulo sudoeste do Castelo, junto ao pa\u00e7o real, tem planta retangular e cerca de 7,6 m por 10 m. Foi arrasada pelo terramoto de 1755 at\u00e9 pouco mais de 3 m acima das muralhas e reconstru\u00edda em fase posterior. Alguns autores consideram que pode ser esta a torre menagem. Articulava-se com o Pa\u00e7o Real e faria parte de uma zona habitacional instalada nalgumas torres e depend\u00eancias do Castelo. Nas representa\u00e7\u00f5es do s\u00e9culo XVI e XVII aparece com telhado de 4 \u00e1guas e encimada pela bandeira real.<\/p><\/div>\n<div class=\"imgl-tt imgl-tt-2\" data-id=\"2\" >\n<p><b>TORRE DO PA\u00c7O<\/b><br \/>Situada no \u00e2ngulo sudoeste do Castelo, junto ao pa\u00e7o real, tem planta retangular e cerca de 7,6 m por 10 m. Foi arrasada pelo terramoto de 1755 at\u00e9 pouco mais de 3 m acima das muralhas e reconstru\u00edda em fase posterior. Alguns autores consideram que pode ser esta a torre menagem. Articulava-se com o Pa\u00e7o Real e faria parte de uma zona habitacional instalada nalgumas torres e depend\u00eancias do Castelo. Nas representa\u00e7\u00f5es do s\u00e9culo XVI e XVII aparece com telhado de 4 \u00e1guas e encimada pela bandeira real.<\/p><\/div>\n<div class=\"imgl-tt imgl-tt-3\" data-id=\"3\" >\n<p><b>TORRE DE ULISSES, TORRE ALBARR\u00c3 OU TORRE DO HAVER<\/b><br \/>Torre sobre a porta principal ligada \u00e0 muralha por uma ponte. Cr\u00ea-se que funcionou, com outras estruturas adjacentes, como guardi\u00e3 do Tesouro R\u00e9gio e, a partir de 1378, como Arquivo Real, onde se registavam os documentos da administra\u00e7\u00e3o r\u00e9gia.<\/p><\/div>\n<div class=\"imgl-tt imgl-tt-4\" data-id=\"4\" >\n<p><b>CAMERA OBSCURA OU PERISC\u00d3PIO<\/b><br \/>Sistema \u00f3ptico, com um espelho, duas lentes e um ecr\u00e3, instalado numa das torres do castelo, em 1998, que permite observar, em tempo real, a cidade de Lisboa em 360\u00ba.<\/p><\/div>\n<div class=\"imgl-tt imgl-tt-5\" data-id=\"5\" >\n<p><b>CASTELEJO<\/b><br \/>Recinto fortificado composto por v\u00e1rios panos de muralha com 10 torres e cubelos, adarve ou caminho de ronda, duas pra\u00e7as de armas, um fosso e uma barbac\u00e3. Inclui elementos construtivos anteriores, nomeadamente do castelo isl\u00e2mico do s\u00e9culo X.<\/p><\/div>\n<div class=\"imgl-tt imgl-tt-6\" data-id=\"6\" >\n<p><strong>PORTA DO ESP\u00cdRITO SANTO<\/strong><\/p>\n<p>Deve o seu nome \u00e0 desaparecida ermida do Esp\u00edrito Santo. Esta porta ostenta, no exterior, o s\u00edmbolo de dois reis: o bras\u00e3o de armas de D. Afonso III e a esfera armilar de D. Manuel I.<\/p><\/div>\n<div class=\"imgl-tt imgl-tt-7\" data-id=\"7\" >\n<p><b>TORRE DE S. LOUREN\u00c7O<\/b><\/p><\/div>\n<div class=\"imgl-tt imgl-tt-8\" data-id=\"8\" >\n<p><b>COLE\u00c7\u00c3O DE ARTILHARIA<\/b><br \/>\u00c9 constitu\u00edda por 14 pe\u00e7as originais e 1 r\u00e9plica, datadas dos s\u00e9culos XVII a XIX. Destaque para a pe\u00e7a de artilharia da oficina de Pero Dias Bocarro fundida em Goa (\u00cdndia) no s\u00e9culo XVII.<\/p><\/div>\n<div class=\"imgl-tt imgl-tt-9\" data-id=\"9\" >\n<p><b>MIRADOURO<\/b><\/p><\/div>\n<div class=\"imgl-tt imgl-tt-10\" data-id=\"10\" >\n<p><strong>D.MANUEL I<\/strong><\/p>\n<p>Rei de Portugal entre 1495 e 1521. Realizou uma grande campanha de obras no Pa\u00e7o da Alc\u00e1\u00e7ova do Castelo de S. Jorge. No seu reinado descobriu-se a rota mar\u00edtima entre Portugal e a \u00cdndia (1498). A escultura, em pedra calc\u00e1ria, datada de 1933, \u00e9 da autoria de Maximiano Alves.<\/p><\/div>\n<div class=\"imgl-tt imgl-tt-11\" data-id=\"11\" >\n<p><strong>PA\u00c7O REAL DA ALC\u00c1\u00c7OVA<\/strong><\/p>\n<p>Resid\u00eancia r\u00e9gia de Lisboa entre os s\u00e9culos XIII e XVI. Foi adaptado a quartel e pris\u00e3o at\u00e9 \u00e0 sua parcial destrui\u00e7\u00e3o, no terramoto de 1755. O presente conjunto edificado constitui a mem\u00f3ria do antigo Pa\u00e7o.<\/p><\/div>\n<div class=\"imgl-tt imgl-tt-12\" data-id=\"12\" >\n<p><strong>JARDIM<\/strong><\/p>\n<p>Jardim de esp\u00e9cies aut\u00f3ctones da floresta portuguesa, da autoria dos arquitetos Francisco Ribeiro Telles e Pulido Garcia (1959).<\/p><\/div>\n<div class=\"imgl-tt imgl-tt-13\" data-id=\"13\" >\n<p><strong>PRA\u00c7A DE ARMAS<\/strong><\/p>\n<p>Baluarte de defesa constru\u00eddo no per\u00edodo de Uni\u00e3o Ib\u00e9rica (1580-1640). Miradouro com vista panor\u00e2mica sobre Lisboa e sobre o rio Tejo.<\/p><\/div>\n<div class=\"imgl-tt imgl-tt-14\" data-id=\"14\" >\n<p><strong>D. AFONSO HENRIQUES<\/strong><\/p>\n<p>Nasceu nos in\u00edcios do s\u00e9culo XII e foi o primeiro rei de Portugal (1139-1185). A est\u00e1tua, em bronze, uma r\u00e9plica da original executada pelo escultor Soares dos Reis, entre 1885 e 1887, foi uma oferta da cidade do Porto por ocasi\u00e3o do centen\u00e1rio da conquista da cidade (1947).<\/p><\/div>\n<div class=\"imgl-tt imgl-tt-15\" data-id=\"15\" >\n<p><strong>ARCO DE S\u00c3O JORGE<\/strong><\/p>\n<p>Arco revestido a m\u00e1rmore, constru\u00eddo em 1846, reinado de D. Maria II. Sobreposto a uma das portas da muralha da Alc\u00e1\u00e7ova e constitui hoje a porta de entrada do bairro do Castelo.<\/p><\/div>\n<div class=\"imgl-tt imgl-tt-16\" data-id=\"16\" >\n<p><strong>IGREJA DE SANTA CRUZ<\/strong><\/p>\n<p>A igreja original remonta \u00e0 segunda metade do s\u00e9culo XII e foi destru\u00edda pelo terramoto de 1755. No seu lugar foi constru\u00edda a actual igreja, no final do s\u00e9culo XVIII (a porta principal ostenta a data de 1776).<\/p><\/div>\n<div class=\"imgl-tt imgl-tt-17\" data-id=\"17\" >\n<p><strong>N\u00daCLEO ARQUEOL\u00d3GICO<\/strong><\/p>\n<p>Musealiza\u00e7\u00e3o das estruturas arqueol\u00f3gicas da Idade do Ferro, da \u00e9poca Isl\u00e2mica, da Idade M\u00e9dia e da Idade Moderna. O projecto, do arquitecto Jo\u00e3o Carrilho da Gra\u00e7a, ganhou o Piranesi Prix de Roma, em 2010.<\/p><\/div>\n<div class=\"imgl-tt imgl-tt-18\" data-id=\"18\" >\n<p><b>ESCADAS<\/b><\/p><\/div>\n<div class=\"imgl-tt imgl-tt-19\" data-id=\"19\" >\n<p><b>ESCADAS<\/b><\/p><\/div>\n<div class=\"imgl-tt imgl-tt-20\" data-id=\"20\" >\n<p><b>ESCADAS<\/b><\/p><\/div>\n<div class=\"imgl-tt imgl-tt-21\" data-id=\"21\" >\n<p><b>ESCADAS<\/b><\/p><\/div>\n<div class=\"imgl-tt imgl-tt-22\" data-id=\"22\" >\n<p><b>ESCADAS<\/b><\/p><\/div>\n<div class=\"imgl-tt imgl-tt-23\" data-id=\"23\" >\n<p><b>ESCADAS<\/b><\/p><\/div>\n<div class=\"imgl-tt imgl-tt-24\" data-id=\"24\" >\n<p><b>ESCADAS<\/b><\/p><\/div>\n<div class=\"imgl-tt imgl-tt-25\" data-id=\"25\" >\n<p><b>PERCURSO COM RAMPA<\/b><\/p><\/div>\n<div class=\"imgl-tt imgl-tt-26\" data-id=\"26\" >\n<p><b>SANIT\u00c1RIOS<\/b><\/p><\/div>\n<div class=\"imgl-tt imgl-tt-27\" data-id=\"27\" >\n<p><b>SANIT\u00c1RIOS<\/b><\/p><\/div>\n<div class=\"imgl-tt imgl-tt-28\" data-id=\"28\" >\n<p><b>LOJA<\/b><\/p><\/div>\n<div class=\"imgl-tt imgl-tt-29\" data-id=\"29\" >\n<p><b>LOJA<\/b><\/p><\/div>\n<div class=\"imgl-tt imgl-tt-30\" data-id=\"30\" >\n<p><b>PONTO DE ENCONTRO<\/b><\/p><\/div>\n<div class=\"imgl-tt imgl-tt-31\" data-id=\"31\" >\n<p><b>INFORMA\u00c7\u00d5ES<\/b><\/p><\/div>\n<div class=\"imgl-tt imgl-tt-32\" data-id=\"32\" >\n<p><b>RESTAURANTE<\/b><\/p><\/div>\n<div class=\"imgl-tt imgl-tt-33\" data-id=\"33\" >\n<p><b>INFORMA\u00c7\u00d5ES E BILHETEIRA<\/b><\/p><\/div>\n<div class=\"imgl-tt imgl-tt-34\" data-id=\"34\" >\n<p><b>ENTRADA DO N\u00daCLEO MUSEOL\u00d3GICO<\/b><\/p><\/div>\n<div class=\"imgl-tt imgl-tt-35\" data-id=\"35\" >\n<p><b>ENTRADA \/ SA\u00cdDA<\/b><\/p><\/div>\n<div class=\"imgl-tt imgl-tt-36\" data-id=\"36\" >\n<p><b>ENTRADA \/ SA\u00cdDA CASTELEJO<\/b><\/p><\/div>\n<div class=\"imgl-tt imgl-tt-37\" data-id=\"37\" >\n<p><b>ENTRADA \/ SA\u00cdDA CASTELEJO<\/b><\/p><\/div>\n<\/div>\n<\/div>\n<!-- imagelinks end -->\n\n","protected":false},"excerpt":{"rendered":"<p>O Castelo de S\u00e3o Jorge, assente numa colina sobranceira ao rio Tejo, constitu\u00eda, na Idade M\u00e9dia, a cabe\u00e7a de um complexo sistema defensivo com ra\u00edzes construtivas no per\u00edodo da ocupa\u00e7\u00e3o mu\u00e7ulmana. Os dois an\u00e9is de muralha dividiam a cidade em duas \u00e1reas: a alc\u00e1\u00e7ova, junto ao castelo, que era a zona residencial das elites; e [&hellip;]<\/p>\n","protected":false},"author":1,"featured_media":1594,"parent":3853,"menu_order":5,"comment_status":"closed","ping_status":"closed","template":"","meta":{"advgb_blocks_editor_width":"","advgb_blocks_columns_visual_guide":"","footnotes":""},"class_list":["post-4182","page","type-page","status-publish","has-post-thumbnail","hentry"],"acf":[],"yoast_head":"<!-- This site is optimized with the Yoast SEO plugin v27.4 - https:\/\/yoast.com\/product\/yoast-seo-wordpress\/ -->\n<title>Interactive Map - Castelo de S\u00e3o Jorge<\/title>\n<meta name=\"robots\" content=\"index, follow, max-snippet:-1, max-image-preview:large, max-video-preview:-1\" \/>\n<link rel=\"canonical\" href=\"https:\/\/castelodesaojorge.pt\/en\/castle\/interactive-map\/\" \/>\n<meta property=\"og:locale\" content=\"en_US\" \/>\n<meta property=\"og:type\" content=\"article\" \/>\n<meta property=\"og:title\" content=\"Interactive Map - Castelo de S\u00e3o Jorge\" \/>\n<meta property=\"og:description\" content=\"O Castelo de S\u00e3o Jorge, assente numa colina sobranceira ao rio Tejo, constitu\u00eda, na Idade M\u00e9dia, a cabe\u00e7a de um complexo sistema defensivo com ra\u00edzes construtivas no per\u00edodo da ocupa\u00e7\u00e3o mu\u00e7ulmana. Os dois an\u00e9is de muralha dividiam a cidade em duas \u00e1reas: a alc\u00e1\u00e7ova, junto ao castelo, que era a zona residencial das elites; e [&hellip;]\" \/>\n<meta property=\"og:url\" content=\"https:\/\/castelodesaojorge.pt\/en\/castle\/interactive-map\/\" \/>\n<meta property=\"og:site_name\" content=\"Castelo de S\u00e3o Jorge\" \/>\n<meta property=\"article:publisher\" content=\"https:\/\/www.facebook.com\/castelodesaojorge\" \/>\n<meta property=\"article:modified_time\" content=\"2022-12-11T02:53:01+00:00\" \/>\n<meta property=\"og:image\" content=\"https:\/\/castelodesaojorge.pt\/wp-content\/uploads\/2022\/05\/o-monumento-nacional.jpg\" \/>\n\t<meta property=\"og:image:width\" content=\"1920\" \/>\n\t<meta property=\"og:image:height\" content=\"982\" \/>\n\t<meta property=\"og:image:type\" content=\"image\/jpeg\" \/>\n<meta name=\"twitter:card\" content=\"summary_large_image\" \/>\n<meta name=\"twitter:label1\" content=\"Est. reading time\" \/>\n\t<meta name=\"twitter:data1\" content=\"1 minute\" \/>\n<script type=\"application\/ld+json\" class=\"yoast-schema-graph\">{\"@context\":\"https:\\\/\\\/schema.org\",\"@graph\":[{\"@type\":\"WebPage\",\"@id\":\"https:\\\/\\\/castelodesaojorge.pt\\\/en\\\/castle\\\/interactive-map\\\/\",\"url\":\"https:\\\/\\\/castelodesaojorge.pt\\\/en\\\/castle\\\/interactive-map\\\/\",\"name\":\"Interactive Map - Castelo de S\u00e3o Jorge\",\"isPartOf\":{\"@id\":\"https:\\\/\\\/castelodesaojorge.pt\\\/#website\"},\"primaryImageOfPage\":{\"@id\":\"https:\\\/\\\/castelodesaojorge.pt\\\/en\\\/castle\\\/interactive-map\\\/#primaryimage\"},\"image\":{\"@id\":\"https:\\\/\\\/castelodesaojorge.pt\\\/en\\\/castle\\\/interactive-map\\\/#primaryimage\"},\"thumbnailUrl\":\"https:\\\/\\\/castelodesaojorge.pt\\\/wp-content\\\/uploads\\\/2022\\\/05\\\/o-monumento-nacional.jpg\",\"datePublished\":\"2022-05-19T08:25:37+00:00\",\"dateModified\":\"2022-12-11T02:53:01+00:00\",\"breadcrumb\":{\"@id\":\"https:\\\/\\\/castelodesaojorge.pt\\\/en\\\/castle\\\/interactive-map\\\/#breadcrumb\"},\"inLanguage\":\"en-US\",\"potentialAction\":[{\"@type\":\"ReadAction\",\"target\":[\"https:\\\/\\\/castelodesaojorge.pt\\\/en\\\/castle\\\/interactive-map\\\/\"]}]},{\"@type\":\"ImageObject\",\"inLanguage\":\"en-US\",\"@id\":\"https:\\\/\\\/castelodesaojorge.pt\\\/en\\\/castle\\\/interactive-map\\\/#primaryimage\",\"url\":\"https:\\\/\\\/castelodesaojorge.pt\\\/wp-content\\\/uploads\\\/2022\\\/05\\\/o-monumento-nacional.jpg\",\"contentUrl\":\"https:\\\/\\\/castelodesaojorge.pt\\\/wp-content\\\/uploads\\\/2022\\\/05\\\/o-monumento-nacional.jpg\",\"width\":1920,\"height\":982,\"caption\":\"\u00a9 Kenton Thatcher\"},{\"@type\":\"BreadcrumbList\",\"@id\":\"https:\\\/\\\/castelodesaojorge.pt\\\/en\\\/castle\\\/interactive-map\\\/#breadcrumb\",\"itemListElement\":[{\"@type\":\"ListItem\",\"position\":1,\"name\":\"In\u00edcio\",\"item\":\"https:\\\/\\\/castelodesaojorge.pt\\\/\"},{\"@type\":\"ListItem\",\"position\":2,\"name\":\"Castle\",\"item\":\"https:\\\/\\\/castelodesaojorge.pt\\\/en\\\/castle\\\/\"},{\"@type\":\"ListItem\",\"position\":3,\"name\":\"Interactive Map\"}]},{\"@type\":\"WebSite\",\"@id\":\"https:\\\/\\\/castelodesaojorge.pt\\\/#website\",\"url\":\"https:\\\/\\\/castelodesaojorge.pt\\\/\",\"name\":\"Castelo de S\u00e3o Jorge\",\"description\":\"\",\"publisher\":{\"@id\":\"https:\\\/\\\/castelodesaojorge.pt\\\/#organization\"},\"potentialAction\":[{\"@type\":\"SearchAction\",\"target\":{\"@type\":\"EntryPoint\",\"urlTemplate\":\"https:\\\/\\\/castelodesaojorge.pt\\\/?s={search_term_string}\"},\"query-input\":{\"@type\":\"PropertyValueSpecification\",\"valueRequired\":true,\"valueName\":\"search_term_string\"}}],\"inLanguage\":\"en-US\"},{\"@type\":\"Organization\",\"@id\":\"https:\\\/\\\/castelodesaojorge.pt\\\/#organization\",\"name\":\"Castelo de S\u00e3o Jorge\",\"url\":\"https:\\\/\\\/castelodesaojorge.pt\\\/\",\"logo\":{\"@type\":\"ImageObject\",\"inLanguage\":\"en-US\",\"@id\":\"https:\\\/\\\/castelodesaojorge.pt\\\/#\\\/schema\\\/logo\\\/image\\\/\",\"url\":\"https:\\\/\\\/castelodesaojorge.pt\\\/wp-content\\\/uploads\\\/2022\\\/07\\\/brancalogomarca_comp.png\",\"contentUrl\":\"https:\\\/\\\/castelodesaojorge.pt\\\/wp-content\\\/uploads\\\/2022\\\/07\\\/brancalogomarca_comp.png\",\"width\":295,\"height\":80,\"caption\":\"Castelo de S\u00e3o Jorge\"},\"image\":{\"@id\":\"https:\\\/\\\/castelodesaojorge.pt\\\/#\\\/schema\\\/logo\\\/image\\\/\"},\"sameAs\":[\"https:\\\/\\\/www.facebook.com\\\/castelodesaojorge\",\"https:\\\/\\\/www.instagram.com\\\/castelodesjorge\\\/\"]}]}<\/script>\n<!-- \/ Yoast SEO plugin. -->","yoast_head_json":{"title":"Interactive Map - Castelo de S\u00e3o Jorge","robots":{"index":"index","follow":"follow","max-snippet":"max-snippet:-1","max-image-preview":"max-image-preview:large","max-video-preview":"max-video-preview:-1"},"canonical":"https:\/\/castelodesaojorge.pt\/en\/castle\/interactive-map\/","og_locale":"en_US","og_type":"article","og_title":"Interactive Map - Castelo de S\u00e3o Jorge","og_description":"O Castelo de S\u00e3o Jorge, assente numa colina sobranceira ao rio Tejo, constitu\u00eda, na Idade M\u00e9dia, a cabe\u00e7a de um complexo sistema defensivo com ra\u00edzes construtivas no per\u00edodo da ocupa\u00e7\u00e3o mu\u00e7ulmana. Os dois an\u00e9is de muralha dividiam a cidade em duas \u00e1reas: a alc\u00e1\u00e7ova, junto ao castelo, que era a zona residencial das elites; e [&hellip;]","og_url":"https:\/\/castelodesaojorge.pt\/en\/castle\/interactive-map\/","og_site_name":"Castelo de S\u00e3o Jorge","article_publisher":"https:\/\/www.facebook.com\/castelodesaojorge","article_modified_time":"2022-12-11T02:53:01+00:00","og_image":[{"width":1920,"height":982,"url":"https:\/\/castelodesaojorge.pt\/wp-content\/uploads\/2022\/05\/o-monumento-nacional.jpg","type":"image\/jpeg"}],"twitter_card":"summary_large_image","twitter_misc":{"Est. reading time":"1 minute"},"schema":{"@context":"https:\/\/schema.org","@graph":[{"@type":"WebPage","@id":"https:\/\/castelodesaojorge.pt\/en\/castle\/interactive-map\/","url":"https:\/\/castelodesaojorge.pt\/en\/castle\/interactive-map\/","name":"Interactive Map - Castelo de S\u00e3o Jorge","isPartOf":{"@id":"https:\/\/castelodesaojorge.pt\/#website"},"primaryImageOfPage":{"@id":"https:\/\/castelodesaojorge.pt\/en\/castle\/interactive-map\/#primaryimage"},"image":{"@id":"https:\/\/castelodesaojorge.pt\/en\/castle\/interactive-map\/#primaryimage"},"thumbnailUrl":"https:\/\/castelodesaojorge.pt\/wp-content\/uploads\/2022\/05\/o-monumento-nacional.jpg","datePublished":"2022-05-19T08:25:37+00:00","dateModified":"2022-12-11T02:53:01+00:00","breadcrumb":{"@id":"https:\/\/castelodesaojorge.pt\/en\/castle\/interactive-map\/#breadcrumb"},"inLanguage":"en-US","potentialAction":[{"@type":"ReadAction","target":["https:\/\/castelodesaojorge.pt\/en\/castle\/interactive-map\/"]}]},{"@type":"ImageObject","inLanguage":"en-US","@id":"https:\/\/castelodesaojorge.pt\/en\/castle\/interactive-map\/#primaryimage","url":"https:\/\/castelodesaojorge.pt\/wp-content\/uploads\/2022\/05\/o-monumento-nacional.jpg","contentUrl":"https:\/\/castelodesaojorge.pt\/wp-content\/uploads\/2022\/05\/o-monumento-nacional.jpg","width":1920,"height":982,"caption":"\u00a9 Kenton Thatcher"},{"@type":"BreadcrumbList","@id":"https:\/\/castelodesaojorge.pt\/en\/castle\/interactive-map\/#breadcrumb","itemListElement":[{"@type":"ListItem","position":1,"name":"In\u00edcio","item":"https:\/\/castelodesaojorge.pt\/"},{"@type":"ListItem","position":2,"name":"Castle","item":"https:\/\/castelodesaojorge.pt\/en\/castle\/"},{"@type":"ListItem","position":3,"name":"Interactive Map"}]},{"@type":"WebSite","@id":"https:\/\/castelodesaojorge.pt\/#website","url":"https:\/\/castelodesaojorge.pt\/","name":"Castelo de S\u00e3o Jorge","description":"","publisher":{"@id":"https:\/\/castelodesaojorge.pt\/#organization"},"potentialAction":[{"@type":"SearchAction","target":{"@type":"EntryPoint","urlTemplate":"https:\/\/castelodesaojorge.pt\/?s={search_term_string}"},"query-input":{"@type":"PropertyValueSpecification","valueRequired":true,"valueName":"search_term_string"}}],"inLanguage":"en-US"},{"@type":"Organization","@id":"https:\/\/castelodesaojorge.pt\/#organization","name":"Castelo de S\u00e3o Jorge","url":"https:\/\/castelodesaojorge.pt\/","logo":{"@type":"ImageObject","inLanguage":"en-US","@id":"https:\/\/castelodesaojorge.pt\/#\/schema\/logo\/image\/","url":"https:\/\/castelodesaojorge.pt\/wp-content\/uploads\/2022\/07\/brancalogomarca_comp.png","contentUrl":"https:\/\/castelodesaojorge.pt\/wp-content\/uploads\/2022\/07\/brancalogomarca_comp.png","width":295,"height":80,"caption":"Castelo de S\u00e3o Jorge"},"image":{"@id":"https:\/\/castelodesaojorge.pt\/#\/schema\/logo\/image\/"},"sameAs":["https:\/\/www.facebook.com\/castelodesaojorge","https:\/\/www.instagram.com\/castelodesjorge\/"]}]}},"coauthors":[],"author_meta":{"author_link":"https:\/\/castelodesaojorge.pt\/en\/author\/administrador\/","display_name":"Administrador"},"relative_dates":{"created":"Posted 4 years ago","modified":"Updated 3 years ago"},"absolute_dates":{"created":"Posted on 19 de May, 2022","modified":"Updated on 11 de December, 2022"},"absolute_dates_time":{"created":"Posted on 19 de May, 2022 8:25","modified":"Updated on 11 de December, 2022 2:53"},"featured_img_caption":"\u00a9 Kenton Thatcher","featured_img":"https:\/\/castelodesaojorge.pt\/wp-content\/uploads\/2022\/05\/o-monumento-nacional.jpg","series_order":"","_links":{"self":[{"href":"https:\/\/castelodesaojorge.pt\/en\/wp-json\/wp\/v2\/pages\/4182","targetHints":{"allow":["GET"]}}],"collection":[{"href":"https:\/\/castelodesaojorge.pt\/en\/wp-json\/wp\/v2\/pages"}],"about":[{"href":"https:\/\/castelodesaojorge.pt\/en\/wp-json\/wp\/v2\/types\/page"}],"author":[{"embeddable":true,"href":"https:\/\/castelodesaojorge.pt\/en\/wp-json\/wp\/v2\/users\/1"}],"replies":[{"embeddable":true,"href":"https:\/\/castelodesaojorge.pt\/en\/wp-json\/wp\/v2\/comments?post=4182"}],"version-history":[{"count":0,"href":"https:\/\/castelodesaojorge.pt\/en\/wp-json\/wp\/v2\/pages\/4182\/revisions"}],"up":[{"embeddable":true,"href":"https:\/\/castelodesaojorge.pt\/en\/wp-json\/wp\/v2\/pages\/3853"}],"wp:featuredmedia":[{"embeddable":true,"href":"https:\/\/castelodesaojorge.pt\/en\/wp-json\/wp\/v2\/media\/1594"}],"wp:attachment":[{"href":"https:\/\/castelodesaojorge.pt\/en\/wp-json\/wp\/v2\/media?parent=4182"}],"curies":[{"name":"wp","href":"https:\/\/api.w.org\/{rel}","templated":true}]}}