{"id":5852,"date":"2022-07-25T19:12:06","date_gmt":"2022-07-25T19:12:06","guid":{"rendered":"https:\/\/castelodesaojorge.pt\/site-map\/"},"modified":"2023-01-26T14:40:44","modified_gmt":"2023-01-26T14:40:44","slug":"site-map","status":"publish","type":"page","link":"https:\/\/castelodesaojorge.pt\/en\/site-map\/","title":{"rendered":"Site Map"},"content":{"rendered":"<div id=\"simple-sitemap-container-69eb813c9df1f\" class=\"simple-sitemap-container simple-sitemap-container-69eb813c9df1f tab-disabled\"><div class=\"simple-sitemap-wrap\"><ul class=\"simple-sitemap-page main\"><li class=\"sitemap-item page_item page-item-3853 page_item_has_children\"><a href=\"https:\/\/castelodesaojorge.pt\/en\/castle\/\">Castle<\/a>\n<ul class='children'>\n\t<li class=\"sitemap-item page_item page-item-3855 page_item_has_children\"><a href=\"https:\/\/castelodesaojorge.pt\/en\/castle\/national-monument\/\">National Monument<\/a>\n\t<ul class='children'>\n\t\t<li class=\"sitemap-item page_item page-item-3856\"><a href=\"https:\/\/castelodesaojorge.pt\/en\/castle\/national-monument\/the-castelo-de-sao-jorge\/\">The Castelo de S\u00e3o Jorge<\/a><\/li>\n\t\t<li class=\"sitemap-item page_item page-item-3857\"><a href=\"https:\/\/castelodesaojorge.pt\/en\/castle\/national-monument\/the-royal-palace\/\">The Royal Palace<\/a><\/li>\n\t\t<li class=\"sitemap-item page_item page-item-3858\"><a href=\"https:\/\/castelodesaojorge.pt\/en\/castle\/national-monument\/the-squares\/\">The Squares<\/a><\/li>\n\t\t<li class=\"sitemap-item page_item page-item-3860\"><a href=\"https:\/\/castelodesaojorge.pt\/en\/castle\/national-monument\/the-walls\/\">The Walls<\/a><\/li>\n\t\t<li class=\"sitemap-item page_item page-item-3862 page_item_has_children\"><a href=\"https:\/\/castelodesaojorge.pt\/en\/castle\/national-monument\/history\/\">History<\/a>\n\t\t<ul class='children'>\n\t\t\t<li class=\"sitemap-item page_item page-item-3863\"><a href=\"https:\/\/castelodesaojorge.pt\/en\/castle\/national-monument\/history\/origins-and-development\/\">Origins and Development<\/a><\/li>\n\t\t\t<li class=\"sitemap-item page_item page-item-3864\"><a href=\"https:\/\/castelodesaojorge.pt\/en\/castle\/national-monument\/history\/buildings-which-have-disappeared\/\">Buildings which have disappeared<\/a><\/li>\n\t\t\t<li class=\"sitemap-item page_item page-item-3871 page_item_has_children\"><a href=\"https:\/\/castelodesaojorge.pt\/en\/castle\/national-monument\/history\/important-figures\/\">Important Figures<\/a>\n\t\t\t<ul class='children'>\n\t\t\t\t<li class=\"sitemap-item page_item page-item-3867\"><a href=\"https:\/\/castelodesaojorge.pt\/en\/castle\/national-monument\/history\/important-figures\/king-manuel-i\/\">King Manuel I<\/a><\/li>\n\t\t\t\t<li class=\"sitemap-item page_item page-item-3869\"><a href=\"https:\/\/castelodesaojorge.pt\/en\/castle\/national-monument\/history\/important-figures\/king-sebastian\/\">King Sebastian<\/a><\/li>\n\t\t\t\t<li class=\"sitemap-item page_item page-item-4136\"><a href=\"https:\/\/castelodesaojorge.pt\/en\/castle\/national-monument\/history\/important-figures\/king-afonso-henriques\/\">King Afonso Henriques<\/a><\/li>\n\t\t\t\t<li class=\"sitemap-item page_item page-item-4140\"><a href=\"https:\/\/castelodesaojorge.pt\/en\/castle\/national-monument\/history\/important-figures\/king-afonso-iii\/\">King Afonso III<\/a><\/li>\n\t\t\t\t<li class=\"sitemap-item page_item page-item-4142\"><a href=\"https:\/\/castelodesaojorge.pt\/en\/castle\/national-monument\/history\/important-figures\/king-denis\/\">King Denis<\/a><\/li>\n\t\t\t\t<li class=\"sitemap-item page_item page-item-4144\"><a href=\"https:\/\/castelodesaojorge.pt\/en\/castle\/national-monument\/history\/important-figures\/king-ferdinand\/\">King Ferdinand<\/a><\/li>\n\t\t\t\t<li class=\"sitemap-item page_item page-item-4146\"><a href=\"https:\/\/castelodesaojorge.pt\/en\/castle\/national-monument\/history\/important-figures\/king-john-i\/\">King John I<\/a><\/li>\n\t\t\t\t<li class=\"sitemap-item page_item page-item-5747\"><a href=\"https:\/\/castelodesaojorge.pt\/en\/castle\/national-monument\/history\/important-figures\/king-afonso-v\/\">King Afonso V<\/a><\/li>\n\t\t\t<\/ul>\n<\/li>\n\t\t<\/ul>\n<\/li>\n\t<\/ul>\n<\/li>\n\t<li class=\"sitemap-item page_item page-item-3872 page_item_has_children\"><a href=\"https:\/\/castelodesaojorge.pt\/en\/castle\/archaeology\/\">Archaeology<\/a>\n\t<ul class='children'>\n\t\t<li class=\"sitemap-item page_item page-item-3873\"><a href=\"https:\/\/castelodesaojorge.pt\/en\/castle\/archaeology\/archaeological-excavations\/\">Archaeological Excavations<\/a><\/li>\n\t\t<li class=\"sitemap-item page_item page-item-3874\"><a href=\"https:\/\/castelodesaojorge.pt\/en\/castle\/archaeology\/conservation-and-restoration\/\">Conservation and restoration<\/a><\/li>\n\t\t<li class=\"sitemap-item page_item page-item-4161\"><a href=\"https:\/\/castelodesaojorge.pt\/en\/castle\/archaeology\/archaeological-centre\/\">Archaeological Centre<\/a><\/li>\n\t<\/ul>\n<\/li>\n\t<li class=\"sitemap-item page_item page-item-3875 page_item_has_children\"><a href=\"https:\/\/castelodesaojorge.pt\/en\/castle\/collections\/\">Collections<\/a>\n\t<ul class='children'>\n\t\t<li class=\"sitemap-item page_item page-item-3877 page_item_has_children\"><a href=\"https:\/\/castelodesaojorge.pt\/en\/castle\/collections\/other-collections\/\">Other Collections<\/a>\n\t\t<ul class='children'>\n\t\t\t<li class=\"sitemap-item page_item page-item-3879\"><a href=\"https:\/\/castelodesaojorge.pt\/en\/castle\/collections\/other-collections\/artillery\/\">Artillery<\/a><\/li>\n\t\t\t<li class=\"sitemap-item page_item page-item-4168\"><a href=\"https:\/\/castelodesaojorge.pt\/en\/castle\/collections\/other-collections\/statuary\/\">Statuary<\/a><\/li>\n\t\t<\/ul>\n<\/li>\n\t\t<li class=\"sitemap-item page_item page-item-4164\"><a href=\"https:\/\/castelodesaojorge.pt\/en\/castle\/collections\/museum-centre\/\">Museum Centre<\/a><\/li>\n\t\t<li class=\"sitemap-item page_item page-item-4166\"><a href=\"https:\/\/castelodesaojorge.pt\/en\/castle\/collections\/highlight-of-the-month\/\">Highlight of the month<\/a><\/li>\n\t<\/ul>\n<\/li>\n\t<li class=\"sitemap-item page_item page-item-3880 page_item_has_children\"><a href=\"https:\/\/castelodesaojorge.pt\/en\/castle\/space-and-landscape\/\">Space and Landscape<\/a>\n\t<ul class='children'>\n\t\t<li class=\"sitemap-item page_item page-item-3881 page_item_has_children\"><a href=\"https:\/\/castelodesaojorge.pt\/en\/castle\/space-and-landscape\/biodiversity\/\">Biodiversity<\/a>\n\t\t<ul class='children'>\n\t\t\t<li class=\"sitemap-item page_item page-item-4173\"><a href=\"https:\/\/castelodesaojorge.pt\/en\/castle\/space-and-landscape\/biodiversity\/fauna\/\">Fauna<\/a><\/li>\n\t\t\t<li class=\"sitemap-item page_item page-item-4174\"><a href=\"https:\/\/castelodesaojorge.pt\/en\/castle\/space-and-landscape\/biodiversity\/flora\/\">Flora<\/a><\/li>\n\t\t<\/ul>\n<\/li>\n\t\t<li class=\"sitemap-item page_item page-item-4176 page_item_has_children\"><a href=\"https:\/\/castelodesaojorge.pt\/en\/castle\/space-and-landscape\/research\/\">Research<\/a>\n\t\t<ul class='children'>\n\t\t\t<li class=\"sitemap-item page_item page-item-4180\"><a href=\"https:\/\/castelodesaojorge.pt\/en\/castle\/space-and-landscape\/research\/the-green-castle\/\">The Green Castle<\/a><\/li>\n\t\t<\/ul>\n<\/li>\n\t<\/ul>\n<\/li>\n\t<li class=\"sitemap-item page_item page-item-4182\"><a href=\"https:\/\/castelodesaojorge.pt\/en\/castle\/interactive-map\/\">Interactive Map<\/a><\/li>\n<\/ul>\n<\/li>\n<li class=\"sitemap-item page_item page-item-4126\"><a href=\"https:\/\/castelodesaojorge.pt\/en\/calendar\/\">Calendar<\/a><\/li>\n<li class=\"sitemap-item page_item page-item-3882 page_item_has_children\"><a href=\"https:\/\/castelodesaojorge.pt\/en\/plan-your-visit\/\">Plan Your Visit<\/a>\n<ul class='children'>\n\t<li class=\"sitemap-item page_item page-item-3883\"><a href=\"https:\/\/castelodesaojorge.pt\/en\/plan-your-visit\/schedules\/\">Schedules<\/a><\/li>\n\t<li class=\"sitemap-item page_item page-item-3884\"><a href=\"https:\/\/castelodesaojorge.pt\/en\/plan-your-visit\/how-to-arrive\/\">How to arrive<\/a><\/li>\n\t<li class=\"sitemap-item page_item page-item-3886\"><a href=\"https:\/\/castelodesaojorge.pt\/en\/plan-your-visit\/choose-your-ticket\/\">Choose Your Ticket<\/a><\/li>\n\t<li class=\"sitemap-item page_item page-item-3887\"><a href=\"https:\/\/castelodesaojorge.pt\/en\/plan-your-visit\/included-in-your-ticket\/\">Included in Your Ticket<\/a><\/li>\n\t<li class=\"sitemap-item page_item page-item-3888\"><a href=\"https:\/\/castelodesaojorge.pt\/en\/plan-your-visit\/guided-tours\/\">Guided Tours<\/a><\/li>\n\t<li class=\"sitemap-item page_item page-item-3889\"><a href=\"https:\/\/castelodesaojorge.pt\/en\/plan-your-visit\/shop\/\">Shop<\/a><\/li>\n\t<li class=\"sitemap-item page_item page-item-4183\"><a href=\"https:\/\/castelodesaojorge.pt\/en\/plan-your-visit\/sundays-at-the-castle\/\">Sundays at the Castle<\/a><\/li>\n<\/ul>\n<\/li>\n<li class=\"sitemap-item page_item page-item-7223 page_item_has_children\"><a href=\"https:\/\/castelodesaojorge.pt\/en\/news\/\">News<\/a>\n<ul class='children'>\n\t<li class=\"sitemap-item page_item page-item-7253\"><a href=\"https:\/\/castelodesaojorge.pt\/en\/news\/auto-da-barca-do-inferno-no-castelo-de-sao-jorge\/\">\u201cAuto da Barca do Inferno\u201d no Castelo de S\u00e3o Jorge<\/a><\/li>\n\t<li class=\"sitemap-item page_item page-item-7254\"><a href=\"https:\/\/castelodesaojorge.pt\/en\/news\/coworking-no-castelo\/\">Coworking no Castelo<\/a><\/li>\n\t<li class=\"sitemap-item page_item page-item-7255\"><a href=\"https:\/\/castelodesaojorge.pt\/en\/news\/torre-ocidental-recuperada\/\">Torre ocidental recuperada<\/a><\/li>\n\t<li class=\"sitemap-item page_item page-item-7256\"><a href=\"https:\/\/castelodesaojorge.pt\/en\/news\/festival-das-artes-tradicionais-2022\/\">Traditional Arts Festival 2022<\/a><\/li>\n\t<li class=\"sitemap-item page_item page-item-7257\"><a href=\"https:\/\/castelodesaojorge.pt\/en\/news\/o-castelo-de-sao-jorge-agora-mais-acessivel-a-pessoas-com-deficiencia-visual\/\">O Castelo de S\u00e3o Jorge agora mais acess\u00edvel a pessoas com defici\u00eancia visual<\/a><\/li>\n\t<li class=\"sitemap-item page_item page-item-7259\"><a href=\"https:\/\/castelodesaojorge.pt\/en\/news\/intervention-of-conservation-and-restoration-archaeological-nucleus\/\">Intervention of Conservation and Restoration &#8211; Archaeological Nucleus<\/a><\/li>\n<\/ul>\n<\/li>\n<li class=\"sitemap-item page_item page-item-7238\"><a href=\"https:\/\/castelodesaojorge.pt\/en\/faq\/\">FAQ<\/a><\/li>\n<li class=\"sitemap-item page_item page-item-3916 page_item_has_children\"><a href=\"https:\/\/castelodesaojorge.pt\/en\/information\/\">Information<\/a>\n<ul class='children'>\n\t<li class=\"sitemap-item page_item page-item-3919\"><a href=\"https:\/\/castelodesaojorge.pt\/en\/information\/about-us\/\">About us<\/a><\/li>\n\t<li class=\"sitemap-item page_item page-item-3931\"><a href=\"https:\/\/castelodesaojorge.pt\/en\/information\/facilities\/\">Facilities<\/a><\/li>\n\t<li class=\"sitemap-item page_item page-item-3918\"><a href=\"https:\/\/castelodesaojorge.pt\/en\/information\/useful-information\/\">Useful information<\/a><\/li>\n\t<li class=\"sitemap-item page_item page-item-3932\"><a href=\"https:\/\/castelodesaojorge.pt\/en\/information\/advice-and-warnings\/\">Advice and Warnings<\/a><\/li>\n<\/ul>\n<\/li>\n<li class=\"sitemap-item page_item page-item-4185 page_item_has_children\"><a href=\"https:\/\/castelodesaojorge.pt\/en\/education\/\">Education<\/a>\n<ul class='children'>\n\t<li class=\"sitemap-item page_item page-item-3890 page_item_has_children\"><a href=\"https:\/\/castelodesaojorge.pt\/en\/education\/schools\/\">Schools<\/a>\n\t<ul class='children'>\n\t\t<li class=\"sitemap-item page_item page-item-4100 page_item_has_children\"><a href=\"https:\/\/castelodesaojorge.pt\/en\/education\/schools\/educational-content\/\">Educational Content<\/a>\n\t\t<ul class='children'>\n\t\t\t<li class=\"sitemap-item page_item page-item-3894\"><a href=\"https:\/\/castelodesaojorge.pt\/en\/education\/schools\/educational-content\/the-castelo-de-sao-jorge\/\">The Castelo de S\u00e3o Jorge<\/a><\/li>\n\t\t\t<li class=\"sitemap-item page_item page-item-3895\"><a href=\"https:\/\/castelodesaojorge.pt\/en\/education\/schools\/educational-content\/saint-george\/\">Saint George<\/a><\/li>\n\t\t\t<li class=\"sitemap-item page_item page-item-3901\"><a href=\"https:\/\/castelodesaojorge.pt\/en\/education\/schools\/educational-content\/buildings-which-have-disappeared\/\">Buildings which have disappeared<\/a><\/li>\n\t\t\t<li class=\"sitemap-item page_item page-item-3904\"><a href=\"https:\/\/castelodesaojorge.pt\/en\/education\/schools\/educational-content\/archaeological-centre\/\">Archaeological Centre<\/a><\/li>\n\t\t\t<li class=\"sitemap-item page_item page-item-3959 page_item_has_children\"><a href=\"https:\/\/castelodesaojorge.pt\/en\/education\/schools\/educational-content\/important-figures\/\">Important Figures<\/a>\n\t\t\t<ul class='children'>\n\t\t\t\t<li class=\"sitemap-item page_item page-item-4190\"><a href=\"https:\/\/castelodesaojorge.pt\/en\/education\/schools\/educational-content\/important-figures\/king-afonso-henriques\/\">King Afonso Henriques<\/a><\/li>\n\t\t\t\t<li class=\"sitemap-item page_item page-item-3897\"><a href=\"https:\/\/castelodesaojorge.pt\/en\/education\/schools\/educational-content\/important-figures\/king-afonso-iii\/\">King Afonso III<\/a><\/li>\n\t\t\t\t<li class=\"sitemap-item page_item page-item-3898\"><a href=\"https:\/\/castelodesaojorge.pt\/en\/education\/schools\/educational-content\/important-figures\/king-dinis\/\">King Dinis<\/a><\/li>\n\t\t\t\t<li class=\"sitemap-item page_item page-item-3899\"><a href=\"https:\/\/castelodesaojorge.pt\/en\/education\/schools\/educational-content\/important-figures\/king-ferdinand\/\">King Ferdinand<\/a><\/li>\n\t\t\t\t<li class=\"sitemap-item page_item page-item-4192\"><a href=\"https:\/\/castelodesaojorge.pt\/en\/education\/schools\/educational-content\/important-figures\/king-john-i\/\">King John I<\/a><\/li>\n\t\t\t\t<li class=\"sitemap-item page_item page-item-3900\"><a href=\"https:\/\/castelodesaojorge.pt\/en\/education\/schools\/educational-content\/important-figures\/king-afonso-v\/\">King Afonso V<\/a><\/li>\n\t\t\t\t<li class=\"sitemap-item page_item page-item-4195\"><a href=\"https:\/\/castelodesaojorge.pt\/en\/education\/schools\/educational-content\/important-figures\/king-manuel-i\/\">King Manuel I<\/a><\/li>\n\t\t\t\t<li class=\"sitemap-item page_item page-item-3903\"><a href=\"https:\/\/castelodesaojorge.pt\/en\/education\/schools\/educational-content\/important-figures\/king-sebastian-2\/\">King Sebastian<\/a><\/li>\n\t\t\t<\/ul>\n<\/li>\n\t\t<\/ul>\n<\/li>\n\t\t<li class=\"sitemap-item page_item page-item-3892\"><a href=\"https:\/\/castelodesaojorge.pt\/en\/education\/schools\/educational-programme\/\">Educational Programme<\/a><\/li>\n\t\t<li class=\"sitemap-item page_item page-item-3893\"><a href=\"https:\/\/castelodesaojorge.pt\/en\/education\/schools\/school-visits-and-workshops\/\">School Visits and Workshops<\/a><\/li>\n\t\t<li class=\"sitemap-item page_item page-item-3905\"><a href=\"https:\/\/castelodesaojorge.pt\/en\/education\/schools\/projects\/\">Projects<\/a><\/li>\n\t<\/ul>\n<\/li>\n\t<li class=\"sitemap-item page_item page-item-3906 page_item_has_children\"><a href=\"https:\/\/castelodesaojorge.pt\/en\/education\/activities\/\">Activities<\/a>\n\t<ul class='children'>\n\t\t<li class=\"sitemap-item page_item page-item-3907\"><a href=\"https:\/\/castelodesaojorge.pt\/en\/education\/activities\/children\/\">Children<\/a><\/li>\n\t\t<li class=\"sitemap-item page_item page-item-3909\"><a href=\"https:\/\/castelodesaojorge.pt\/en\/education\/activities\/families\/\">Families<\/a><\/li>\n\t\t<li class=\"sitemap-item page_item page-item-3910\"><a href=\"https:\/\/castelodesaojorge.pt\/en\/education\/activities\/seniors\/\">Seniors<\/a><\/li>\n\t\t<li class=\"sitemap-item page_item page-item-3912\"><a href=\"https:\/\/castelodesaojorge.pt\/en\/education\/activities\/sens\/\">SENs<\/a><\/li>\n\t<\/ul>\n<\/li>\n<\/ul>\n<\/li>\n<li class=\"sitemap-item page_item page-item-3933 page_item_has_children\"><a href=\"https:\/\/castelodesaojorge.pt\/en\/professionals\/\">Professionals<\/a>\n<ul class='children'>\n\t<li class=\"sitemap-item page_item page-item-3934\"><a href=\"https:\/\/castelodesaojorge.pt\/en\/professionals\/press-visits-and-image-capture\/\">Press visits and image capture<\/a><\/li>\n\t<li class=\"sitemap-item page_item page-item-3957\"><a href=\"https:\/\/castelodesaojorge.pt\/en\/professionals\/venues\/\">Venues<\/a><\/li>\n\t<li class=\"sitemap-item page_item page-item-3956\"><a href=\"https:\/\/castelodesaojorge.pt\/en\/professionals\/tourism-professionals\/\">Tourism Professionals<\/a><\/li>\n<\/ul>\n<\/li>\n<li class=\"sitemap-item page_item page-item-3958\"><a href=\"https:\/\/castelodesaojorge.pt\/en\/contacts\/\">Contacts<\/a><\/li>\n<li class=\"sitemap-item page_item page-item-5852\"><a href=\"https:\/\/castelodesaojorge.pt\/en\/site-map\/\">Site Map<\/a><\/li>\n<li class=\"sitemap-item page_item page-item-5855\"><a href=\"https:\/\/castelodesaojorge.pt\/en\/tickets\/\">Tickets<\/a><\/li>\n<li class=\"sitemap-item page_item page-item-3914\"><a href=\"https:\/\/castelodesaojorge.pt\/en\/plan-your-visit\/accessibility\/accessibility\/\">Accessibility<\/a><\/li>\n<\/ul><\/div><\/div><br style=\"clear: both;\">","protected":false},"excerpt":{"rendered":"","protected":false},"author":1,"featured_media":0,"parent":0,"menu_order":0,"comment_status":"closed","ping_status":"closed","template":"","meta":{"advgb_blocks_editor_width":"","advgb_blocks_columns_visual_guide":"","footnotes":""},"class_list":["post-5852","page","type-page","status-publish","hentry"],"acf":[],"yoast_head":"<!-- This site is optimized with the Yoast SEO plugin v27.4 - https:\/\/yoast.com\/product\/yoast-seo-wordpress\/ -->\n<title>Site Map - Castelo de S\u00e3o Jorge<\/title>\n<meta name=\"robots\" content=\"index, follow, max-snippet:-1, max-image-preview:large, max-video-preview:-1\" \/>\n<link rel=\"canonical\" href=\"https:\/\/castelodesaojorge.pt\/en\/site-map\/\" \/>\n<meta property=\"og:locale\" content=\"en_US\" \/>\n<meta property=\"og:type\" content=\"article\" \/>\n<meta property=\"og:title\" content=\"Site Map - Castelo de S\u00e3o Jorge\" \/>\n<meta property=\"og:url\" content=\"https:\/\/castelodesaojorge.pt\/en\/site-map\/\" \/>\n<meta property=\"og:site_name\" content=\"Castelo de S\u00e3o Jorge\" \/>\n<meta property=\"article:publisher\" content=\"https:\/\/www.facebook.com\/castelodesaojorge\" \/>\n<meta property=\"article:modified_time\" content=\"2023-01-26T14:40:44+00:00\" \/>\n<meta name=\"twitter:card\" content=\"summary_large_image\" \/>\n<script type=\"application\/ld+json\" class=\"yoast-schema-graph\">{\"@context\":\"https:\\\/\\\/schema.org\",\"@graph\":[{\"@type\":\"WebPage\",\"@id\":\"https:\\\/\\\/castelodesaojorge.pt\\\/en\\\/site-map\\\/\",\"url\":\"https:\\\/\\\/castelodesaojorge.pt\\\/en\\\/site-map\\\/\",\"name\":\"Site Map - Castelo de S\u00e3o Jorge\",\"isPartOf\":{\"@id\":\"https:\\\/\\\/castelodesaojorge.pt\\\/en\\\/#website\"},\"datePublished\":\"2022-07-25T19:12:06+00:00\",\"dateModified\":\"2023-01-26T14:40:44+00:00\",\"breadcrumb\":{\"@id\":\"https:\\\/\\\/castelodesaojorge.pt\\\/en\\\/site-map\\\/#breadcrumb\"},\"inLanguage\":\"en-US\",\"potentialAction\":[{\"@type\":\"ReadAction\",\"target\":[\"https:\\\/\\\/castelodesaojorge.pt\\\/en\\\/site-map\\\/\"]}]},{\"@type\":\"BreadcrumbList\",\"@id\":\"https:\\\/\\\/castelodesaojorge.pt\\\/en\\\/site-map\\\/#breadcrumb\",\"itemListElement\":[{\"@type\":\"ListItem\",\"position\":1,\"name\":\"In\u00edcio\",\"item\":\"https:\\\/\\\/castelodesaojorge.pt\\\/en\\\/\"},{\"@type\":\"ListItem\",\"position\":2,\"name\":\"Site Map\"}]},{\"@type\":\"WebSite\",\"@id\":\"https:\\\/\\\/castelodesaojorge.pt\\\/en\\\/#website\",\"url\":\"https:\\\/\\\/castelodesaojorge.pt\\\/en\\\/\",\"name\":\"Castelo de S\u00e3o Jorge\",\"description\":\"\",\"publisher\":{\"@id\":\"https:\\\/\\\/castelodesaojorge.pt\\\/en\\\/#organization\"},\"potentialAction\":[{\"@type\":\"SearchAction\",\"target\":{\"@type\":\"EntryPoint\",\"urlTemplate\":\"https:\\\/\\\/castelodesaojorge.pt\\\/en\\\/?s={search_term_string}\"},\"query-input\":{\"@type\":\"PropertyValueSpecification\",\"valueRequired\":true,\"valueName\":\"search_term_string\"}}],\"inLanguage\":\"en-US\"},{\"@type\":\"Organization\",\"@id\":\"https:\\\/\\\/castelodesaojorge.pt\\\/en\\\/#organization\",\"name\":\"Castelo de S\u00e3o Jorge\",\"url\":\"https:\\\/\\\/castelodesaojorge.pt\\\/en\\\/\",\"logo\":{\"@type\":\"ImageObject\",\"inLanguage\":\"en-US\",\"@id\":\"https:\\\/\\\/castelodesaojorge.pt\\\/en\\\/#\\\/schema\\\/logo\\\/image\\\/\",\"url\":\"https:\\\/\\\/castelodesaojorge.pt\\\/wp-content\\\/uploads\\\/2022\\\/07\\\/brancalogomarca_comp.png\",\"contentUrl\":\"https:\\\/\\\/castelodesaojorge.pt\\\/wp-content\\\/uploads\\\/2022\\\/07\\\/brancalogomarca_comp.png\",\"width\":295,\"height\":80,\"caption\":\"Castelo de S\u00e3o Jorge\"},\"image\":{\"@id\":\"https:\\\/\\\/castelodesaojorge.pt\\\/en\\\/#\\\/schema\\\/logo\\\/image\\\/\"},\"sameAs\":[\"https:\\\/\\\/www.facebook.com\\\/castelodesaojorge\",\"https:\\\/\\\/www.instagram.com\\\/castelodesjorge\\\/\"]}]}<\/script>\n<!-- \/ Yoast SEO plugin. -->","yoast_head_json":{"title":"Site Map - Castelo de S\u00e3o Jorge","robots":{"index":"index","follow":"follow","max-snippet":"max-snippet:-1","max-image-preview":"max-image-preview:large","max-video-preview":"max-video-preview:-1"},"canonical":"https:\/\/castelodesaojorge.pt\/en\/site-map\/","og_locale":"en_US","og_type":"article","og_title":"Site Map - Castelo de S\u00e3o Jorge","og_url":"https:\/\/castelodesaojorge.pt\/en\/site-map\/","og_site_name":"Castelo de S\u00e3o Jorge","article_publisher":"https:\/\/www.facebook.com\/castelodesaojorge","article_modified_time":"2023-01-26T14:40:44+00:00","twitter_card":"summary_large_image","schema":{"@context":"https:\/\/schema.org","@graph":[{"@type":"WebPage","@id":"https:\/\/castelodesaojorge.pt\/en\/site-map\/","url":"https:\/\/castelodesaojorge.pt\/en\/site-map\/","name":"Site Map - Castelo de S\u00e3o Jorge","isPartOf":{"@id":"https:\/\/castelodesaojorge.pt\/en\/#website"},"datePublished":"2022-07-25T19:12:06+00:00","dateModified":"2023-01-26T14:40:44+00:00","breadcrumb":{"@id":"https:\/\/castelodesaojorge.pt\/en\/site-map\/#breadcrumb"},"inLanguage":"en-US","potentialAction":[{"@type":"ReadAction","target":["https:\/\/castelodesaojorge.pt\/en\/site-map\/"]}]},{"@type":"BreadcrumbList","@id":"https:\/\/castelodesaojorge.pt\/en\/site-map\/#breadcrumb","itemListElement":[{"@type":"ListItem","position":1,"name":"In\u00edcio","item":"https:\/\/castelodesaojorge.pt\/en\/"},{"@type":"ListItem","position":2,"name":"Site Map"}]},{"@type":"WebSite","@id":"https:\/\/castelodesaojorge.pt\/en\/#website","url":"https:\/\/castelodesaojorge.pt\/en\/","name":"Castelo de S\u00e3o Jorge","description":"","publisher":{"@id":"https:\/\/castelodesaojorge.pt\/en\/#organization"},"potentialAction":[{"@type":"SearchAction","target":{"@type":"EntryPoint","urlTemplate":"https:\/\/castelodesaojorge.pt\/en\/?s={search_term_string}"},"query-input":{"@type":"PropertyValueSpecification","valueRequired":true,"valueName":"search_term_string"}}],"inLanguage":"en-US"},{"@type":"Organization","@id":"https:\/\/castelodesaojorge.pt\/en\/#organization","name":"Castelo de S\u00e3o Jorge","url":"https:\/\/castelodesaojorge.pt\/en\/","logo":{"@type":"ImageObject","inLanguage":"en-US","@id":"https:\/\/castelodesaojorge.pt\/en\/#\/schema\/logo\/image\/","url":"https:\/\/castelodesaojorge.pt\/wp-content\/uploads\/2022\/07\/brancalogomarca_comp.png","contentUrl":"https:\/\/castelodesaojorge.pt\/wp-content\/uploads\/2022\/07\/brancalogomarca_comp.png","width":295,"height":80,"caption":"Castelo de S\u00e3o Jorge"},"image":{"@id":"https:\/\/castelodesaojorge.pt\/en\/#\/schema\/logo\/image\/"},"sameAs":["https:\/\/www.facebook.com\/castelodesaojorge","https:\/\/www.instagram.com\/castelodesjorge\/"]}]}},"coauthors":[],"author_meta":{"author_link":"https:\/\/castelodesaojorge.pt\/en\/author\/administrador\/","display_name":"Administrador"},"relative_dates":{"created":"Posted 4 years ago","modified":"Updated 3 years ago"},"absolute_dates":{"created":"Posted on 25 de July, 2022","modified":"Updated on 26 de January, 2023"},"absolute_dates_time":{"created":"Posted on 25 de July, 2022 19:12","modified":"Updated on 26 de January, 2023 14:40"},"featured_img_caption":"","featured_img":false,"series_order":"","_links":{"self":[{"href":"https:\/\/castelodesaojorge.pt\/en\/wp-json\/wp\/v2\/pages\/5852","targetHints":{"allow":["GET"]}}],"collection":[{"href":"https:\/\/castelodesaojorge.pt\/en\/wp-json\/wp\/v2\/pages"}],"about":[{"href":"https:\/\/castelodesaojorge.pt\/en\/wp-json\/wp\/v2\/types\/page"}],"author":[{"embeddable":true,"href":"https:\/\/castelodesaojorge.pt\/en\/wp-json\/wp\/v2\/users\/1"}],"replies":[{"embeddable":true,"href":"https:\/\/castelodesaojorge.pt\/en\/wp-json\/wp\/v2\/comments?post=5852"}],"version-history":[{"count":0,"href":"https:\/\/castelodesaojorge.pt\/en\/wp-json\/wp\/v2\/pages\/5852\/revisions"}],"wp:attachment":[{"href":"https:\/\/castelodesaojorge.pt\/en\/wp-json\/wp\/v2\/media?parent=5852"}],"curies":[{"name":"wp","href":"https:\/\/api.w.org\/{rel}","templated":true}]}}