{"id":7223,"date":"2022-12-13T00:43:49","date_gmt":"2022-12-13T00:43:49","guid":{"rendered":"https:\/\/castelodesaojorge.pt\/noticias\/"},"modified":"2023-02-20T16:00:12","modified_gmt":"2023-02-20T16:00:12","slug":"news","status":"publish","type":"page","link":"https:\/\/castelodesaojorge.pt\/en\/news\/","title":{"rendered":"News"},"content":{"rendered":"\n<p><\/p>\n\n\n<div class=\"advgb-recent-posts-block frontpage-view layout-3-3 gap-50 style-default tbl-layout-2-2 mbl-layout-stacked .advgb-recent-posts { padding-left: 20px; padding-right: 20px; } recent-posts-7c74af04-ab0c-408c-b3eb-4704e854fad5\"><div class=\"advgb-recent-posts\"><article class=\"advgb-recent-post\"><div class=\"advgb-post-thumbnail\"><a href=\"https:\/\/castelodesaojorge.pt\/en\/news\/intervention-of-conservation-and-restoration-archaeological-nucleus\/\"><img loading=\"lazy\" decoding=\"async\" width=\"1024\" height=\"453\" src=\"https:\/\/castelodesaojorge.pt\/wp-content\/uploads\/2022\/12\/obra-casaislamica-topo-1024x453.jpg\" class=\"attachment-large size-large\" alt=\"\" srcset=\"https:\/\/castelodesaojorge.pt\/wp-content\/uploads\/2022\/12\/obra-casaislamica-topo-1024x453.jpg 1024w, https:\/\/castelodesaojorge.pt\/wp-content\/uploads\/2022\/12\/obra-casaislamica-topo-300x133.jpg 300w, https:\/\/castelodesaojorge.pt\/wp-content\/uploads\/2022\/12\/obra-casaislamica-topo-768x340.jpg 768w, https:\/\/castelodesaojorge.pt\/wp-content\/uploads\/2022\/12\/obra-casaislamica-topo-1536x680.jpg 1536w, https:\/\/castelodesaojorge.pt\/wp-content\/uploads\/2022\/12\/obra-casaislamica-topo-2048x906.jpg 2048w\" sizes=\"auto, (max-width: 1024px) 100vw, 1024px\" \/><\/a><\/div><div class=\"advgb-post-wrapper\"><h2 class=\"advgb-post-title\"><a href=\"https:\/\/castelodesaojorge.pt\/en\/news\/intervention-of-conservation-and-restoration-archaeological-nucleus\/\">Intervention of Conservation and Restoration &#8211; Archaeological Nucleus<\/a><\/h2><div class=\"advgb-post-info\"><span class=\"advgb-post-datetime\">Posted on 17 de December, 2022<\/span><\/div><div class=\"advgb-post-content\"><div class=\"advgb-post-excerpt\">St. George&#8217;s Castle takes care of its heritage! Demos in\u00edcio a uma interven\u00e7\u00e3o de conserva\u00e7\u00e3o e restauro nos revestimentos isl\u00e2micos de uma <\/div><div class=\"advgb-post-readmore\"><a href=\"https:\/\/castelodesaojorge.pt\/en\/news\/intervention-of-conservation-and-restoration-archaeological-nucleus\/\">LEIA MAIS<\/a><\/div><\/div><\/div><\/article><article class=\"advgb-recent-post\"><div class=\"advgb-post-thumbnail\"><a href=\"https:\/\/castelodesaojorge.pt\/en\/news\/auto-da-barca-do-inferno-no-castelo-de-sao-jorge\/\"><img loading=\"lazy\" decoding=\"async\" width=\"1024\" height=\"453\" src=\"https:\/\/castelodesaojorge.pt\/wp-content\/uploads\/2023\/02\/Header-TDB-Auto-da-barca-1024x453.jpg\" class=\"attachment-large size-large\" alt=\"\" srcset=\"https:\/\/castelodesaojorge.pt\/wp-content\/uploads\/2023\/02\/Header-TDB-Auto-da-barca-1024x453.jpg 1024w, https:\/\/castelodesaojorge.pt\/wp-content\/uploads\/2023\/02\/Header-TDB-Auto-da-barca-300x133.jpg 300w, https:\/\/castelodesaojorge.pt\/wp-content\/uploads\/2023\/02\/Header-TDB-Auto-da-barca-768x340.jpg 768w, https:\/\/castelodesaojorge.pt\/wp-content\/uploads\/2023\/02\/Header-TDB-Auto-da-barca-1536x680.jpg 1536w, https:\/\/castelodesaojorge.pt\/wp-content\/uploads\/2023\/02\/Header-TDB-Auto-da-barca.jpg 1920w\" sizes=\"auto, (max-width: 1024px) 100vw, 1024px\" \/><\/a><\/div><div class=\"advgb-post-wrapper\"><h2 class=\"advgb-post-title\"><a href=\"https:\/\/castelodesaojorge.pt\/en\/news\/auto-da-barca-do-inferno-no-castelo-de-sao-jorge\/\">\u201cAuto da Barca do Inferno\u201d no Castelo de S\u00e3o Jorge<\/a><\/h2><div class=\"advgb-post-info\"><span class=\"advgb-post-datetime\">Posted on 16 de December, 2022<\/span><\/div><div class=\"advgb-post-content\"><div class=\"advgb-post-excerpt\">A Ar de Filmes\/Teatro do Bairro junta-se ao Castelo de S\u00e3o Jorge, para proporcionar ao p\u00fablico mais jovem uma visita de estudo enriquecida p<\/div><div class=\"advgb-post-readmore\"><a href=\"https:\/\/castelodesaojorge.pt\/en\/news\/auto-da-barca-do-inferno-no-castelo-de-sao-jorge\/\">LEIA MAIS<\/a><\/div><\/div><\/div><\/article><article class=\"advgb-recent-post\"><div class=\"advgb-post-thumbnail\"><a href=\"https:\/\/castelodesaojorge.pt\/en\/news\/torre-ocidental-recuperada\/\"><img loading=\"lazy\" decoding=\"async\" width=\"1024\" height=\"453\" src=\"https:\/\/castelodesaojorge.pt\/wp-content\/uploads\/2022\/12\/csj-noticias-repearo-torre-ocidental-topo-noticia-1024x453.jpg\" class=\"attachment-large size-large\" alt=\"\" srcset=\"https:\/\/castelodesaojorge.pt\/wp-content\/uploads\/2022\/12\/csj-noticias-repearo-torre-ocidental-topo-noticia-1024x453.jpg 1024w, https:\/\/castelodesaojorge.pt\/wp-content\/uploads\/2022\/12\/csj-noticias-repearo-torre-ocidental-topo-noticia-300x133.jpg 300w, https:\/\/castelodesaojorge.pt\/wp-content\/uploads\/2022\/12\/csj-noticias-repearo-torre-ocidental-topo-noticia-768x340.jpg 768w, https:\/\/castelodesaojorge.pt\/wp-content\/uploads\/2022\/12\/csj-noticias-repearo-torre-ocidental-topo-noticia.jpg 1200w\" sizes=\"auto, (max-width: 1024px) 100vw, 1024px\" \/><\/a><\/div><div class=\"advgb-post-wrapper\"><h2 class=\"advgb-post-title\"><a href=\"https:\/\/castelodesaojorge.pt\/en\/news\/torre-ocidental-recuperada\/\">Torre ocidental recuperada<\/a><\/h2><div class=\"advgb-post-info\"><span class=\"advgb-post-datetime\">Posted on 15 de December, 2022<\/span><\/div><div class=\"advgb-post-content\"><div class=\"advgb-post-excerpt\">A vista de Lisboa acabou de ficar mais bonita! Terminaram as obras de recupera\u00e7\u00e3o da torre ocidental do castelo, e pudemos, por fim, desmont<\/div><div class=\"advgb-post-readmore\"><a href=\"https:\/\/castelodesaojorge.pt\/en\/news\/torre-ocidental-recuperada\/\">LEIA MAIS<\/a><\/div><\/div><\/div><\/article><article class=\"advgb-recent-post\"><div class=\"advgb-post-thumbnail\"><a href=\"https:\/\/castelodesaojorge.pt\/en\/news\/o-castelo-de-sao-jorge-agora-mais-acessivel-a-pessoas-com-deficiencia-visual\/\"><img loading=\"lazy\" decoding=\"async\" width=\"1024\" height=\"453\" src=\"https:\/\/castelodesaojorge.pt\/wp-content\/uploads\/2022\/12\/formacao_acessibilidade-topo-1024x453.jpg\" class=\"attachment-large size-large\" alt=\"\" srcset=\"https:\/\/castelodesaojorge.pt\/wp-content\/uploads\/2022\/12\/formacao_acessibilidade-topo-1024x453.jpg 1024w, https:\/\/castelodesaojorge.pt\/wp-content\/uploads\/2022\/12\/formacao_acessibilidade-topo-300x133.jpg 300w, https:\/\/castelodesaojorge.pt\/wp-content\/uploads\/2022\/12\/formacao_acessibilidade-topo-768x340.jpg 768w, https:\/\/castelodesaojorge.pt\/wp-content\/uploads\/2022\/12\/formacao_acessibilidade-topo-1536x680.jpg 1536w, https:\/\/castelodesaojorge.pt\/wp-content\/uploads\/2022\/12\/formacao_acessibilidade-topo.jpg 1920w\" sizes=\"auto, (max-width: 1024px) 100vw, 1024px\" \/><\/a><\/div><div class=\"advgb-post-wrapper\"><h2 class=\"advgb-post-title\"><a href=\"https:\/\/castelodesaojorge.pt\/en\/news\/o-castelo-de-sao-jorge-agora-mais-acessivel-a-pessoas-com-deficiencia-visual\/\">O Castelo de S\u00e3o Jorge agora mais acess\u00edvel a pessoas com defici\u00eancia visual<\/a><\/h2><div class=\"advgb-post-info\"><span class=\"advgb-post-datetime\">Posted on 13 de December, 2022<\/span><\/div><div class=\"advgb-post-content\"><div class=\"advgb-post-excerpt\">O Castelo de S\u00e3o Jorge \u00e9 um dos marcos da cidade de Lisboa, um dos monumentos mais visitados. No \u00e2mbito do trabalho que tem vindo a ser dese<\/div><div class=\"advgb-post-readmore\"><a href=\"https:\/\/castelodesaojorge.pt\/en\/news\/o-castelo-de-sao-jorge-agora-mais-acessivel-a-pessoas-com-deficiencia-visual\/\">LEIA MAIS<\/a><\/div><\/div><\/div><\/article><article class=\"advgb-recent-post\"><div class=\"advgb-post-thumbnail\"><a href=\"https:\/\/castelodesaojorge.pt\/en\/news\/festival-das-artes-tradicionais-2022\/\"><img loading=\"lazy\" decoding=\"async\" width=\"1024\" height=\"453\" src=\"https:\/\/castelodesaojorge.pt\/wp-content\/uploads\/2022\/12\/1-Oficina-de-pintura-de-azulejos-topo-1024x453.jpg\" class=\"attachment-large size-large\" alt=\"\" srcset=\"https:\/\/castelodesaojorge.pt\/wp-content\/uploads\/2022\/12\/1-Oficina-de-pintura-de-azulejos-topo-1024x453.jpg 1024w, https:\/\/castelodesaojorge.pt\/wp-content\/uploads\/2022\/12\/1-Oficina-de-pintura-de-azulejos-topo-300x133.jpg 300w, https:\/\/castelodesaojorge.pt\/wp-content\/uploads\/2022\/12\/1-Oficina-de-pintura-de-azulejos-topo-768x340.jpg 768w, https:\/\/castelodesaojorge.pt\/wp-content\/uploads\/2022\/12\/1-Oficina-de-pintura-de-azulejos-topo-1536x680.jpg 1536w, https:\/\/castelodesaojorge.pt\/wp-content\/uploads\/2022\/12\/1-Oficina-de-pintura-de-azulejos-topo.jpg 1920w\" sizes=\"auto, (max-width: 1024px) 100vw, 1024px\" \/><\/a><\/div><div class=\"advgb-post-wrapper\"><h2 class=\"advgb-post-title\"><a href=\"https:\/\/castelodesaojorge.pt\/en\/news\/festival-das-artes-tradicionais-2022\/\">Traditional Arts Festival 2022<\/a><\/h2><div class=\"advgb-post-info\"><span class=\"advgb-post-datetime\">Posted on 12 de December, 2022<\/span><\/div><div class=\"advgb-post-content\"><div class=\"advgb-post-excerpt\">De 23 de setembro a 9 de outubro, o Castelo de S\u00e3o Jorge assinala as Jornadas Europeias do Patrim\u00f3nio e o Dia Nacional dos Castelos com o Fe<\/div><div class=\"advgb-post-readmore\"><a href=\"https:\/\/castelodesaojorge.pt\/en\/news\/festival-das-artes-tradicionais-2022\/\">LEIA MAIS<\/a><\/div><\/div><\/div><\/article><article class=\"advgb-recent-post\"><div class=\"advgb-post-thumbnail\"><a href=\"https:\/\/castelodesaojorge.pt\/en\/news\/coworking-no-castelo\/\"><img loading=\"lazy\" decoding=\"async\" width=\"1024\" height=\"453\" src=\"https:\/\/castelodesaojorge.pt\/wp-content\/uploads\/2022\/12\/coworking-topo-1024x453.jpg\" class=\"attachment-large size-large\" alt=\"\" srcset=\"https:\/\/castelodesaojorge.pt\/wp-content\/uploads\/2022\/12\/coworking-topo-1024x453.jpg 1024w, https:\/\/castelodesaojorge.pt\/wp-content\/uploads\/2022\/12\/coworking-topo-300x133.jpg 300w, https:\/\/castelodesaojorge.pt\/wp-content\/uploads\/2022\/12\/coworking-topo-768x340.jpg 768w, https:\/\/castelodesaojorge.pt\/wp-content\/uploads\/2022\/12\/coworking-topo-1536x680.jpg 1536w, https:\/\/castelodesaojorge.pt\/wp-content\/uploads\/2022\/12\/coworking-topo.jpg 1920w\" sizes=\"auto, (max-width: 1024px) 100vw, 1024px\" \/><\/a><\/div><div class=\"advgb-post-wrapper\"><h2 class=\"advgb-post-title\"><a href=\"https:\/\/castelodesaojorge.pt\/en\/news\/coworking-no-castelo\/\">Coworking no Castelo<\/a><\/h2><div class=\"advgb-post-info\"><span class=\"advgb-post-datetime\">Posted on 11 de December, 2022<\/span><\/div><div class=\"advgb-post-content\"><div class=\"advgb-post-excerpt\">O Castelo de S\u00e3o Jorge criou uma nova zona de coworking na Pra\u00e7a de Armas. Procura s\u00edtios diferentes para trabalhar? Inspire-se neste espa\u00e7o<\/div><div class=\"advgb-post-readmore\"><a href=\"https:\/\/castelodesaojorge.pt\/en\/news\/coworking-no-castelo\/\">LEIA MAIS<\/a><\/div><\/div><\/div><\/article><\/div><\/div>\n\n\n<div style=\"height:50px\" aria-hidden=\"true\" class=\"wp-block-spacer\"><\/div>\n\n\n<div class=\"advgb-recent-posts-block frontpage-view layout-4-4 gap-50 style-default tbl-layout-2-2 mbl-layout-stacked recent-posts-5fc617a7-f3e6-44d1-8416-4b2e7c2eddec\"><div class=\"advgb-recent-posts\"><\/div><\/div>\n\n\n<div style=\"height:50px\" aria-hidden=\"true\" class=\"wp-block-spacer\"><\/div>\n\n\n\n<hr class=\"wp-block-separator has-text-color has-luminous-vivid-amber-color has-alpha-channel-opacity has-luminous-vivid-amber-background-color has-background is-style-wide\">\n\n\n\n<div style=\"height:20px\" aria-hidden=\"true\" class=\"wp-block-spacer\"><\/div>\n","protected":false},"excerpt":{"rendered":"","protected":false},"author":1,"featured_media":0,"parent":0,"menu_order":0,"comment_status":"closed","ping_status":"closed","template":"","meta":{"advgb_blocks_editor_width":"","advgb_blocks_columns_visual_guide":"","footnotes":""},"class_list":["post-7223","page","type-page","status-publish","hentry"],"acf":[],"yoast_head":"<!-- This site is optimized with the Yoast SEO plugin v27.3 - https:\/\/yoast.com\/product\/yoast-seo-wordpress\/ -->\n<title>News - Castelo de S\u00e3o Jorge<\/title>\n<meta name=\"robots\" content=\"index, follow, max-snippet:-1, max-image-preview:large, max-video-preview:-1\" \/>\n<link rel=\"canonical\" href=\"https:\/\/castelodesaojorge.pt\/en\/news\/\" \/>\n<meta property=\"og:locale\" content=\"en_US\" \/>\n<meta property=\"og:type\" content=\"article\" \/>\n<meta property=\"og:title\" content=\"News - Castelo de S\u00e3o Jorge\" \/>\n<meta property=\"og:url\" content=\"https:\/\/castelodesaojorge.pt\/en\/news\/\" \/>\n<meta property=\"og:site_name\" content=\"Castelo de S\u00e3o Jorge\" \/>\n<meta property=\"article:publisher\" content=\"https:\/\/www.facebook.com\/castelodesaojorge\" \/>\n<meta property=\"article:modified_time\" content=\"2023-02-20T16:00:12+00:00\" \/>\n<meta name=\"twitter:card\" content=\"summary_large_image\" \/>\n<script type=\"application\/ld+json\" class=\"yoast-schema-graph\">{\"@context\":\"https:\\\/\\\/schema.org\",\"@graph\":[{\"@type\":\"WebPage\",\"@id\":\"https:\\\/\\\/castelodesaojorge.pt\\\/en\\\/news\\\/\",\"url\":\"https:\\\/\\\/castelodesaojorge.pt\\\/en\\\/news\\\/\",\"name\":\"News - Castelo de S\u00e3o Jorge\",\"isPartOf\":{\"@id\":\"https:\\\/\\\/castelodesaojorge.pt\\\/en\\\/#website\"},\"datePublished\":\"2022-12-13T00:43:49+00:00\",\"dateModified\":\"2023-02-20T16:00:12+00:00\",\"breadcrumb\":{\"@id\":\"https:\\\/\\\/castelodesaojorge.pt\\\/en\\\/news\\\/#breadcrumb\"},\"inLanguage\":\"en-US\",\"potentialAction\":[{\"@type\":\"ReadAction\",\"target\":[\"https:\\\/\\\/castelodesaojorge.pt\\\/en\\\/news\\\/\"]}]},{\"@type\":\"BreadcrumbList\",\"@id\":\"https:\\\/\\\/castelodesaojorge.pt\\\/en\\\/news\\\/#breadcrumb\",\"itemListElement\":[{\"@type\":\"ListItem\",\"position\":1,\"name\":\"In\u00edcio\",\"item\":\"https:\\\/\\\/castelodesaojorge.pt\\\/en\\\/\"},{\"@type\":\"ListItem\",\"position\":2,\"name\":\"News\"}]},{\"@type\":\"WebSite\",\"@id\":\"https:\\\/\\\/castelodesaojorge.pt\\\/en\\\/#website\",\"url\":\"https:\\\/\\\/castelodesaojorge.pt\\\/en\\\/\",\"name\":\"Castelo de S\u00e3o Jorge\",\"description\":\"\",\"publisher\":{\"@id\":\"https:\\\/\\\/castelodesaojorge.pt\\\/en\\\/#organization\"},\"potentialAction\":[{\"@type\":\"SearchAction\",\"target\":{\"@type\":\"EntryPoint\",\"urlTemplate\":\"https:\\\/\\\/castelodesaojorge.pt\\\/en\\\/?s={search_term_string}\"},\"query-input\":{\"@type\":\"PropertyValueSpecification\",\"valueRequired\":true,\"valueName\":\"search_term_string\"}}],\"inLanguage\":\"en-US\"},{\"@type\":\"Organization\",\"@id\":\"https:\\\/\\\/castelodesaojorge.pt\\\/en\\\/#organization\",\"name\":\"Castelo de S\u00e3o Jorge\",\"url\":\"https:\\\/\\\/castelodesaojorge.pt\\\/en\\\/\",\"logo\":{\"@type\":\"ImageObject\",\"inLanguage\":\"en-US\",\"@id\":\"https:\\\/\\\/castelodesaojorge.pt\\\/en\\\/#\\\/schema\\\/logo\\\/image\\\/\",\"url\":\"https:\\\/\\\/castelodesaojorge.pt\\\/wp-content\\\/uploads\\\/2022\\\/07\\\/brancalogomarca_comp.png\",\"contentUrl\":\"https:\\\/\\\/castelodesaojorge.pt\\\/wp-content\\\/uploads\\\/2022\\\/07\\\/brancalogomarca_comp.png\",\"width\":295,\"height\":80,\"caption\":\"Castelo de S\u00e3o Jorge\"},\"image\":{\"@id\":\"https:\\\/\\\/castelodesaojorge.pt\\\/en\\\/#\\\/schema\\\/logo\\\/image\\\/\"},\"sameAs\":[\"https:\\\/\\\/www.facebook.com\\\/castelodesaojorge\",\"https:\\\/\\\/www.instagram.com\\\/castelodesjorge\\\/\"]}]}<\/script>\n<!-- \/ Yoast SEO plugin. -->","yoast_head_json":{"title":"News - Castelo de S\u00e3o Jorge","robots":{"index":"index","follow":"follow","max-snippet":"max-snippet:-1","max-image-preview":"max-image-preview:large","max-video-preview":"max-video-preview:-1"},"canonical":"https:\/\/castelodesaojorge.pt\/en\/news\/","og_locale":"en_US","og_type":"article","og_title":"News - Castelo de S\u00e3o Jorge","og_url":"https:\/\/castelodesaojorge.pt\/en\/news\/","og_site_name":"Castelo de S\u00e3o Jorge","article_publisher":"https:\/\/www.facebook.com\/castelodesaojorge","article_modified_time":"2023-02-20T16:00:12+00:00","twitter_card":"summary_large_image","schema":{"@context":"https:\/\/schema.org","@graph":[{"@type":"WebPage","@id":"https:\/\/castelodesaojorge.pt\/en\/news\/","url":"https:\/\/castelodesaojorge.pt\/en\/news\/","name":"News - Castelo de S\u00e3o Jorge","isPartOf":{"@id":"https:\/\/castelodesaojorge.pt\/en\/#website"},"datePublished":"2022-12-13T00:43:49+00:00","dateModified":"2023-02-20T16:00:12+00:00","breadcrumb":{"@id":"https:\/\/castelodesaojorge.pt\/en\/news\/#breadcrumb"},"inLanguage":"en-US","potentialAction":[{"@type":"ReadAction","target":["https:\/\/castelodesaojorge.pt\/en\/news\/"]}]},{"@type":"BreadcrumbList","@id":"https:\/\/castelodesaojorge.pt\/en\/news\/#breadcrumb","itemListElement":[{"@type":"ListItem","position":1,"name":"In\u00edcio","item":"https:\/\/castelodesaojorge.pt\/en\/"},{"@type":"ListItem","position":2,"name":"News"}]},{"@type":"WebSite","@id":"https:\/\/castelodesaojorge.pt\/en\/#website","url":"https:\/\/castelodesaojorge.pt\/en\/","name":"Castelo de S\u00e3o Jorge","description":"","publisher":{"@id":"https:\/\/castelodesaojorge.pt\/en\/#organization"},"potentialAction":[{"@type":"SearchAction","target":{"@type":"EntryPoint","urlTemplate":"https:\/\/castelodesaojorge.pt\/en\/?s={search_term_string}"},"query-input":{"@type":"PropertyValueSpecification","valueRequired":true,"valueName":"search_term_string"}}],"inLanguage":"en-US"},{"@type":"Organization","@id":"https:\/\/castelodesaojorge.pt\/en\/#organization","name":"Castelo de S\u00e3o Jorge","url":"https:\/\/castelodesaojorge.pt\/en\/","logo":{"@type":"ImageObject","inLanguage":"en-US","@id":"https:\/\/castelodesaojorge.pt\/en\/#\/schema\/logo\/image\/","url":"https:\/\/castelodesaojorge.pt\/wp-content\/uploads\/2022\/07\/brancalogomarca_comp.png","contentUrl":"https:\/\/castelodesaojorge.pt\/wp-content\/uploads\/2022\/07\/brancalogomarca_comp.png","width":295,"height":80,"caption":"Castelo de S\u00e3o Jorge"},"image":{"@id":"https:\/\/castelodesaojorge.pt\/en\/#\/schema\/logo\/image\/"},"sameAs":["https:\/\/www.facebook.com\/castelodesaojorge","https:\/\/www.instagram.com\/castelodesjorge\/"]}]}},"coauthors":[],"author_meta":{"author_link":"https:\/\/castelodesaojorge.pt\/en\/author\/administrador\/","display_name":"Administrador"},"relative_dates":{"created":"Posted 3 years ago","modified":"Updated 3 years ago"},"absolute_dates":{"created":"Posted on 13 de December, 2022","modified":"Updated on 20 de February, 2023"},"absolute_dates_time":{"created":"Posted on 13 de December, 2022 0:43","modified":"Updated on 20 de February, 2023 16:00"},"featured_img_caption":"","featured_img":false,"series_order":"","_links":{"self":[{"href":"https:\/\/castelodesaojorge.pt\/en\/wp-json\/wp\/v2\/pages\/7223","targetHints":{"allow":["GET"]}}],"collection":[{"href":"https:\/\/castelodesaojorge.pt\/en\/wp-json\/wp\/v2\/pages"}],"about":[{"href":"https:\/\/castelodesaojorge.pt\/en\/wp-json\/wp\/v2\/types\/page"}],"author":[{"embeddable":true,"href":"https:\/\/castelodesaojorge.pt\/en\/wp-json\/wp\/v2\/users\/1"}],"replies":[{"embeddable":true,"href":"https:\/\/castelodesaojorge.pt\/en\/wp-json\/wp\/v2\/comments?post=7223"}],"version-history":[{"count":0,"href":"https:\/\/castelodesaojorge.pt\/en\/wp-json\/wp\/v2\/pages\/7223\/revisions"}],"wp:attachment":[{"href":"https:\/\/castelodesaojorge.pt\/en\/wp-json\/wp\/v2\/media?parent=7223"}],"curies":[{"name":"wp","href":"https:\/\/api.w.org\/{rel}","templated":true}]}}