{"id":7253,"date":"2022-12-16T18:26:23","date_gmt":"2022-12-16T18:26:23","guid":{"rendered":"https:\/\/castelodesaojorge.pt\/noticias\/auto-da-barca-do-inferno-no-castelo-de-sao-jorge\/"},"modified":"2023-02-20T15:11:25","modified_gmt":"2023-02-20T15:11:25","slug":"auto-da-barca-do-inferno-no-castelo-de-sao-jorge","status":"publish","type":"page","link":"https:\/\/castelodesaojorge.pt\/en\/news\/auto-da-barca-do-inferno-no-castelo-de-sao-jorge\/","title":{"rendered":"\u201cAuto da Barca do Inferno\u201d no Castelo de S\u00e3o Jorge"},"content":{"rendered":"\n<p>A Ar de Filmes\/Teatro do Bairro junta-se ao Castelo de S\u00e3o Jorge, para proporcionar ao p\u00fablico mais jovem uma visita de estudo enriquecida pelas in\u00fameras e interessantes liga\u00e7\u00f5es existentes entre a figura de Gil Vicente e o espa\u00e7o do Castelo de S\u00e3o Jorge, lugar onde apresentou algumas das suas primeiras obras e onde ele pr\u00f3prio morou.<\/p>\n\n\n\n<div style=\"height:25px\" aria-hidden=\"true\" class=\"wp-block-spacer\"><\/div>\n\n\n\n<figure class=\"wp-block-image size-large\"><img loading=\"lazy\" decoding=\"async\" width=\"1024\" height=\"576\" src=\"https:\/\/castelodesaojorge.pt\/wp-content\/uploads\/2023\/02\/TDB-Auto-da-barca-1024x576.jpg\" alt=\"\" class=\"wp-image-7036\" srcset=\"https:\/\/castelodesaojorge.pt\/wp-content\/uploads\/2023\/02\/TDB-Auto-da-barca-1024x576.jpg 1024w, https:\/\/castelodesaojorge.pt\/wp-content\/uploads\/2023\/02\/TDB-Auto-da-barca-300x169.jpg 300w, https:\/\/castelodesaojorge.pt\/wp-content\/uploads\/2023\/02\/TDB-Auto-da-barca-768x432.jpg 768w, https:\/\/castelodesaojorge.pt\/wp-content\/uploads\/2023\/02\/TDB-Auto-da-barca.jpg 1200w\" sizes=\"auto, (max-width: 1024px) 100vw, 1024px\" \/><\/figure>\n\n\n\n<div style=\"height:25px\" aria-hidden=\"true\" class=\"wp-block-spacer\"><\/div>\n\n\n\n<p>Atrav\u00e9s de uma visita guiada, iremos descobrir a obra de Gil Vicente, reconstruir a sua liga\u00e7\u00e3o aos reis e \u00e0 casa real e rela\u00e7\u00e3o com o Castelo de S\u00e3o Jorge.<\/p>\n\n\n\n<p><strong>PER\u00cdODO: <\/strong>1 de Novembro de 2022 a 30 de Abril de 2023<br><strong>DIAS:<\/strong> Ter\u00e7a a Sexta-feira &#8211; Duas sess\u00f5es di\u00e1rias, \u00e0s 11h00 e \u00e0s 14h00<br>APENAS PARA ESCOLAS<\/p>\n\n\n\n<div style=\"height:60px\" aria-hidden=\"true\" class=\"wp-block-spacer\"><\/div>\n\n\n\n<hr class=\"wp-block-separator has-text-color has-luminous-vivid-amber-color has-alpha-channel-opacity has-luminous-vivid-amber-background-color has-background is-style-wide\">\n\n\n\n<div class=\"wp-block-columns is-layout-flex wp-container-core-columns-is-layout-9d6595d7 wp-block-columns-is-layout-flex\">\n<div class=\"wp-block-column is-layout-flow wp-block-column-is-layout-flow\" style=\"flex-basis:1920px\">\n<h1 class=\"has-text-color wp-block-heading\" style=\"color:#5a5a5a\"><strong>Mais not\u00edcias<\/strong><\/h1>\n\n\n\n<div style=\"height:20px\" aria-hidden=\"true\" class=\"wp-block-spacer\"><\/div>\n\n\n<div class=\"advgb-recent-posts-block frontpage-view layout-3-3 gap-20 style-default tbl-layout-3-3 mbl-layout-stacked recent-posts-08cf3ca4-d8f5-4aed-ab28-2c324dec468f\"><div class=\"advgb-recent-posts\"><article class=\"advgb-recent-post\"><div class=\"advgb-post-thumbnail\"><a href=\"https:\/\/castelodesaojorge.pt\/en\/news\/auto-da-barca-do-inferno-no-castelo-de-sao-jorge\/\"><img loading=\"lazy\" decoding=\"async\" width=\"1024\" height=\"453\" src=\"https:\/\/castelodesaojorge.pt\/wp-content\/uploads\/2023\/02\/Header-TDB-Auto-da-barca-1024x453.jpg\" class=\"attachment-large size-large\" alt=\"\" srcset=\"https:\/\/castelodesaojorge.pt\/wp-content\/uploads\/2023\/02\/Header-TDB-Auto-da-barca-1024x453.jpg 1024w, https:\/\/castelodesaojorge.pt\/wp-content\/uploads\/2023\/02\/Header-TDB-Auto-da-barca-300x133.jpg 300w, https:\/\/castelodesaojorge.pt\/wp-content\/uploads\/2023\/02\/Header-TDB-Auto-da-barca-768x340.jpg 768w, https:\/\/castelodesaojorge.pt\/wp-content\/uploads\/2023\/02\/Header-TDB-Auto-da-barca-1536x680.jpg 1536w, https:\/\/castelodesaojorge.pt\/wp-content\/uploads\/2023\/02\/Header-TDB-Auto-da-barca.jpg 1920w\" sizes=\"auto, (max-width: 1024px) 100vw, 1024px\" \/><\/a><\/div><div class=\"advgb-post-wrapper\"><h2 class=\"advgb-post-title\"><a href=\"https:\/\/castelodesaojorge.pt\/en\/news\/auto-da-barca-do-inferno-no-castelo-de-sao-jorge\/\">\u201cAuto da Barca do Inferno\u201d no Castelo de S\u00e3o Jorge<\/a><\/h2><div class=\"advgb-post-content\"><div class=\"advgb-post-excerpt\">A Ar de Filmes\/Teatro do Bairro junta-se ao Castelo de S\u00e3o Jorge, para proporcionar ao p\u00fablico mais jovem uma visita de estudo enriquecida pelas in\u00fame<\/div><\/div><\/div><\/article><article class=\"advgb-recent-post\"><div class=\"advgb-post-thumbnail\"><a href=\"https:\/\/castelodesaojorge.pt\/en\/news\/torre-ocidental-recuperada\/\"><img loading=\"lazy\" decoding=\"async\" width=\"1024\" height=\"453\" src=\"https:\/\/castelodesaojorge.pt\/wp-content\/uploads\/2022\/12\/csj-noticias-repearo-torre-ocidental-topo-noticia-1024x453.jpg\" class=\"attachment-large size-large\" alt=\"\" srcset=\"https:\/\/castelodesaojorge.pt\/wp-content\/uploads\/2022\/12\/csj-noticias-repearo-torre-ocidental-topo-noticia-1024x453.jpg 1024w, https:\/\/castelodesaojorge.pt\/wp-content\/uploads\/2022\/12\/csj-noticias-repearo-torre-ocidental-topo-noticia-300x133.jpg 300w, https:\/\/castelodesaojorge.pt\/wp-content\/uploads\/2022\/12\/csj-noticias-repearo-torre-ocidental-topo-noticia-768x340.jpg 768w, https:\/\/castelodesaojorge.pt\/wp-content\/uploads\/2022\/12\/csj-noticias-repearo-torre-ocidental-topo-noticia.jpg 1200w\" sizes=\"auto, (max-width: 1024px) 100vw, 1024px\" \/><\/a><\/div><div class=\"advgb-post-wrapper\"><h2 class=\"advgb-post-title\"><a href=\"https:\/\/castelodesaojorge.pt\/en\/news\/torre-ocidental-recuperada\/\">Torre ocidental recuperada<\/a><\/h2><div class=\"advgb-post-content\"><div class=\"advgb-post-excerpt\">A vista de Lisboa acabou de ficar mais bonita! Terminaram as obras de recupera\u00e7\u00e3o da torre ocidental do castelo, e pudemos, por fim, desmontar os anda<\/div><\/div><\/div><\/article><article class=\"advgb-recent-post\"><div class=\"advgb-post-thumbnail\"><a href=\"https:\/\/castelodesaojorge.pt\/en\/news\/o-castelo-de-sao-jorge-agora-mais-acessivel-a-pessoas-com-deficiencia-visual\/\"><img loading=\"lazy\" decoding=\"async\" width=\"1024\" height=\"453\" src=\"https:\/\/castelodesaojorge.pt\/wp-content\/uploads\/2022\/12\/formacao_acessibilidade-topo-1024x453.jpg\" class=\"attachment-large size-large\" alt=\"\" srcset=\"https:\/\/castelodesaojorge.pt\/wp-content\/uploads\/2022\/12\/formacao_acessibilidade-topo-1024x453.jpg 1024w, https:\/\/castelodesaojorge.pt\/wp-content\/uploads\/2022\/12\/formacao_acessibilidade-topo-300x133.jpg 300w, https:\/\/castelodesaojorge.pt\/wp-content\/uploads\/2022\/12\/formacao_acessibilidade-topo-768x340.jpg 768w, https:\/\/castelodesaojorge.pt\/wp-content\/uploads\/2022\/12\/formacao_acessibilidade-topo-1536x680.jpg 1536w, https:\/\/castelodesaojorge.pt\/wp-content\/uploads\/2022\/12\/formacao_acessibilidade-topo.jpg 1920w\" sizes=\"auto, (max-width: 1024px) 100vw, 1024px\" \/><\/a><\/div><div class=\"advgb-post-wrapper\"><h2 class=\"advgb-post-title\"><a href=\"https:\/\/castelodesaojorge.pt\/en\/news\/o-castelo-de-sao-jorge-agora-mais-acessivel-a-pessoas-com-deficiencia-visual\/\">O Castelo de S\u00e3o Jorge agora mais acess\u00edvel a pessoas com defici\u00eancia visual<\/a><\/h2><div class=\"advgb-post-content\"><div class=\"advgb-post-excerpt\">O Castelo de S\u00e3o Jorge \u00e9 um dos marcos da cidade de Lisboa, um dos monumentos mais visitados. No \u00e2mbito do trabalho que tem vindo a ser desenvolvido n<\/div><\/div><\/div><\/article><\/div><\/div>\n\n\n<div style=\"height:50px\" aria-hidden=\"true\" class=\"wp-block-spacer\"><\/div>\n<\/div>\n<\/div>\n","protected":false},"excerpt":{"rendered":"<p>A Ar de Filmes\/Teatro do Bairro junta-se ao Castelo de S\u00e3o Jorge, para proporcionar ao p\u00fablico mais jovem uma visita de estudo enriquecida pelas in\u00fameras e interessantes liga\u00e7\u00f5es existentes entre a figura de Gil Vicente e o espa\u00e7o do Castelo de S\u00e3o Jorge, lugar onde apresentou algumas das suas primeiras obras e onde ele pr\u00f3prio [&hellip;]<\/p>\n","protected":false},"author":7,"featured_media":7029,"parent":7223,"menu_order":0,"comment_status":"closed","ping_status":"closed","template":"","meta":{"advgb_blocks_editor_width":"","advgb_blocks_columns_visual_guide":"","footnotes":""},"class_list":["post-7253","page","type-page","status-publish","has-post-thumbnail","hentry"],"acf":[],"yoast_head":"<!-- This site is optimized with the Yoast SEO plugin v27.4 - https:\/\/yoast.com\/product\/yoast-seo-wordpress\/ -->\n<title>\u201cAuto da Barca do Inferno\u201d no Castelo de S\u00e3o Jorge - Castelo de S\u00e3o Jorge<\/title>\n<meta name=\"robots\" content=\"index, follow, max-snippet:-1, max-image-preview:large, max-video-preview:-1\" \/>\n<link rel=\"canonical\" href=\"https:\/\/castelodesaojorge.pt\/en\/news\/auto-da-barca-do-inferno-no-castelo-de-sao-jorge\/\" \/>\n<meta property=\"og:locale\" content=\"en_US\" \/>\n<meta property=\"og:type\" content=\"article\" \/>\n<meta property=\"og:title\" content=\"\u201cAuto da Barca do Inferno\u201d no Castelo de S\u00e3o Jorge - Castelo de S\u00e3o Jorge\" \/>\n<meta property=\"og:description\" content=\"A Ar de Filmes\/Teatro do Bairro junta-se ao Castelo de S\u00e3o Jorge, para proporcionar ao p\u00fablico mais jovem uma visita de estudo enriquecida pelas in\u00fameras e interessantes liga\u00e7\u00f5es existentes entre a figura de Gil Vicente e o espa\u00e7o do Castelo de S\u00e3o Jorge, lugar onde apresentou algumas das suas primeiras obras e onde ele pr\u00f3prio [&hellip;]\" \/>\n<meta property=\"og:url\" content=\"https:\/\/castelodesaojorge.pt\/en\/news\/auto-da-barca-do-inferno-no-castelo-de-sao-jorge\/\" \/>\n<meta property=\"og:site_name\" content=\"Castelo de S\u00e3o Jorge\" \/>\n<meta property=\"article:publisher\" content=\"https:\/\/www.facebook.com\/castelodesaojorge\" \/>\n<meta property=\"article:modified_time\" content=\"2023-02-20T15:11:25+00:00\" \/>\n<meta property=\"og:image\" content=\"https:\/\/castelodesaojorge.pt\/wp-content\/uploads\/2023\/02\/Header-TDB-Auto-da-barca.jpg\" \/>\n\t<meta property=\"og:image:width\" content=\"1920\" \/>\n\t<meta property=\"og:image:height\" content=\"850\" \/>\n\t<meta property=\"og:image:type\" content=\"image\/jpeg\" \/>\n<meta name=\"twitter:card\" content=\"summary_large_image\" \/>\n<meta name=\"twitter:label1\" content=\"Est. reading time\" \/>\n\t<meta name=\"twitter:data1\" content=\"1 minute\" \/>\n<script type=\"application\/ld+json\" class=\"yoast-schema-graph\">{\"@context\":\"https:\\\/\\\/schema.org\",\"@graph\":[{\"@type\":\"WebPage\",\"@id\":\"https:\\\/\\\/castelodesaojorge.pt\\\/en\\\/news\\\/auto-da-barca-do-inferno-no-castelo-de-sao-jorge\\\/\",\"url\":\"https:\\\/\\\/castelodesaojorge.pt\\\/en\\\/news\\\/auto-da-barca-do-inferno-no-castelo-de-sao-jorge\\\/\",\"name\":\"\u201cAuto da Barca do Inferno\u201d no Castelo de S\u00e3o Jorge - Castelo de S\u00e3o Jorge\",\"isPartOf\":{\"@id\":\"https:\\\/\\\/castelodesaojorge.pt\\\/#website\"},\"primaryImageOfPage\":{\"@id\":\"https:\\\/\\\/castelodesaojorge.pt\\\/en\\\/news\\\/auto-da-barca-do-inferno-no-castelo-de-sao-jorge\\\/#primaryimage\"},\"image\":{\"@id\":\"https:\\\/\\\/castelodesaojorge.pt\\\/en\\\/news\\\/auto-da-barca-do-inferno-no-castelo-de-sao-jorge\\\/#primaryimage\"},\"thumbnailUrl\":\"https:\\\/\\\/castelodesaojorge.pt\\\/wp-content\\\/uploads\\\/2023\\\/02\\\/Header-TDB-Auto-da-barca.jpg\",\"datePublished\":\"2022-12-16T18:26:23+00:00\",\"dateModified\":\"2023-02-20T15:11:25+00:00\",\"breadcrumb\":{\"@id\":\"https:\\\/\\\/castelodesaojorge.pt\\\/en\\\/news\\\/auto-da-barca-do-inferno-no-castelo-de-sao-jorge\\\/#breadcrumb\"},\"inLanguage\":\"en-US\",\"potentialAction\":[{\"@type\":\"ReadAction\",\"target\":[\"https:\\\/\\\/castelodesaojorge.pt\\\/en\\\/news\\\/auto-da-barca-do-inferno-no-castelo-de-sao-jorge\\\/\"]}]},{\"@type\":\"ImageObject\",\"inLanguage\":\"en-US\",\"@id\":\"https:\\\/\\\/castelodesaojorge.pt\\\/en\\\/news\\\/auto-da-barca-do-inferno-no-castelo-de-sao-jorge\\\/#primaryimage\",\"url\":\"https:\\\/\\\/castelodesaojorge.pt\\\/wp-content\\\/uploads\\\/2023\\\/02\\\/Header-TDB-Auto-da-barca.jpg\",\"contentUrl\":\"https:\\\/\\\/castelodesaojorge.pt\\\/wp-content\\\/uploads\\\/2023\\\/02\\\/Header-TDB-Auto-da-barca.jpg\",\"width\":1920,\"height\":850},{\"@type\":\"BreadcrumbList\",\"@id\":\"https:\\\/\\\/castelodesaojorge.pt\\\/en\\\/news\\\/auto-da-barca-do-inferno-no-castelo-de-sao-jorge\\\/#breadcrumb\",\"itemListElement\":[{\"@type\":\"ListItem\",\"position\":1,\"name\":\"In\u00edcio\",\"item\":\"https:\\\/\\\/castelodesaojorge.pt\\\/\"},{\"@type\":\"ListItem\",\"position\":2,\"name\":\"News\",\"item\":\"https:\\\/\\\/castelodesaojorge.pt\\\/en\\\/news\\\/\"},{\"@type\":\"ListItem\",\"position\":3,\"name\":\"\u201cAuto da Barca do Inferno\u201d no Castelo de S\u00e3o Jorge\"}]},{\"@type\":\"WebSite\",\"@id\":\"https:\\\/\\\/castelodesaojorge.pt\\\/#website\",\"url\":\"https:\\\/\\\/castelodesaojorge.pt\\\/\",\"name\":\"Castelo de S\u00e3o Jorge\",\"description\":\"\",\"publisher\":{\"@id\":\"https:\\\/\\\/castelodesaojorge.pt\\\/#organization\"},\"potentialAction\":[{\"@type\":\"SearchAction\",\"target\":{\"@type\":\"EntryPoint\",\"urlTemplate\":\"https:\\\/\\\/castelodesaojorge.pt\\\/?s={search_term_string}\"},\"query-input\":{\"@type\":\"PropertyValueSpecification\",\"valueRequired\":true,\"valueName\":\"search_term_string\"}}],\"inLanguage\":\"en-US\"},{\"@type\":\"Organization\",\"@id\":\"https:\\\/\\\/castelodesaojorge.pt\\\/#organization\",\"name\":\"Castelo de S\u00e3o Jorge\",\"url\":\"https:\\\/\\\/castelodesaojorge.pt\\\/\",\"logo\":{\"@type\":\"ImageObject\",\"inLanguage\":\"en-US\",\"@id\":\"https:\\\/\\\/castelodesaojorge.pt\\\/#\\\/schema\\\/logo\\\/image\\\/\",\"url\":\"https:\\\/\\\/castelodesaojorge.pt\\\/wp-content\\\/uploads\\\/2022\\\/07\\\/brancalogomarca_comp.png\",\"contentUrl\":\"https:\\\/\\\/castelodesaojorge.pt\\\/wp-content\\\/uploads\\\/2022\\\/07\\\/brancalogomarca_comp.png\",\"width\":295,\"height\":80,\"caption\":\"Castelo de S\u00e3o Jorge\"},\"image\":{\"@id\":\"https:\\\/\\\/castelodesaojorge.pt\\\/#\\\/schema\\\/logo\\\/image\\\/\"},\"sameAs\":[\"https:\\\/\\\/www.facebook.com\\\/castelodesaojorge\",\"https:\\\/\\\/www.instagram.com\\\/castelodesjorge\\\/\"]}]}<\/script>\n<!-- \/ Yoast SEO plugin. -->","yoast_head_json":{"title":"\u201cAuto da Barca do Inferno\u201d no Castelo de S\u00e3o Jorge - Castelo de S\u00e3o Jorge","robots":{"index":"index","follow":"follow","max-snippet":"max-snippet:-1","max-image-preview":"max-image-preview:large","max-video-preview":"max-video-preview:-1"},"canonical":"https:\/\/castelodesaojorge.pt\/en\/news\/auto-da-barca-do-inferno-no-castelo-de-sao-jorge\/","og_locale":"en_US","og_type":"article","og_title":"\u201cAuto da Barca do Inferno\u201d no Castelo de S\u00e3o Jorge - Castelo de S\u00e3o Jorge","og_description":"A Ar de Filmes\/Teatro do Bairro junta-se ao Castelo de S\u00e3o Jorge, para proporcionar ao p\u00fablico mais jovem uma visita de estudo enriquecida pelas in\u00fameras e interessantes liga\u00e7\u00f5es existentes entre a figura de Gil Vicente e o espa\u00e7o do Castelo de S\u00e3o Jorge, lugar onde apresentou algumas das suas primeiras obras e onde ele pr\u00f3prio [&hellip;]","og_url":"https:\/\/castelodesaojorge.pt\/en\/news\/auto-da-barca-do-inferno-no-castelo-de-sao-jorge\/","og_site_name":"Castelo de S\u00e3o Jorge","article_publisher":"https:\/\/www.facebook.com\/castelodesaojorge","article_modified_time":"2023-02-20T15:11:25+00:00","og_image":[{"width":1920,"height":850,"url":"https:\/\/castelodesaojorge.pt\/wp-content\/uploads\/2023\/02\/Header-TDB-Auto-da-barca.jpg","type":"image\/jpeg"}],"twitter_card":"summary_large_image","twitter_misc":{"Est. reading time":"1 minute"},"schema":{"@context":"https:\/\/schema.org","@graph":[{"@type":"WebPage","@id":"https:\/\/castelodesaojorge.pt\/en\/news\/auto-da-barca-do-inferno-no-castelo-de-sao-jorge\/","url":"https:\/\/castelodesaojorge.pt\/en\/news\/auto-da-barca-do-inferno-no-castelo-de-sao-jorge\/","name":"\u201cAuto da Barca do Inferno\u201d no Castelo de S\u00e3o Jorge - Castelo de S\u00e3o Jorge","isPartOf":{"@id":"https:\/\/castelodesaojorge.pt\/#website"},"primaryImageOfPage":{"@id":"https:\/\/castelodesaojorge.pt\/en\/news\/auto-da-barca-do-inferno-no-castelo-de-sao-jorge\/#primaryimage"},"image":{"@id":"https:\/\/castelodesaojorge.pt\/en\/news\/auto-da-barca-do-inferno-no-castelo-de-sao-jorge\/#primaryimage"},"thumbnailUrl":"https:\/\/castelodesaojorge.pt\/wp-content\/uploads\/2023\/02\/Header-TDB-Auto-da-barca.jpg","datePublished":"2022-12-16T18:26:23+00:00","dateModified":"2023-02-20T15:11:25+00:00","breadcrumb":{"@id":"https:\/\/castelodesaojorge.pt\/en\/news\/auto-da-barca-do-inferno-no-castelo-de-sao-jorge\/#breadcrumb"},"inLanguage":"en-US","potentialAction":[{"@type":"ReadAction","target":["https:\/\/castelodesaojorge.pt\/en\/news\/auto-da-barca-do-inferno-no-castelo-de-sao-jorge\/"]}]},{"@type":"ImageObject","inLanguage":"en-US","@id":"https:\/\/castelodesaojorge.pt\/en\/news\/auto-da-barca-do-inferno-no-castelo-de-sao-jorge\/#primaryimage","url":"https:\/\/castelodesaojorge.pt\/wp-content\/uploads\/2023\/02\/Header-TDB-Auto-da-barca.jpg","contentUrl":"https:\/\/castelodesaojorge.pt\/wp-content\/uploads\/2023\/02\/Header-TDB-Auto-da-barca.jpg","width":1920,"height":850},{"@type":"BreadcrumbList","@id":"https:\/\/castelodesaojorge.pt\/en\/news\/auto-da-barca-do-inferno-no-castelo-de-sao-jorge\/#breadcrumb","itemListElement":[{"@type":"ListItem","position":1,"name":"In\u00edcio","item":"https:\/\/castelodesaojorge.pt\/"},{"@type":"ListItem","position":2,"name":"News","item":"https:\/\/castelodesaojorge.pt\/en\/news\/"},{"@type":"ListItem","position":3,"name":"\u201cAuto da Barca do Inferno\u201d no Castelo de S\u00e3o Jorge"}]},{"@type":"WebSite","@id":"https:\/\/castelodesaojorge.pt\/#website","url":"https:\/\/castelodesaojorge.pt\/","name":"Castelo de S\u00e3o Jorge","description":"","publisher":{"@id":"https:\/\/castelodesaojorge.pt\/#organization"},"potentialAction":[{"@type":"SearchAction","target":{"@type":"EntryPoint","urlTemplate":"https:\/\/castelodesaojorge.pt\/?s={search_term_string}"},"query-input":{"@type":"PropertyValueSpecification","valueRequired":true,"valueName":"search_term_string"}}],"inLanguage":"en-US"},{"@type":"Organization","@id":"https:\/\/castelodesaojorge.pt\/#organization","name":"Castelo de S\u00e3o Jorge","url":"https:\/\/castelodesaojorge.pt\/","logo":{"@type":"ImageObject","inLanguage":"en-US","@id":"https:\/\/castelodesaojorge.pt\/#\/schema\/logo\/image\/","url":"https:\/\/castelodesaojorge.pt\/wp-content\/uploads\/2022\/07\/brancalogomarca_comp.png","contentUrl":"https:\/\/castelodesaojorge.pt\/wp-content\/uploads\/2022\/07\/brancalogomarca_comp.png","width":295,"height":80,"caption":"Castelo de S\u00e3o Jorge"},"image":{"@id":"https:\/\/castelodesaojorge.pt\/#\/schema\/logo\/image\/"},"sameAs":["https:\/\/www.facebook.com\/castelodesaojorge","https:\/\/www.instagram.com\/castelodesjorge\/"]}]}},"coauthors":[],"author_meta":{"author_link":"https:\/\/castelodesaojorge.pt\/en\/author\/redacao-csj\/","display_name":"Redacao Castelo de S\u00e3o Jorge RCSJ"},"relative_dates":{"created":"Posted 3 years ago","modified":"Updated 3 years ago"},"absolute_dates":{"created":"Posted on 16 de December, 2022","modified":"Updated on 20 de February, 2023"},"absolute_dates_time":{"created":"Posted on 16 de December, 2022 18:26","modified":"Updated on 20 de February, 2023 15:11"},"featured_img_caption":"","featured_img":"https:\/\/castelodesaojorge.pt\/wp-content\/uploads\/2023\/02\/Header-TDB-Auto-da-barca.jpg","series_order":"","_links":{"self":[{"href":"https:\/\/castelodesaojorge.pt\/en\/wp-json\/wp\/v2\/pages\/7253","targetHints":{"allow":["GET"]}}],"collection":[{"href":"https:\/\/castelodesaojorge.pt\/en\/wp-json\/wp\/v2\/pages"}],"about":[{"href":"https:\/\/castelodesaojorge.pt\/en\/wp-json\/wp\/v2\/types\/page"}],"author":[{"embeddable":true,"href":"https:\/\/castelodesaojorge.pt\/en\/wp-json\/wp\/v2\/users\/7"}],"replies":[{"embeddable":true,"href":"https:\/\/castelodesaojorge.pt\/en\/wp-json\/wp\/v2\/comments?post=7253"}],"version-history":[{"count":0,"href":"https:\/\/castelodesaojorge.pt\/en\/wp-json\/wp\/v2\/pages\/7253\/revisions"}],"up":[{"embeddable":true,"href":"https:\/\/castelodesaojorge.pt\/en\/wp-json\/wp\/v2\/pages\/7223"}],"wp:featuredmedia":[{"embeddable":true,"href":"https:\/\/castelodesaojorge.pt\/en\/wp-json\/wp\/v2\/media\/7029"}],"wp:attachment":[{"href":"https:\/\/castelodesaojorge.pt\/en\/wp-json\/wp\/v2\/media?parent=7253"}],"curies":[{"name":"wp","href":"https:\/\/api.w.org\/{rel}","templated":true}]}}