{"id":7257,"date":"2022-12-13T18:36:12","date_gmt":"2022-12-13T18:36:12","guid":{"rendered":"https:\/\/castelodesaojorge.pt\/noticias\/o-castelo-de-sao-jorge-agora-mais-acessivel-a-pessoas-com-deficiencia-visual\/"},"modified":"2022-12-13T18:36:12","modified_gmt":"2022-12-13T18:36:12","slug":"o-castelo-de-sao-jorge-agora-mais-acessivel-a-pessoas-com-deficiencia-visual","status":"publish","type":"page","link":"https:\/\/castelodesaojorge.pt\/en\/news\/o-castelo-de-sao-jorge-agora-mais-acessivel-a-pessoas-com-deficiencia-visual\/","title":{"rendered":"O Castelo de S\u00e3o Jorge agora mais acess\u00edvel a pessoas com defici\u00eancia visual"},"content":{"rendered":"\n<p>O Castelo de S\u00e3o Jorge \u00e9 um dos marcos da cidade de Lisboa, um dos monumentos mais visitados. No \u00e2mbito do trabalho que tem vindo a ser desenvolvido na \u00e1rea da Acessibilidade e da Inclus\u00e3o, um dos eixos priorit\u00e1rios, inclui agora visitas guiadas que respondem \u00e0s necessidades dos visitantes com defici\u00eancia visual (pessoas cegas e com baixa vis\u00e3o).<\/p>\n\n\n\n<p>A partir do m\u00eas de outubro, as pessoas com defici\u00eancia visual poder\u00e3o participar em visitas guiadas com audiodescri\u00e7\u00e3o. A audiodescri\u00e7\u00e3o \u00e9 uma descri\u00e7\u00e3o verbal que procura tornar os elementos visuais acess\u00edveis. Assim, ao mesmo tempo que os visitantes recebem informa\u00e7\u00f5es sobre a hist\u00f3ria do monumento, sobre o seu patrim\u00f3nio cultural e natural, os visitantes com defici\u00eancia visual ter\u00e3o acesso tamb\u00e9m aos elementos visuais que comp\u00f5em este patrim\u00f3nio.<\/p>\n\n\n\n<div style=\"height:25px\" aria-hidden=\"true\" class=\"wp-block-spacer\"><\/div>\n\n\n\n<figure class=\"wp-block-image size-large\"><img loading=\"lazy\" decoding=\"async\" width=\"1024\" height=\"683\" src=\"https:\/\/castelodesaojorge.pt\/wp-content\/uploads\/2022\/12\/formacao_acessibilidade-1024x683.jpg\" alt=\"\" class=\"wp-image-4777\" srcset=\"https:\/\/castelodesaojorge.pt\/wp-content\/uploads\/2022\/12\/formacao_acessibilidade-1024x683.jpg 1024w, https:\/\/castelodesaojorge.pt\/wp-content\/uploads\/2022\/12\/formacao_acessibilidade-300x200.jpg 300w, https:\/\/castelodesaojorge.pt\/wp-content\/uploads\/2022\/12\/formacao_acessibilidade-768x512.jpg 768w, https:\/\/castelodesaojorge.pt\/wp-content\/uploads\/2022\/12\/formacao_acessibilidade-391x260.jpg 391w, https:\/\/castelodesaojorge.pt\/wp-content\/uploads\/2022\/12\/formacao_acessibilidade.jpg 1200w\" sizes=\"auto, (max-width: 1024px) 100vw, 1024px\" \/><\/figure>\n\n\n\n<div style=\"height:25px\" aria-hidden=\"true\" class=\"wp-block-spacer\"><\/div>\n\n\n\n<p>A prepara\u00e7\u00e3o destas visitas foi feita com o apoio da&nbsp;<a href=\"https:\/\/acessocultura.org\/\">Acesso Cultura<\/a>, associa\u00e7\u00e3o cultural fundada em 2013, que promove o acesso f\u00edsico, social e intelectual \u00e0 participa\u00e7\u00e3o cultural. A equipa do Servi\u00e7o Educativo do Castelo recebeu ainda forma\u00e7\u00e3o em audiodescri\u00e7\u00e3o, para melhor conhecer o recurso e a sua aplica\u00e7\u00e3o.<\/p>\n\n\n\n<p>A acessibilidade e a inclus\u00e3o s\u00e3o um eixo priorit\u00e1rio para o Castelo de S\u00e3o Jorge. Todos os meses, propomos v\u00e1rias atividades destinadas \u00e0s fam\u00edlias e preparadas para acolher participantes com necessidades espec\u00edficas. Partindo das diversas realidades e caracter\u00edsticas do Castelo, organizam-se programas que, embora abertos a todos, s\u00e3o especificamente preparados para participantes com mobilidade condicionada, com defici\u00eancia intelectual e com defici\u00eancia visual.<\/p>\n\n\n\n<p>A inten\u00e7\u00e3o \u00e9 que todas as pessoas acedam a toda a informa\u00e7\u00e3o sobre o patrim\u00f3nio cultural e natural do Castelo de S\u00e3o Jorge!<\/p>\n\n\n\n<div style=\"height:60px\" aria-hidden=\"true\" class=\"wp-block-spacer\"><\/div>\n\n\n\n<hr class=\"wp-block-separator has-text-color has-luminous-vivid-amber-color has-alpha-channel-opacity has-luminous-vivid-amber-background-color has-background is-style-wide\">\n\n\n\n<div class=\"wp-block-columns is-layout-flex wp-container-core-columns-is-layout-9d6595d7 wp-block-columns-is-layout-flex\">\n<div class=\"wp-block-column is-layout-flow wp-block-column-is-layout-flow\" style=\"flex-basis:1920px\">\n<h1 class=\"has-text-color wp-block-heading\" style=\"color:#5a5a5a\"><strong>Mais not\u00edcias<\/strong><\/h1>\n\n\n\n<div style=\"height:20px\" aria-hidden=\"true\" class=\"wp-block-spacer\"><\/div>\n\n\n<div class=\"advgb-recent-posts-block frontpage-view layout-3-3 gap-20 style-default tbl-layout-3-3 mbl-layout-stacked recent-posts-d9419fff-9f31-406b-aed2-fc67be9bee5b\"><div class=\"advgb-recent-posts\"><article class=\"advgb-recent-post\"><div class=\"advgb-post-thumbnail\"><a href=\"https:\/\/castelodesaojorge.pt\/en\/news\/intervention-of-conservation-and-restoration-archaeological-nucleus\/\"><img loading=\"lazy\" decoding=\"async\" width=\"1024\" height=\"453\" src=\"https:\/\/castelodesaojorge.pt\/wp-content\/uploads\/2022\/12\/obra-casaislamica-topo-1024x453.jpg\" class=\"attachment-large size-large\" alt=\"\" srcset=\"https:\/\/castelodesaojorge.pt\/wp-content\/uploads\/2022\/12\/obra-casaislamica-topo-1024x453.jpg 1024w, https:\/\/castelodesaojorge.pt\/wp-content\/uploads\/2022\/12\/obra-casaislamica-topo-300x133.jpg 300w, https:\/\/castelodesaojorge.pt\/wp-content\/uploads\/2022\/12\/obra-casaislamica-topo-768x340.jpg 768w, https:\/\/castelodesaojorge.pt\/wp-content\/uploads\/2022\/12\/obra-casaislamica-topo-1536x680.jpg 1536w, https:\/\/castelodesaojorge.pt\/wp-content\/uploads\/2022\/12\/obra-casaislamica-topo-2048x906.jpg 2048w\" sizes=\"auto, (max-width: 1024px) 100vw, 1024px\" \/><\/a><\/div><div class=\"advgb-post-wrapper\"><h2 class=\"advgb-post-title\"><a href=\"https:\/\/castelodesaojorge.pt\/en\/news\/intervention-of-conservation-and-restoration-archaeological-nucleus\/\">Intervention of Conservation and Restoration &#8211; Archaeological Nucleus<\/a><\/h2><div class=\"advgb-post-content\"><div class=\"advgb-post-excerpt\">St. George&#8217;s Castle takes care of its heritage! Demos in\u00edcio a uma interven\u00e7\u00e3o de conserva\u00e7\u00e3o e restauro nos revestimentos isl\u00e2micos de uma das casas <\/div><\/div><\/div><\/article><article class=\"advgb-recent-post\"><div class=\"advgb-post-thumbnail\"><a href=\"https:\/\/castelodesaojorge.pt\/en\/news\/auto-da-barca-do-inferno-no-castelo-de-sao-jorge\/\"><img loading=\"lazy\" decoding=\"async\" width=\"1024\" height=\"453\" src=\"https:\/\/castelodesaojorge.pt\/wp-content\/uploads\/2023\/02\/Header-TDB-Auto-da-barca-1024x453.jpg\" class=\"attachment-large size-large\" alt=\"\" srcset=\"https:\/\/castelodesaojorge.pt\/wp-content\/uploads\/2023\/02\/Header-TDB-Auto-da-barca-1024x453.jpg 1024w, https:\/\/castelodesaojorge.pt\/wp-content\/uploads\/2023\/02\/Header-TDB-Auto-da-barca-300x133.jpg 300w, https:\/\/castelodesaojorge.pt\/wp-content\/uploads\/2023\/02\/Header-TDB-Auto-da-barca-768x340.jpg 768w, https:\/\/castelodesaojorge.pt\/wp-content\/uploads\/2023\/02\/Header-TDB-Auto-da-barca-1536x680.jpg 1536w, https:\/\/castelodesaojorge.pt\/wp-content\/uploads\/2023\/02\/Header-TDB-Auto-da-barca.jpg 1920w\" sizes=\"auto, (max-width: 1024px) 100vw, 1024px\" \/><\/a><\/div><div class=\"advgb-post-wrapper\"><h2 class=\"advgb-post-title\"><a href=\"https:\/\/castelodesaojorge.pt\/en\/news\/auto-da-barca-do-inferno-no-castelo-de-sao-jorge\/\">\u201cAuto da Barca do Inferno\u201d no Castelo de S\u00e3o Jorge<\/a><\/h2><div class=\"advgb-post-content\"><div class=\"advgb-post-excerpt\">A Ar de Filmes\/Teatro do Bairro junta-se ao Castelo de S\u00e3o Jorge, para proporcionar ao p\u00fablico mais jovem uma visita de estudo enriquecida pelas in\u00fame<\/div><\/div><\/div><\/article><article class=\"advgb-recent-post\"><div class=\"advgb-post-thumbnail\"><a href=\"https:\/\/castelodesaojorge.pt\/en\/news\/torre-ocidental-recuperada\/\"><img loading=\"lazy\" decoding=\"async\" width=\"1024\" height=\"453\" src=\"https:\/\/castelodesaojorge.pt\/wp-content\/uploads\/2022\/12\/csj-noticias-repearo-torre-ocidental-topo-noticia-1024x453.jpg\" class=\"attachment-large size-large\" alt=\"\" srcset=\"https:\/\/castelodesaojorge.pt\/wp-content\/uploads\/2022\/12\/csj-noticias-repearo-torre-ocidental-topo-noticia-1024x453.jpg 1024w, https:\/\/castelodesaojorge.pt\/wp-content\/uploads\/2022\/12\/csj-noticias-repearo-torre-ocidental-topo-noticia-300x133.jpg 300w, https:\/\/castelodesaojorge.pt\/wp-content\/uploads\/2022\/12\/csj-noticias-repearo-torre-ocidental-topo-noticia-768x340.jpg 768w, https:\/\/castelodesaojorge.pt\/wp-content\/uploads\/2022\/12\/csj-noticias-repearo-torre-ocidental-topo-noticia.jpg 1200w\" sizes=\"auto, (max-width: 1024px) 100vw, 1024px\" \/><\/a><\/div><div class=\"advgb-post-wrapper\"><h2 class=\"advgb-post-title\"><a href=\"https:\/\/castelodesaojorge.pt\/en\/news\/torre-ocidental-recuperada\/\">Torre ocidental recuperada<\/a><\/h2><div class=\"advgb-post-content\"><div class=\"advgb-post-excerpt\">A vista de Lisboa acabou de ficar mais bonita! Terminaram as obras de recupera\u00e7\u00e3o da torre ocidental do castelo, e pudemos, por fim, desmontar os anda<\/div><\/div><\/div><\/article><\/div><\/div>\n\n\n<div style=\"height:50px\" aria-hidden=\"true\" class=\"wp-block-spacer\"><\/div>\n<\/div>\n<\/div>\n","protected":false},"excerpt":{"rendered":"<p>O Castelo de S\u00e3o Jorge \u00e9 um dos marcos da cidade de Lisboa, um dos monumentos mais visitados. No \u00e2mbito do trabalho que tem vindo a ser desenvolvido na \u00e1rea da Acessibilidade e da Inclus\u00e3o, um dos eixos priorit\u00e1rios, inclui agora visitas guiadas que respondem \u00e0s necessidades dos visitantes com defici\u00eancia visual (pessoas cegas e [&hellip;]<\/p>\n","protected":false},"author":7,"featured_media":4788,"parent":7223,"menu_order":0,"comment_status":"closed","ping_status":"closed","template":"","meta":{"advgb_blocks_editor_width":"","advgb_blocks_columns_visual_guide":"","footnotes":""},"class_list":["post-7257","page","type-page","status-publish","has-post-thumbnail","hentry"],"acf":[],"yoast_head":"<!-- This site is optimized with the Yoast SEO plugin v27.4 - https:\/\/yoast.com\/product\/yoast-seo-wordpress\/ -->\n<title>O Castelo de S\u00e3o Jorge agora mais acess\u00edvel a pessoas com defici\u00eancia visual - Castelo de S\u00e3o Jorge<\/title>\n<meta name=\"robots\" content=\"index, follow, max-snippet:-1, max-image-preview:large, max-video-preview:-1\" \/>\n<link rel=\"canonical\" href=\"https:\/\/castelodesaojorge.pt\/en\/news\/o-castelo-de-sao-jorge-agora-mais-acessivel-a-pessoas-com-deficiencia-visual\/\" \/>\n<meta property=\"og:locale\" content=\"en_US\" \/>\n<meta property=\"og:type\" content=\"article\" \/>\n<meta property=\"og:title\" content=\"O Castelo de S\u00e3o Jorge agora mais acess\u00edvel a pessoas com defici\u00eancia visual - Castelo de S\u00e3o Jorge\" \/>\n<meta property=\"og:description\" content=\"O Castelo de S\u00e3o Jorge \u00e9 um dos marcos da cidade de Lisboa, um dos monumentos mais visitados. No \u00e2mbito do trabalho que tem vindo a ser desenvolvido na \u00e1rea da Acessibilidade e da Inclus\u00e3o, um dos eixos priorit\u00e1rios, inclui agora visitas guiadas que respondem \u00e0s necessidades dos visitantes com defici\u00eancia visual (pessoas cegas e [&hellip;]\" \/>\n<meta property=\"og:url\" content=\"https:\/\/castelodesaojorge.pt\/en\/news\/o-castelo-de-sao-jorge-agora-mais-acessivel-a-pessoas-com-deficiencia-visual\/\" \/>\n<meta property=\"og:site_name\" content=\"Castelo de S\u00e3o Jorge\" \/>\n<meta property=\"article:publisher\" content=\"https:\/\/www.facebook.com\/castelodesaojorge\" \/>\n<meta property=\"og:image\" content=\"https:\/\/castelodesaojorge.pt\/wp-content\/uploads\/2022\/12\/formacao_acessibilidade-topo.jpg\" \/>\n\t<meta property=\"og:image:width\" content=\"1920\" \/>\n\t<meta property=\"og:image:height\" content=\"850\" \/>\n\t<meta property=\"og:image:type\" content=\"image\/jpeg\" \/>\n<meta name=\"twitter:card\" content=\"summary_large_image\" \/>\n<meta name=\"twitter:label1\" content=\"Est. reading time\" \/>\n\t<meta name=\"twitter:data1\" content=\"2 minutes\" \/>\n<script type=\"application\/ld+json\" class=\"yoast-schema-graph\">{\"@context\":\"https:\\\/\\\/schema.org\",\"@graph\":[{\"@type\":\"WebPage\",\"@id\":\"https:\\\/\\\/castelodesaojorge.pt\\\/en\\\/news\\\/o-castelo-de-sao-jorge-agora-mais-acessivel-a-pessoas-com-deficiencia-visual\\\/\",\"url\":\"https:\\\/\\\/castelodesaojorge.pt\\\/en\\\/news\\\/o-castelo-de-sao-jorge-agora-mais-acessivel-a-pessoas-com-deficiencia-visual\\\/\",\"name\":\"O Castelo de S\u00e3o Jorge agora mais acess\u00edvel a pessoas com defici\u00eancia visual - Castelo de S\u00e3o Jorge\",\"isPartOf\":{\"@id\":\"https:\\\/\\\/castelodesaojorge.pt\\\/#website\"},\"primaryImageOfPage\":{\"@id\":\"https:\\\/\\\/castelodesaojorge.pt\\\/en\\\/news\\\/o-castelo-de-sao-jorge-agora-mais-acessivel-a-pessoas-com-deficiencia-visual\\\/#primaryimage\"},\"image\":{\"@id\":\"https:\\\/\\\/castelodesaojorge.pt\\\/en\\\/news\\\/o-castelo-de-sao-jorge-agora-mais-acessivel-a-pessoas-com-deficiencia-visual\\\/#primaryimage\"},\"thumbnailUrl\":\"https:\\\/\\\/castelodesaojorge.pt\\\/wp-content\\\/uploads\\\/2022\\\/12\\\/formacao_acessibilidade-topo.jpg\",\"datePublished\":\"2022-12-13T18:36:12+00:00\",\"breadcrumb\":{\"@id\":\"https:\\\/\\\/castelodesaojorge.pt\\\/en\\\/news\\\/o-castelo-de-sao-jorge-agora-mais-acessivel-a-pessoas-com-deficiencia-visual\\\/#breadcrumb\"},\"inLanguage\":\"en-US\",\"potentialAction\":[{\"@type\":\"ReadAction\",\"target\":[\"https:\\\/\\\/castelodesaojorge.pt\\\/en\\\/news\\\/o-castelo-de-sao-jorge-agora-mais-acessivel-a-pessoas-com-deficiencia-visual\\\/\"]}]},{\"@type\":\"ImageObject\",\"inLanguage\":\"en-US\",\"@id\":\"https:\\\/\\\/castelodesaojorge.pt\\\/en\\\/news\\\/o-castelo-de-sao-jorge-agora-mais-acessivel-a-pessoas-com-deficiencia-visual\\\/#primaryimage\",\"url\":\"https:\\\/\\\/castelodesaojorge.pt\\\/wp-content\\\/uploads\\\/2022\\\/12\\\/formacao_acessibilidade-topo.jpg\",\"contentUrl\":\"https:\\\/\\\/castelodesaojorge.pt\\\/wp-content\\\/uploads\\\/2022\\\/12\\\/formacao_acessibilidade-topo.jpg\",\"width\":1920,\"height\":850},{\"@type\":\"BreadcrumbList\",\"@id\":\"https:\\\/\\\/castelodesaojorge.pt\\\/en\\\/news\\\/o-castelo-de-sao-jorge-agora-mais-acessivel-a-pessoas-com-deficiencia-visual\\\/#breadcrumb\",\"itemListElement\":[{\"@type\":\"ListItem\",\"position\":1,\"name\":\"In\u00edcio\",\"item\":\"https:\\\/\\\/castelodesaojorge.pt\\\/\"},{\"@type\":\"ListItem\",\"position\":2,\"name\":\"News\",\"item\":\"https:\\\/\\\/castelodesaojorge.pt\\\/en\\\/news\\\/\"},{\"@type\":\"ListItem\",\"position\":3,\"name\":\"O Castelo de S\u00e3o Jorge agora mais acess\u00edvel a pessoas com defici\u00eancia visual\"}]},{\"@type\":\"WebSite\",\"@id\":\"https:\\\/\\\/castelodesaojorge.pt\\\/#website\",\"url\":\"https:\\\/\\\/castelodesaojorge.pt\\\/\",\"name\":\"Castelo de S\u00e3o Jorge\",\"description\":\"\",\"publisher\":{\"@id\":\"https:\\\/\\\/castelodesaojorge.pt\\\/#organization\"},\"potentialAction\":[{\"@type\":\"SearchAction\",\"target\":{\"@type\":\"EntryPoint\",\"urlTemplate\":\"https:\\\/\\\/castelodesaojorge.pt\\\/?s={search_term_string}\"},\"query-input\":{\"@type\":\"PropertyValueSpecification\",\"valueRequired\":true,\"valueName\":\"search_term_string\"}}],\"inLanguage\":\"en-US\"},{\"@type\":\"Organization\",\"@id\":\"https:\\\/\\\/castelodesaojorge.pt\\\/#organization\",\"name\":\"Castelo de S\u00e3o Jorge\",\"url\":\"https:\\\/\\\/castelodesaojorge.pt\\\/\",\"logo\":{\"@type\":\"ImageObject\",\"inLanguage\":\"en-US\",\"@id\":\"https:\\\/\\\/castelodesaojorge.pt\\\/#\\\/schema\\\/logo\\\/image\\\/\",\"url\":\"https:\\\/\\\/castelodesaojorge.pt\\\/wp-content\\\/uploads\\\/2022\\\/07\\\/brancalogomarca_comp.png\",\"contentUrl\":\"https:\\\/\\\/castelodesaojorge.pt\\\/wp-content\\\/uploads\\\/2022\\\/07\\\/brancalogomarca_comp.png\",\"width\":295,\"height\":80,\"caption\":\"Castelo de S\u00e3o Jorge\"},\"image\":{\"@id\":\"https:\\\/\\\/castelodesaojorge.pt\\\/#\\\/schema\\\/logo\\\/image\\\/\"},\"sameAs\":[\"https:\\\/\\\/www.facebook.com\\\/castelodesaojorge\",\"https:\\\/\\\/www.instagram.com\\\/castelodesjorge\\\/\"]}]}<\/script>\n<!-- \/ Yoast SEO plugin. -->","yoast_head_json":{"title":"O Castelo de S\u00e3o Jorge agora mais acess\u00edvel a pessoas com defici\u00eancia visual - Castelo de S\u00e3o Jorge","robots":{"index":"index","follow":"follow","max-snippet":"max-snippet:-1","max-image-preview":"max-image-preview:large","max-video-preview":"max-video-preview:-1"},"canonical":"https:\/\/castelodesaojorge.pt\/en\/news\/o-castelo-de-sao-jorge-agora-mais-acessivel-a-pessoas-com-deficiencia-visual\/","og_locale":"en_US","og_type":"article","og_title":"O Castelo de S\u00e3o Jorge agora mais acess\u00edvel a pessoas com defici\u00eancia visual - Castelo de S\u00e3o Jorge","og_description":"O Castelo de S\u00e3o Jorge \u00e9 um dos marcos da cidade de Lisboa, um dos monumentos mais visitados. No \u00e2mbito do trabalho que tem vindo a ser desenvolvido na \u00e1rea da Acessibilidade e da Inclus\u00e3o, um dos eixos priorit\u00e1rios, inclui agora visitas guiadas que respondem \u00e0s necessidades dos visitantes com defici\u00eancia visual (pessoas cegas e [&hellip;]","og_url":"https:\/\/castelodesaojorge.pt\/en\/news\/o-castelo-de-sao-jorge-agora-mais-acessivel-a-pessoas-com-deficiencia-visual\/","og_site_name":"Castelo de S\u00e3o Jorge","article_publisher":"https:\/\/www.facebook.com\/castelodesaojorge","og_image":[{"width":1920,"height":850,"url":"https:\/\/castelodesaojorge.pt\/wp-content\/uploads\/2022\/12\/formacao_acessibilidade-topo.jpg","type":"image\/jpeg"}],"twitter_card":"summary_large_image","twitter_misc":{"Est. reading time":"2 minutes"},"schema":{"@context":"https:\/\/schema.org","@graph":[{"@type":"WebPage","@id":"https:\/\/castelodesaojorge.pt\/en\/news\/o-castelo-de-sao-jorge-agora-mais-acessivel-a-pessoas-com-deficiencia-visual\/","url":"https:\/\/castelodesaojorge.pt\/en\/news\/o-castelo-de-sao-jorge-agora-mais-acessivel-a-pessoas-com-deficiencia-visual\/","name":"O Castelo de S\u00e3o Jorge agora mais acess\u00edvel a pessoas com defici\u00eancia visual - Castelo de S\u00e3o Jorge","isPartOf":{"@id":"https:\/\/castelodesaojorge.pt\/#website"},"primaryImageOfPage":{"@id":"https:\/\/castelodesaojorge.pt\/en\/news\/o-castelo-de-sao-jorge-agora-mais-acessivel-a-pessoas-com-deficiencia-visual\/#primaryimage"},"image":{"@id":"https:\/\/castelodesaojorge.pt\/en\/news\/o-castelo-de-sao-jorge-agora-mais-acessivel-a-pessoas-com-deficiencia-visual\/#primaryimage"},"thumbnailUrl":"https:\/\/castelodesaojorge.pt\/wp-content\/uploads\/2022\/12\/formacao_acessibilidade-topo.jpg","datePublished":"2022-12-13T18:36:12+00:00","breadcrumb":{"@id":"https:\/\/castelodesaojorge.pt\/en\/news\/o-castelo-de-sao-jorge-agora-mais-acessivel-a-pessoas-com-deficiencia-visual\/#breadcrumb"},"inLanguage":"en-US","potentialAction":[{"@type":"ReadAction","target":["https:\/\/castelodesaojorge.pt\/en\/news\/o-castelo-de-sao-jorge-agora-mais-acessivel-a-pessoas-com-deficiencia-visual\/"]}]},{"@type":"ImageObject","inLanguage":"en-US","@id":"https:\/\/castelodesaojorge.pt\/en\/news\/o-castelo-de-sao-jorge-agora-mais-acessivel-a-pessoas-com-deficiencia-visual\/#primaryimage","url":"https:\/\/castelodesaojorge.pt\/wp-content\/uploads\/2022\/12\/formacao_acessibilidade-topo.jpg","contentUrl":"https:\/\/castelodesaojorge.pt\/wp-content\/uploads\/2022\/12\/formacao_acessibilidade-topo.jpg","width":1920,"height":850},{"@type":"BreadcrumbList","@id":"https:\/\/castelodesaojorge.pt\/en\/news\/o-castelo-de-sao-jorge-agora-mais-acessivel-a-pessoas-com-deficiencia-visual\/#breadcrumb","itemListElement":[{"@type":"ListItem","position":1,"name":"In\u00edcio","item":"https:\/\/castelodesaojorge.pt\/"},{"@type":"ListItem","position":2,"name":"News","item":"https:\/\/castelodesaojorge.pt\/en\/news\/"},{"@type":"ListItem","position":3,"name":"O Castelo de S\u00e3o Jorge agora mais acess\u00edvel a pessoas com defici\u00eancia visual"}]},{"@type":"WebSite","@id":"https:\/\/castelodesaojorge.pt\/#website","url":"https:\/\/castelodesaojorge.pt\/","name":"Castelo de S\u00e3o Jorge","description":"","publisher":{"@id":"https:\/\/castelodesaojorge.pt\/#organization"},"potentialAction":[{"@type":"SearchAction","target":{"@type":"EntryPoint","urlTemplate":"https:\/\/castelodesaojorge.pt\/?s={search_term_string}"},"query-input":{"@type":"PropertyValueSpecification","valueRequired":true,"valueName":"search_term_string"}}],"inLanguage":"en-US"},{"@type":"Organization","@id":"https:\/\/castelodesaojorge.pt\/#organization","name":"Castelo de S\u00e3o Jorge","url":"https:\/\/castelodesaojorge.pt\/","logo":{"@type":"ImageObject","inLanguage":"en-US","@id":"https:\/\/castelodesaojorge.pt\/#\/schema\/logo\/image\/","url":"https:\/\/castelodesaojorge.pt\/wp-content\/uploads\/2022\/07\/brancalogomarca_comp.png","contentUrl":"https:\/\/castelodesaojorge.pt\/wp-content\/uploads\/2022\/07\/brancalogomarca_comp.png","width":295,"height":80,"caption":"Castelo de S\u00e3o Jorge"},"image":{"@id":"https:\/\/castelodesaojorge.pt\/#\/schema\/logo\/image\/"},"sameAs":["https:\/\/www.facebook.com\/castelodesaojorge","https:\/\/www.instagram.com\/castelodesjorge\/"]}]}},"coauthors":[],"author_meta":{"author_link":"https:\/\/castelodesaojorge.pt\/en\/author\/redacao-csj\/","display_name":"Redacao Castelo de S\u00e3o Jorge RCSJ"},"relative_dates":{"created":"Posted 3 years ago","modified":"Updated 3 years ago"},"absolute_dates":{"created":"Posted on 13 de December, 2022","modified":"Updated on 13 de December, 2022"},"absolute_dates_time":{"created":"Posted on 13 de December, 2022 18:36","modified":"Updated on 13 de December, 2022 18:36"},"featured_img_caption":"","featured_img":"https:\/\/castelodesaojorge.pt\/wp-content\/uploads\/2022\/12\/formacao_acessibilidade-topo.jpg","series_order":"","_links":{"self":[{"href":"https:\/\/castelodesaojorge.pt\/en\/wp-json\/wp\/v2\/pages\/7257","targetHints":{"allow":["GET"]}}],"collection":[{"href":"https:\/\/castelodesaojorge.pt\/en\/wp-json\/wp\/v2\/pages"}],"about":[{"href":"https:\/\/castelodesaojorge.pt\/en\/wp-json\/wp\/v2\/types\/page"}],"author":[{"embeddable":true,"href":"https:\/\/castelodesaojorge.pt\/en\/wp-json\/wp\/v2\/users\/7"}],"replies":[{"embeddable":true,"href":"https:\/\/castelodesaojorge.pt\/en\/wp-json\/wp\/v2\/comments?post=7257"}],"version-history":[{"count":0,"href":"https:\/\/castelodesaojorge.pt\/en\/wp-json\/wp\/v2\/pages\/7257\/revisions"}],"up":[{"embeddable":true,"href":"https:\/\/castelodesaojorge.pt\/en\/wp-json\/wp\/v2\/pages\/7223"}],"wp:featuredmedia":[{"embeddable":true,"href":"https:\/\/castelodesaojorge.pt\/en\/wp-json\/wp\/v2\/media\/4788"}],"wp:attachment":[{"href":"https:\/\/castelodesaojorge.pt\/en\/wp-json\/wp\/v2\/media?parent=7257"}],"curies":[{"name":"wp","href":"https:\/\/api.w.org\/{rel}","templated":true}]}}